{"id":33995,"date":"2025-04-15T15:57:09","date_gmt":"2025-04-15T15:57:09","guid":{"rendered":"https:\/\/purama.lt\/produktas\/le-kku-cbd-sampunas\/"},"modified":"2026-04-14T09:41:59","modified_gmt":"2026-04-14T07:41:59","slug":"le-kku-cbd-sampunas","status":"publish","type":"product","link":"https:\/\/purama.lt\/fi\/produktas\/le-kku-cbd-sampunas\/","title":{"rendered":"LE-KKU CBD shampoo"},"content":{"rendered":"<p><strong>K\u00e4ytt\u00f6:<\/strong><br>\u00c4rsyt\u00e4 hiuksiasi l\u00e4mpim\u00e4ll\u00e4 vedell\u00e4. Purista pieni m\u00e4\u00e4r\u00e4 shampoota k\u00e4mmenelle ja hiero sit\u00e4 p\u00e4\u00e4nahkaan, kunnes se vaahtoaa. Levit\u00e4 tasaisesti koko hiusten pituuteen. Huuhtele huolellisesti. K\u00e4yt\u00e4 s\u00e4\u00e4nn\u00f6llisesti yhdess\u00e4 CBD-hoitoaineen kanssa parhaiden tulosten saavuttamiseksi.<\/p>\n\n\n\n<p><strong>Ainesosat:<\/strong><br>Aqua, Cocamidopropyl Betaine, Sodium Coco-Sulphate, Pentylene Glycol, Polyglyceryl-3 Caprate, Glyceryl Oleate, Coco-glucoside, PCA Glyceryl Oleate, Cannabidiol - johdettu kannabiksen uutteesta tai tinktuurasta tai hartsista, Propyleeniglykoli, Natriumfytaatti, Parfum, Vehn\u00e4proteiini, Hippophae Rhamnoides -hedelm\u00e4uute, Hydrolysoitu silkki, Maitohappo, Limoneeni, Linalool.<\/p>","protected":false},"excerpt":{"rendered":"<p class=\"\" data-start=\"0\" data-end=\"70\"><strong data-start=\"0\" data-end=\"70\">LE-KKU CBD Shampoo - puhtaat, vahvat ja elinvoimaiset hiukset joka p\u00e4iv\u00e4.\u00a0<\/strong>Tutustu hiustenhoidon luonnolliseen voimaan<strong> LE-KKU CBD<\/strong> 750 mg CBD:t\u00e4, silkkiproteiineja ja tyrniuutetta sis\u00e4lt\u00e4v\u00e4 shampoo. T\u00e4m\u00e4 hell\u00e4varainen mutta tehokas shampoo puhdistaa syv\u00e4sti p\u00e4\u00e4nahan ja hiukset h\u00e4iritsem\u00e4tt\u00e4 niiden luonnollista tasapainoa. CBD auttaa rauhoittamaan \u00e4rtynytt\u00e4 ihoa, kun taas silkkiproteiinit ja tyrni tekev\u00e4t hiuksista pehme\u00e4t, kiilt\u00e4v\u00e4t ja kimmoisat. Sopii p\u00e4ivitt\u00e4iseen k\u00e4ytt\u00f6\u00f6n kaikille hiustyypeille - erityisesti herk\u00e4lle ja kuivalle p\u00e4\u00e4nahalle.<\/p>\n<p class=\"\" data-start=\"531\" data-end=\"914\"><strong data-start=\"531\" data-end=\"574\">Miksi valita LE-KKU CBD shampoo?<\/strong><br data-start=\"574\" data-end=\"577\" \/>\u2714\ufe0f 750 mg CBD - p\u00e4\u00e4nahan rauhoittamiseen ja hiusten vahvistamiseen.<br data-start=\"636\" data-end=\"639\" \/>\u2714\ufe0f Silkkiproteiinit - pehmeytt\u00e4 ja luonnollista kiiltoa.<br data-start=\"698\" data-end=\"701\" \/>\u2714\ufe0f Tyrniuute - intensiivist\u00e4 ravintoa ja suojaa.<br data-start=\"761\" data-end=\"764\" \/>\u2714\ufe0f Ilman aggressiivisia sulfaatteja - hell\u00e4varainen, luonnollinen koostumus jokap\u00e4iv\u00e4iseen k\u00e4ytt\u00f6\u00f6n.<br data-start=\"824\" data-end=\"827\" \/>\u2714\ufe0f Sopii kaikille hiustyypeille, my\u00f6s v\u00e4rj\u00e4tyille hiuksille.<br data-start=\"873\" data-end=\"876\" \/>\u2714\ufe0f Turvallinen k\u00e4ytett\u00e4v\u00e4ksi herk\u00e4lle p\u00e4\u00e4nahalle.<\/p>","protected":false},"featured_media":34041,"comment_status":"open","ping_status":"closed","template":"","meta":{"_acf_changed":false},"product_brand":[435],"product_cat":[92,304,307],"product_tag":[],"class_list":{"0":"post-33995","1":"product","2":"type-product","3":"status-publish","4":"has-post-thumbnail","6":"product_brand-le-kku","7":"product_cat-groziui","8":"product_cat-plaukams","9":"product_cat-plauku-sampunai","11":"first","12":"instock","13":"shipping-taxable","14":"purchasable","15":"product-type-simple"},"acf":[],"tiered_pricing_type":"fixed","tiered_pricing_fixed_rules":[],"tiered_pricing_product_settings":{"layout":"default","base_unit_name":{"singular":null,"plural":null},"default_variation":null},"tiered_pricing_minimum_quantity":null,"tiered_pricing_roles_data":[],"tiered_pricing_percentage_rules":[],"_links":{"self":[{"href":"https:\/\/purama.lt\/fi\/wp-json\/wp\/v2\/product\/33995","targetHints":{"allow":["GET"]}}],"collection":[{"href":"https:\/\/purama.lt\/fi\/wp-json\/wp\/v2\/product"}],"about":[{"href":"https:\/\/purama.lt\/fi\/wp-json\/wp\/v2\/types\/product"}],"replies":[{"embeddable":true,"href":"https:\/\/purama.lt\/fi\/wp-json\/wp\/v2\/comments?post=33995"}],"wp:featuredmedia":[{"embeddable":true,"href":"https:\/\/purama.lt\/fi\/wp-json\/wp\/v2\/media\/34041"}],"wp:attachment":[{"href":"https:\/\/purama.lt\/fi\/wp-json\/wp\/v2\/media?parent=33995"}],"wp:term":[{"taxonomy":"product_brand","embeddable":true,"href":"https:\/\/purama.lt\/fi\/wp-json\/wp\/v2\/product_brand?post=33995"},{"taxonomy":"product_cat","embeddable":true,"href":"https:\/\/purama.lt\/fi\/wp-json\/wp\/v2\/product_cat?post=33995"},{"taxonomy":"product_tag","embeddable":true,"href":"https:\/\/purama.lt\/fi\/wp-json\/wp\/v2\/product_tag?post=33995"}],"curies":[{"name":"wp","href":"https:\/\/api.w.org\/{rel}","templated":true}]}}