{"id":33994,"date":"2025-04-15T15:57:08","date_gmt":"2025-04-15T15:57:08","guid":{"rendered":"https:\/\/purama.lt\/produktas\/le-kku-cbd-veido-sveitiklis\/"},"modified":"2026-04-10T13:03:28","modified_gmt":"2026-04-10T11:03:28","slug":"le-kku-cbd-kasvojen-parantaja","status":"publish","type":"product","link":"https:\/\/purama.lt\/fi\/produktas\/le-kku-cbd-veido-sveitiklis\/","title":{"rendered":"LE-KKU CBD kasvojen kuorinta"},"content":{"rendered":"<p><strong>K\u00e4ytt\u00f6:<\/strong><br>Kostuta kasvot ja kaula l\u00e4mpim\u00e4ll\u00e4 vedell\u00e4. Hiero pieni m\u00e4\u00e4r\u00e4 kuorintaa py\u00f6rivin liikkein erityisesti nen\u00e4n, otsan ja leuan alueelle. Huuhtele huolellisesti l\u00e4mpim\u00e4ll\u00e4 vedell\u00e4. K\u00e4yt\u00e4 1 kerran viikossa. V\u00e4lt\u00e4 kosketusta silmiin.<\/p>\n\n\n\n<p><strong>Ainesosat:<\/strong><br>Kapryyli\/kapriinitriglyseridi, glyseriini, Aqua, vulkaaninen hiekka, Quillaja Saponaria -puuuuteuute, kannabidioli - per\u00e4isin kannabiksen uutteesta, tinktuurasta tai hartsista, parfum, Saponaria Officinalis -lehti\/juuriuute, limoneeni, linalooli.<\/p>","protected":false},"excerpt":{"rendered":"<p class=\"\" data-start=\"0\" data-end=\"68\"><strong data-start=\"0\" data-end=\"68\">LE-KKU CBD Facial Scrub - luonnollinen salaisuus hehkuvaan ihoon, <\/strong>on syv\u00e4puhdistava ja ihoa elvytt\u00e4v\u00e4 hoito, joka on suunniteltu poistamaan tehokkaasti kuollutta ihosolukkoa ja palauttamaan ihon s\u00e4vy ja hehku. Se sis\u00e4lt\u00e4\u00e4 500 mg CBD:t\u00e4 yhdistettyn\u00e4 vulkaaniseen hiekkaan ja luonnollisiin kasviuutteisiin. Se kuorii, kosteuttaa ja hoitaa ihoa hell\u00e4varaisesti ja auttaa saamaan ihosta sile\u00e4mm\u00e4n, tasaisemman ja hele\u00e4mm\u00e4n. T\u00e4ydellinen valinta niille, jotka haluavat hell\u00e4varaisen mutta tehokkaan kuorinnan ilman \u00e4rsytyst\u00e4 - sopii kaikille ihotyypeille, my\u00f6s herk\u00e4lle iholle.<\/p>\n<p class=\"\" data-start=\"572\" data-end=\"938\"><strong data-start=\"572\" data-end=\"623\">Miksi valita LE-KKU CBD kasvojen kuorinta?<\/strong><br data-start=\"623\" data-end=\"626\" \/>\u2714\ufe0f 500 mg CBD - ihon tasapainottamiseen ja rauhoittamiseen.<br data-start=\"677\" data-end=\"680\" \/>\u2714\ufe0f Vulkaaninen hiekka - tehokas mutta hell\u00e4varainen kuorintahiekka<br data-start=\"735\" data-end=\"738\" \/>\u2714\ufe0f Poistaa kuolleet ihosolut ja edist\u00e4\u00e4 uudistumista.<br data-start=\"795\" data-end=\"798\" data-is-only-node=\"\" \/>\u2714\ufe0f Tonisoi, kosteuttaa ja virkist\u00e4\u00e4 v\u00e4synytt\u00e4 ihoa.<br data-start=\"847\" data-end=\"850\" \/>\u2714\ufe0f Antaa tasaisen ja hele\u00e4n vaikutelman.<br data-start=\"890\" data-end=\"893\" \/>\u2714\ufe0f 100 % Luonnollista alkuper\u00e4\u00e4 olevat ainesosat<\/p>","protected":false},"featured_media":34039,"comment_status":"open","ping_status":"closed","template":"","meta":{"_acf_changed":false},"product_brand":[435],"product_cat":[92,150,59],"product_tag":[],"class_list":{"0":"post-33994","1":"product","2":"type-product","3":"status-publish","4":"has-post-thumbnail","6":"product_brand-le-kku","7":"product_cat-groziui","8":"product_cat-veido-prausikliai","9":"product_cat-veidui","11":"first","12":"instock","13":"shipping-taxable","14":"purchasable","15":"product-type-simple"},"acf":[],"tiered_pricing_type":"fixed","tiered_pricing_fixed_rules":[],"tiered_pricing_product_settings":{"layout":"default","base_unit_name":{"singular":null,"plural":null},"default_variation":null},"tiered_pricing_minimum_quantity":null,"tiered_pricing_roles_data":[],"tiered_pricing_percentage_rules":[],"_links":{"self":[{"href":"https:\/\/purama.lt\/fi\/wp-json\/wp\/v2\/product\/33994","targetHints":{"allow":["GET"]}}],"collection":[{"href":"https:\/\/purama.lt\/fi\/wp-json\/wp\/v2\/product"}],"about":[{"href":"https:\/\/purama.lt\/fi\/wp-json\/wp\/v2\/types\/product"}],"replies":[{"embeddable":true,"href":"https:\/\/purama.lt\/fi\/wp-json\/wp\/v2\/comments?post=33994"}],"wp:featuredmedia":[{"embeddable":true,"href":"https:\/\/purama.lt\/fi\/wp-json\/wp\/v2\/media\/34039"}],"wp:attachment":[{"href":"https:\/\/purama.lt\/fi\/wp-json\/wp\/v2\/media?parent=33994"}],"wp:term":[{"taxonomy":"product_brand","embeddable":true,"href":"https:\/\/purama.lt\/fi\/wp-json\/wp\/v2\/product_brand?post=33994"},{"taxonomy":"product_cat","embeddable":true,"href":"https:\/\/purama.lt\/fi\/wp-json\/wp\/v2\/product_cat?post=33994"},{"taxonomy":"product_tag","embeddable":true,"href":"https:\/\/purama.lt\/fi\/wp-json\/wp\/v2\/product_tag?post=33994"}],"curies":[{"name":"wp","href":"https:\/\/api.w.org\/{rel}","templated":true}]}}