{"id":33993,"date":"2025-04-15T15:57:08","date_gmt":"2025-04-15T15:57:08","guid":{"rendered":"https:\/\/purama.lt\/produktas\/le-kku-cbd-kuno-losjonas\/"},"modified":"2025-11-12T09:27:34","modified_gmt":"2025-11-12T07:27:34","slug":"le-kku-cbd-vartalovoide","status":"publish","type":"product","link":"https:\/\/purama.lt\/fi\/produktas\/le-kku-cbd-kuno-losjonas\/","title":{"rendered":"LE-KKU CBD vartalovoide"},"content":{"rendered":"<p><strong>K\u00e4ytt\u00f6:<\/strong><br>Levit\u00e4 pieni m\u00e4\u00e4r\u00e4 voidetta puhtaalle, kuivalle iholle ja hiero kevyesti. Voidaan k\u00e4ytt\u00e4\u00e4 jokaisen pesun j\u00e4lkeen tai tarpeen mukaan p\u00e4iv\u00e4n aikana. S\u00e4ilyt\u00e4 viile\u00e4ss\u00e4, kuivassa paikassa, suojattuna suoralta auringonvalolta.<\/p>\n\n\n\n<p><strong>Ainesosat:<\/strong><br>Aqua, Aloe Barbadensis -lehtimehu, **Cocos Nucifera -\u00f6ljy, glyseriini, Cannabis Sativa -siemen\u00f6ljy, pentylene glycol, **Prunus Amygdalus Dulcis -\u00f6ljy, **Butyrospermum Parkii -voi, Cetearyl Alcohol, Glyceryl Stearate, Glyseryylisitraatti\/laktaatti\/linoleaatti\/oleaatti, Tokoferoli, **Hippophae Rhamnoides -hedelm\u00e4\u00f6ljy, kannabidioli - johdettu kannabiksen uutteesta tai tinktuurasta tai hartsista, Parfum, ksantaanikumi, sitruunahappo, *Geranyyliasetaatti, beeta-karyofylyleeni, vanilliini.<br>* Eteerisiss\u00e4 \u00f6ljyiss\u00e4 luonnostaan<br>** Orgaaninen ainesosa<\/p>","protected":false},"excerpt":{"rendered":"<p class=\"\" data-start=\"115\" data-end=\"202\"><strong data-start=\"115\" data-end=\"202\">LE-KKU CBD Body Lotion - p\u00e4ivitt\u00e4inen ihonhoito, jossa on intensiivist\u00e4 kosteutta ja mukavuutta. <\/strong>Tutustu syv\u00e4\u00e4n kosteutukseen ja mukavuuteen <strong>LE-KKU CBD<\/strong> Vartalovoide, jossa on jopa 900 mg CBD:t\u00e4. T\u00e4m\u00e4 kevyt koostumusvoide imeytyy nopeasti ihoon j\u00e4tt\u00e4m\u00e4tt\u00e4 rasvaista tai tahmeaa tunnetta, ja se sopii p\u00e4ivitt\u00e4iseen k\u00e4ytt\u00f6\u00f6n my\u00f6s herk\u00e4lle iholle. Voide on suunniteltu poistamaan ep\u00e4mukavuutta suihkun j\u00e4lkeen, erityisesti kovalle vedelle altistumisen j\u00e4lkeen, ja se auttaa yll\u00e4pit\u00e4m\u00e4\u00e4n ihon kosteustasapainoa, kimmoisuutta ja pehmeytt\u00e4. Luonnolliset \u00f6ljyt, voiteet ja kasviuutteet ravitsevat, uudistavat ja suojaavat ihoa ulkoisilta \u00e4rsytt\u00e4vilt\u00e4 tekij\u00f6ilt\u00e4, kun taas CBD edist\u00e4\u00e4 ihon luonnollista palautumista.<\/p>\n<p class=\"\" data-start=\"784\" data-end=\"1131\"><strong data-start=\"784\" data-end=\"834\">Miksi kokeilla LE-KKU CBD vartalovoidetta?<\/strong><br data-start=\"834\" data-end=\"837\" \/>\u2714\ufe0f 900 mg CBD - ihon tasapainottamiseen ja rauhoittaviin vaikutuksiin.<br data-start=\"901\" data-end=\"904\" \/>\u2714\ufe0f Ei \u00e4rsyt\u00e4 ihoa - imeytyy nopeasti, ei j\u00e4t\u00e4 rasvaista j\u00e4lke\u00e4.<br data-start=\"962\" data-end=\"965\" \/>\u2714\ufe0f Kosteuttaa ja s\u00e4vytt\u00e4\u00e4 aktiivisesti.<br data-start=\"997\" data-end=\"1000\" \/>\u2714\ufe0f V\u00e4hent\u00e4\u00e4 kuivuutta ja j\u00e4nnityst\u00e4 pesun j\u00e4lkeen.<br data-start=\"1049\" data-end=\"1052\" \/>\u2714\ufe0f Edist\u00e4\u00e4 ihon kimmoisuutta ja pehmeytt\u00e4.<br data-start=\"1091\" data-end=\"1094\" \/>\u2714\ufe0f 99 % Luonnollista alkuper\u00e4\u00e4 olevat ainesosat<\/p>","protected":false},"featured_media":34047,"comment_status":"open","ping_status":"closed","template":"","meta":{"_acf_changed":false},"product_brand":[435],"product_cat":[92,301,300],"product_tag":[],"class_list":{"0":"post-33993","1":"product","2":"type-product","3":"status-publish","4":"has-post-thumbnail","6":"product_brand-le-kku","7":"product_cat-groziui","8":"product_cat-kuno-kremai","9":"product_cat-kunui","11":"first","12":"instock","13":"shipping-taxable","14":"purchasable","15":"product-type-simple"},"acf":[],"tiered_pricing_type":"fixed","tiered_pricing_fixed_rules":[],"tiered_pricing_product_settings":{"layout":"default","base_unit_name":{"singular":null,"plural":null},"default_variation":null},"tiered_pricing_minimum_quantity":null,"tiered_pricing_roles_data":[],"tiered_pricing_percentage_rules":[],"_links":{"self":[{"href":"https:\/\/purama.lt\/fi\/wp-json\/wp\/v2\/product\/33993","targetHints":{"allow":["GET"]}}],"collection":[{"href":"https:\/\/purama.lt\/fi\/wp-json\/wp\/v2\/product"}],"about":[{"href":"https:\/\/purama.lt\/fi\/wp-json\/wp\/v2\/types\/product"}],"replies":[{"embeddable":true,"href":"https:\/\/purama.lt\/fi\/wp-json\/wp\/v2\/comments?post=33993"}],"wp:featuredmedia":[{"embeddable":true,"href":"https:\/\/purama.lt\/fi\/wp-json\/wp\/v2\/media\/34047"}],"wp:attachment":[{"href":"https:\/\/purama.lt\/fi\/wp-json\/wp\/v2\/media?parent=33993"}],"wp:term":[{"taxonomy":"product_brand","embeddable":true,"href":"https:\/\/purama.lt\/fi\/wp-json\/wp\/v2\/product_brand?post=33993"},{"taxonomy":"product_cat","embeddable":true,"href":"https:\/\/purama.lt\/fi\/wp-json\/wp\/v2\/product_cat?post=33993"},{"taxonomy":"product_tag","embeddable":true,"href":"https:\/\/purama.lt\/fi\/wp-json\/wp\/v2\/product_tag?post=33993"}],"curies":[{"name":"wp","href":"https:\/\/api.w.org\/{rel}","templated":true}]}}