{"id":33992,"date":"2025-04-15T15:57:08","date_gmt":"2025-04-15T15:57:08","guid":{"rendered":"https:\/\/purama.lt\/produktas\/le-kku-cbd-dieninis-veido-kremas\/"},"modified":"2026-04-10T13:03:28","modified_gmt":"2026-04-10T11:03:28","slug":"le-kku-cbd-paiva-kasvovoide","status":"publish","type":"product","link":"https:\/\/purama.lt\/fi\/produktas\/le-kku-cbd-dieninis-veido-kremas\/","title":{"rendered":"LE-KKU CBD kasvovoide"},"content":{"rendered":"<p><strong>K\u00e4ytt\u00f6:<\/strong><br>Levit\u00e4 puhtaalle iholle aamulla. Hiero kevyesti, kunnes voide on imeytynyt kokonaan. V\u00e4lt\u00e4 silm\u00e4nymp\u00e4rysihoa. S\u00e4ilyt\u00e4 viile\u00e4ss\u00e4, kuivassa paikassa, suojattuna suoralta auringonvalolta.<\/p>\n\n\n\n<p><strong>Koostumus:<\/strong><br>Aqua, Aloe Barbadensis -lehtimehu, Butyrospermum Parkii -voi, glyseryylistearaatti, glyseriini, kapryyli\/kapriinitriglyseridi, setearyylialkoholi, Simmondsia Chinensis -siemen\u00f6ljy, skvalaani, Carthamus Tinctorius -siemen\u00f6ljy, glyseryylisitraatti\/laktaatti\/linoleaatti\/oleaatti, <em>Kannabidioli<\/em> (hamppuuutteesta, tinktuurasta tai hartsista), tokoferoli, natriumhyaluronaatti, natriumbentsoaatti, kaliumsorbaatti, ksantaanikumi, sitruunahappo.<\/p>","protected":false},"excerpt":{"rendered":"<p data-start=\"144\" data-end=\"237\"><strong>LE-KKU CBD Day Face Cream - 300 mg CBD:t\u00e4 sis\u00e4lt\u00e4v\u00e4 p\u00e4ivitt\u00e4isen ihonhoidon vallankumous.<\/strong>. Aloita p\u00e4iv\u00e4si ihonhoitotuotteella, joka ei toimi vain pinnalla vaan my\u00f6s syv\u00e4ll\u00e4 ihon sis\u00e4ll\u00e4. LE-KKU CBD -p\u00e4iv\u00e4voide on edistyksellinen koostumus, jossa on 300 mg kannabidiolia (CBD), joka on suunniteltu iholle, joka ansaitsee parasta. Intensiivisen kosteutuksen lis\u00e4ksi t\u00e4m\u00e4 voide rauhoittaa, uudistaa ja virkist\u00e4\u00e4 ihoa, auttaen sit\u00e4 n\u00e4ytt\u00e4m\u00e4\u00e4n terveelt\u00e4, s\u00e4teilev\u00e4lt\u00e4 ja elinvoimaiselta joka p\u00e4iv\u00e4. Yhdistetty <strong data-start=\"651\" data-end=\"691\">99,3 % Luonnollista alkuper\u00e4\u00e4 olevat ainesosat<\/strong> Tieteellisesti todistettujen aktiivisten ainesosien ansiosta voiteella on poikkeuksellinen vaikutus - p\u00e4ivitt\u00e4inen l\u00e4\u00e4kkeesi stressaantuneelle, v\u00e4syneelle tai rasittuneelle iholle. <strong data-start=\"871\" data-end=\"878\">CBD<\/strong> Se on tunnettu rauhoittavista ja antioksidanttisista ominaisuuksistaan ja sopii erinomaisesti herk\u00e4lle ja kuivalle iholle. <\/p>\n<p><strong data-start=\"1235\" data-end=\"1259\">Miksi valita?<br \/><\/strong>\u2714\ufe0f Sis\u00e4lt\u00e4\u00e4 300 mg CBD:t\u00e4 - luonnollinen apu herk\u00e4lle iholle.<br data-start=\"1316\" data-end=\"1319\" \/>\u2714\ufe0f Jopa 99.3 % luonnollista alkuper\u00e4\u00e4 olevat ainesosat<br data-start=\"1362\" data-end=\"1365\" \/>\u2714\ufe0f Rauhoittaa, elvytt\u00e4\u00e4, virkist\u00e4\u00e4 ja vahvistaa ihoestett\u00e4.<br data-start=\"1421\" data-end=\"1424\" \/>\u2714\ufe0f Soveltuu kaikille ihotyypeille, my\u00f6s herk\u00e4lle<br data-start=\"1471\" data-end=\"1474\" \/>\u2714\ufe0f Imeytyy nopeasti eik\u00e4 j\u00e4t\u00e4 rasvaista tunnetta.<br data-start=\"1520\" data-end=\"1523\" \/>\u2714\ufe0f Ihanteellinen p\u00e4ivitt\u00e4inen hoito stressaantuneelle iholle ja ymp\u00e4rist\u00f6n stressitekij\u00f6ille.<\/p>","protected":false},"featured_media":34051,"comment_status":"open","ping_status":"closed","template":"","meta":{"_acf_changed":false},"product_brand":[435],"product_cat":[92,55,59],"product_tag":[],"class_list":{"0":"post-33992","1":"product","2":"type-product","3":"status-publish","4":"has-post-thumbnail","6":"product_brand-le-kku","7":"product_cat-groziui","8":"product_cat-veido-kremai","9":"product_cat-veidui","11":"first","12":"instock","13":"shipping-taxable","14":"purchasable","15":"product-type-simple"},"acf":[],"tiered_pricing_type":"fixed","tiered_pricing_fixed_rules":[],"tiered_pricing_product_settings":{"layout":"default","base_unit_name":{"singular":null,"plural":null},"default_variation":null},"tiered_pricing_minimum_quantity":null,"tiered_pricing_roles_data":[],"tiered_pricing_percentage_rules":[],"_links":{"self":[{"href":"https:\/\/purama.lt\/fi\/wp-json\/wp\/v2\/product\/33992","targetHints":{"allow":["GET"]}}],"collection":[{"href":"https:\/\/purama.lt\/fi\/wp-json\/wp\/v2\/product"}],"about":[{"href":"https:\/\/purama.lt\/fi\/wp-json\/wp\/v2\/types\/product"}],"replies":[{"embeddable":true,"href":"https:\/\/purama.lt\/fi\/wp-json\/wp\/v2\/comments?post=33992"}],"wp:featuredmedia":[{"embeddable":true,"href":"https:\/\/purama.lt\/fi\/wp-json\/wp\/v2\/media\/34051"}],"wp:attachment":[{"href":"https:\/\/purama.lt\/fi\/wp-json\/wp\/v2\/media?parent=33992"}],"wp:term":[{"taxonomy":"product_brand","embeddable":true,"href":"https:\/\/purama.lt\/fi\/wp-json\/wp\/v2\/product_brand?post=33992"},{"taxonomy":"product_cat","embeddable":true,"href":"https:\/\/purama.lt\/fi\/wp-json\/wp\/v2\/product_cat?post=33992"},{"taxonomy":"product_tag","embeddable":true,"href":"https:\/\/purama.lt\/fi\/wp-json\/wp\/v2\/product_tag?post=33992"}],"curies":[{"name":"wp","href":"https:\/\/api.w.org\/{rel}","templated":true}]}}