{"id":33991,"date":"2025-04-15T15:57:08","date_gmt":"2025-04-15T15:57:08","guid":{"rendered":"https:\/\/purama.lt\/produktas\/le-kku-cbd-naktinis-veido-kremas\/"},"modified":"2026-04-10T13:03:27","modified_gmt":"2026-04-10T11:03:27","slug":"le-kku-cbd-yo-kasvovoide","status":"publish","type":"product","link":"https:\/\/purama.lt\/fi\/produktas\/le-kku-cbd-naktinis-veido-kremas\/","title":{"rendered":"LE-KKU CBD y\u00f6n kasvovoide"},"content":{"rendered":"<p><strong>K\u00e4ytt\u00f6:<\/strong><br>Levit\u00e4 pieni m\u00e4\u00e4r\u00e4 voidetta puhtaalle iholle illalla. Hiero kevyesti, kunnes iho on t\u00e4ysin imeytynyt. V\u00e4lt\u00e4 silm\u00e4nymp\u00e4rysihoa. S\u00e4ilyt\u00e4 viile\u00e4ss\u00e4, kuivassa paikassa, suojattuna suoralta auringonvalolta. Ihon herkkyystesti\u00e4 suositellaan ennen k\u00e4ytt\u00f6\u00e4.<\/p>\n\n\n\n<p><strong>Koostumus:<\/strong><br>Aqua, Butyrospermum Parkii -voi, skvalaani, glyseryylistearaatti, Aloe Barbadensis -lehtimehu, glyseriini, glyseryylisitraatti\/laktaatti\/linoleaatti\/oleaatti, Simmondsia Chinensis -siemen\u00f6ljy, setearyylialkoholi, <em>Kannabidioli<\/em> (hamppuuutteesta, tinktuurasta tai hartsista), Cannabis Sativa Seed Oil, tokoferoli, natriumhyaluronaatti, natriumbentsoaatti, natriumsorbaatti, kaliumsorbaatti, ksantaanikumi, sitruunahappo.<\/p>","protected":false},"excerpt":{"rendered":"<p><strong>LE-KKU CBD Night Facial Cream - intensiivinen ihon uudistaminen 300 mg CBD:ll\u00e4.<\/strong> Anna ihosi palautua y\u00f6n aikana<strong> LE-KKU CBD<\/strong> Y\u00f6voide, joka on rikastettu 300 mg kannabidiolilla (CBD) ja 99:ll\u00e4 luonnollista alkuper\u00e4\u00e4 olevalla %-ainesosalla. Kosteuttavan ja rauhoittavan vaikutuksen lis\u00e4ksi t\u00e4m\u00e4 voide uudistaa, kiinteytt\u00e4\u00e4 ja nuorentaa ihoa aktiivisesti - joten her\u00e4\u00e4t terveell\u00e4, hehkuvalla ja elinvoimaisella iholla. Sen t\u00e4ytel\u00e4inen, mutta nopeasti imeytyv\u00e4 koostumus. <strong>ravitsee ihoa syv\u00e4sti auttaen palauttamaan sen luonnollisen kimmoisuuden ja vahvistamaan sen suojaverkkoa.<\/strong>. CBD yhdess\u00e4 hampunsiemen\u00f6ljyn, skvalaanin ja luonnollisten kosteusvoiteiden kanssa yll\u00e4pit\u00e4\u00e4 intensiivisesti ihon tasapainoa ja suojaa sit\u00e4 kuivuuden ja stressin vaikutuksilta. Ihanteellinen p\u00e4ivitt\u00e4iseen iltarutiiniin - ihon rauhallinen y\u00f6llinen uudistuminen.<\/p>\n<p data-start=\"1011\" data-end=\"1039\"><strong data-start=\"1015\" data-end=\"1039\">Miksi valita?<br \/><\/strong>\u2714\ufe0f Sis\u00e4lt\u00e4\u00e4 300 mg CBD:t\u00e4 - syv\u00e4sti rauhoittava ja palauttava vaikutus.<br data-start=\"1101\" data-end=\"1104\" \/>\u2714\ufe0f Net 99 % luonnollista alkuper\u00e4\u00e4 olevat ainesosat<br data-start=\"1145\" data-end=\"1148\" \/>\u2714\ufe0f Edist\u00e4\u00e4 ihon uudistumista unen aikana<br data-start=\"1187\" data-end=\"1190\" \/>\u2714\ufe0f Syv\u00e4kosteuttaa ja palauttaa ihon kimmoisuuden.<br data-start=\"1235\" data-end=\"1238\" \/>\u2714\ufe0f Kiinteytt\u00e4\u00e4 ja nuorentaa ihoa.<br data-start=\"1281\" data-end=\"1284\" \/>\u2714\ufe0f Sopii kaikille ihotyypeille, my\u00f6s herk\u00e4lle iholle.<\/p>","protected":false},"featured_media":34044,"comment_status":"open","ping_status":"closed","template":"","meta":{"_acf_changed":false},"product_brand":[435],"product_cat":[55,92,59],"product_tag":[],"class_list":{"0":"post-33991","1":"product","2":"type-product","3":"status-publish","4":"has-post-thumbnail","6":"product_brand-le-kku","7":"product_cat-veido-kremai","8":"product_cat-groziui","9":"product_cat-veidui","11":"first","12":"instock","13":"shipping-taxable","14":"purchasable","15":"product-type-simple"},"acf":[],"tiered_pricing_type":"fixed","tiered_pricing_fixed_rules":[],"tiered_pricing_product_settings":{"layout":"default","base_unit_name":{"singular":null,"plural":null},"default_variation":null},"tiered_pricing_minimum_quantity":null,"tiered_pricing_roles_data":[],"tiered_pricing_percentage_rules":[],"_links":{"self":[{"href":"https:\/\/purama.lt\/fi\/wp-json\/wp\/v2\/product\/33991","targetHints":{"allow":["GET"]}}],"collection":[{"href":"https:\/\/purama.lt\/fi\/wp-json\/wp\/v2\/product"}],"about":[{"href":"https:\/\/purama.lt\/fi\/wp-json\/wp\/v2\/types\/product"}],"replies":[{"embeddable":true,"href":"https:\/\/purama.lt\/fi\/wp-json\/wp\/v2\/comments?post=33991"}],"wp:featuredmedia":[{"embeddable":true,"href":"https:\/\/purama.lt\/fi\/wp-json\/wp\/v2\/media\/34044"}],"wp:attachment":[{"href":"https:\/\/purama.lt\/fi\/wp-json\/wp\/v2\/media?parent=33991"}],"wp:term":[{"taxonomy":"product_brand","embeddable":true,"href":"https:\/\/purama.lt\/fi\/wp-json\/wp\/v2\/product_brand?post=33991"},{"taxonomy":"product_cat","embeddable":true,"href":"https:\/\/purama.lt\/fi\/wp-json\/wp\/v2\/product_cat?post=33991"},{"taxonomy":"product_tag","embeddable":true,"href":"https:\/\/purama.lt\/fi\/wp-json\/wp\/v2\/product_tag?post=33991"}],"curies":[{"name":"wp","href":"https:\/\/api.w.org\/{rel}","templated":true}]}}