{"id":33989,"date":"2025-04-15T15:57:07","date_gmt":"2025-04-15T15:57:07","guid":{"rendered":"https:\/\/purama.lt\/produktas\/le-kku-cbd-lupu-balzamas\/"},"modified":"2025-11-12T09:28:02","modified_gmt":"2025-11-12T07:28:02","slug":"le-kku-cbd-lupus-balsami","status":"publish","type":"product","link":"https:\/\/purama.lt\/fi\/produktas\/le-kku-cbd-lupu-balzamas\/","title":{"rendered":"LE-KKU CBD huulirasva"},"content":{"rendered":"<p><strong>K\u00e4ytt\u00f6:<\/strong><br>Levit\u00e4 huulille oikea m\u00e4\u00e4r\u00e4 voidetta tarpeen mukaan. S\u00e4ilyt\u00e4 viile\u00e4ss\u00e4, kuivassa ja auringonvalolta suojatussa paikassa.<\/p>\n\n\n\n<p><strong>Koostumus:<\/strong><br>Mehil\u00e4isvaha, Cannabis Sativa siemen\u00f6ljy, Cocos Nucifera \u00f6ljy, Theobroma Cacao siemenvoi, Ricinus Communis siemen\u00f6ljy, Simmondsia Chinensis siemen\u00f6ljy, Hippophae Rhamnoides hedelm\u00e4uute, Litsea Cubeba hedelm\u00e4\u00f6ljy, <em>Kannabidioli<\/em> (hamppuuutteesta, tinktuurasta tai hartsista), Tokoferoli, *Limoneeni, *Linalool, *Sitronelloli, *Sitraali, *Geranioli (*luontaisesti eteerisiss\u00e4 \u00f6ljyiss\u00e4).<\/p>","protected":false},"excerpt":{"rendered":"<p data-start=\"149\" data-end=\"226\"><strong data-start=\"153\" data-end=\"226\">LE-KKU CBD huulirasva - 60 mg CBD, intensiivist\u00e4 suojaa ja kosteutusta. <\/strong>Huolehdi huuliasi luonnollisesti ja tehokkaasti seuraavilla tuotteilla. <strong data-start=\"280\" data-end=\"307\">LE-KKU CBD-huulirasva<\/strong>, joka ravitsee, rauhoittaa ja suojaa kuivimpia huulia. Sis\u00e4lt\u00e4\u00e4 - <strong data-start=\"389\" data-end=\"402\">60 mg CBD<\/strong>, <strong data-start=\"404\" data-end=\"444\">100 % Luonnollista alkuper\u00e4\u00e4 olevat ainesosat<\/strong>, E-vitamiinia ja Omega-rasvahappoja, jotka auttavat palauttamaan ja yll\u00e4pit\u00e4m\u00e4\u00e4n terveet huulet kaikissa s\u00e4\u00e4olosuhteissa. Hell\u00e4varainen, paksu koostumus, jossa on mehil\u00e4isvahaa, hampunsiemen-, kookos-, kaakao- ja tyrni\u00f6ljy\u00e4. <strong data-start=\"659\" data-end=\"717\">Tarjoaa pitk\u00e4kestoisen suojan halkeilua ja kuivumista vastaan.<\/strong>, ja rauhoittava vaikutus tuntuu jo ensimm\u00e4isen k\u00e4ytt\u00f6kerran j\u00e4lkeen. T\u00e4ydellinen valinta kaikille, jotka arvostavat luonnollista, turvallista ja tehokasta huultenhoitoa. <\/p>\n<p><strong data-start=\"877\" data-end=\"901\">Miksi valita?<br \/><\/strong>\u2714\ufe0f 60 mg CBD:t\u00e4 - tehokas suojaava ja palauttava vaikutus.<br data-start=\"967\" data-end=\"970\" \/>\u2714\ufe0f 100 % Luonnollista alkuper\u00e4\u00e4 olevat ainesosat<br data-start=\"1009\" data-end=\"1012\" \/>\u2714\ufe0f Syv\u00e4kosteuttaa ja uudistaa huulia.<br data-start=\"1053\" data-end=\"1056\" \/>\u2714\ufe0f Auttaa ehk\u00e4isem\u00e4\u00e4n kuivumista, lohkeilua ja p\u00f6rr\u00f6isyytt\u00e4.<br data-start=\"1110\" data-end=\"1113\" \/>\u2714\ufe0f Parantaa huulten ulkon\u00e4k\u00f6\u00e4 ja kimmoisuutta.<br data-start=\"1157\" data-end=\"1160\" \/>\u2714\ufe0f Rauhoittaa \u00e4rtyneit\u00e4 ja herkki\u00e4 huulia.<br data-start=\"1199\" data-end=\"1202\" \/>\u2714\ufe0f Runsas, mutta ei tahmea koostumus - ihanteellinen jokap\u00e4iv\u00e4iseen k\u00e4ytt\u00f6\u00f6n.<\/p>","protected":false},"featured_media":34045,"comment_status":"open","ping_status":"closed","template":"","meta":{"_acf_changed":false},"product_brand":[435],"product_cat":[92,182,59],"product_tag":[],"class_list":{"0":"post-33989","1":"product","2":"type-product","3":"status-publish","4":"has-post-thumbnail","6":"product_brand-le-kku","7":"product_cat-groziui","8":"product_cat-lupu-kaukes","9":"product_cat-veidui","11":"first","12":"instock","13":"shipping-taxable","14":"purchasable","15":"product-type-simple"},"acf":[],"tiered_pricing_type":"fixed","tiered_pricing_fixed_rules":[],"tiered_pricing_product_settings":{"layout":"default","base_unit_name":{"singular":null,"plural":null},"default_variation":null},"tiered_pricing_minimum_quantity":null,"tiered_pricing_roles_data":[],"tiered_pricing_percentage_rules":[],"_links":{"self":[{"href":"https:\/\/purama.lt\/fi\/wp-json\/wp\/v2\/product\/33989","targetHints":{"allow":["GET"]}}],"collection":[{"href":"https:\/\/purama.lt\/fi\/wp-json\/wp\/v2\/product"}],"about":[{"href":"https:\/\/purama.lt\/fi\/wp-json\/wp\/v2\/types\/product"}],"replies":[{"embeddable":true,"href":"https:\/\/purama.lt\/fi\/wp-json\/wp\/v2\/comments?post=33989"}],"wp:featuredmedia":[{"embeddable":true,"href":"https:\/\/purama.lt\/fi\/wp-json\/wp\/v2\/media\/34045"}],"wp:attachment":[{"href":"https:\/\/purama.lt\/fi\/wp-json\/wp\/v2\/media?parent=33989"}],"wp:term":[{"taxonomy":"product_brand","embeddable":true,"href":"https:\/\/purama.lt\/fi\/wp-json\/wp\/v2\/product_brand?post=33989"},{"taxonomy":"product_cat","embeddable":true,"href":"https:\/\/purama.lt\/fi\/wp-json\/wp\/v2\/product_cat?post=33989"},{"taxonomy":"product_tag","embeddable":true,"href":"https:\/\/purama.lt\/fi\/wp-json\/wp\/v2\/product_tag?post=33989"}],"curies":[{"name":"wp","href":"https:\/\/api.w.org\/{rel}","templated":true}]}}