{"id":33988,"date":"2025-04-15T15:57:07","date_gmt":"2025-04-15T15:57:07","guid":{"rendered":"https:\/\/purama.lt\/produktas\/le-kku-cbd-veido-serumas\/"},"modified":"2026-04-10T13:03:27","modified_gmt":"2026-04-10T11:03:27","slug":"le-kku-cbd-kasvoseerumi","status":"publish","type":"product","link":"https:\/\/purama.lt\/fi\/produktas\/le-kku-cbd-veido-serumas\/","title":{"rendered":"LE-KKU CBD kasvoseerumi"},"content":{"rendered":"<p><strong>K\u00e4ytt\u00f6:<\/strong><br>Levit\u00e4 pieni m\u00e4\u00e4r\u00e4 seerumia puhtaalle iholle ja hiero kevyesti, kunnes se imeytyy kokonaan. Voidaan k\u00e4ytt\u00e4\u00e4 sek\u00e4 kasvoille ett\u00e4 vartalolle. V\u00e4lt\u00e4 kosketusta silmiin. S\u00e4ilyt\u00e4 viile\u00e4ss\u00e4, kuivassa paikassa, poissa suorasta auringonvalosta.<\/p>\n\n\n\n<p><strong>Koostumus:<\/strong><br>Skvalaani, Prunus Amygdalus Dulcis -\u00f6ljy, <em>Kannabidioli<\/em> (hamppuuutteesta, tinktuurasta tai hartsista), Boswellia Carterii -\u00f6ljy, Pelargonium Graveolens -kukka\u00f6ljy, Tocopherol, *Limonene, *Linalool, *Linalool, *Citral, *Geraniol, *Citronellol (*luontaisesti eteerisiss\u00e4 \u00f6ljyiss\u00e4).<\/p>","protected":false},"excerpt":{"rendered":"<p data-start=\"160\" data-end=\"246\"><strong data-start=\"164\" data-end=\"246\">LE-KKU CBD kasvoseerumi - 300 mg CBD:t\u00e4 hehkuvalle, rauhallisemmalle ja kiinte\u00e4mm\u00e4lle iholle.\u00a0<\/strong>Etsitk\u00f6 monipuolista ratkaisua, joka paitsi kosteuttaa my\u00f6s parantaa n\u00e4kyv\u00e4sti ihosi ulkon\u00e4k\u00f6\u00e4? <strong data-start=\"344\" data-end=\"372\">LE-KKU CBD kasvoseerumi<\/strong> kanssa <strong data-start=\"376\" data-end=\"390\">300 mg CBD<\/strong> ja <strong data-start=\"394\" data-end=\"435\">100 % luonnollista alkuper\u00e4\u00e4 olevien ainesosien kanssa<\/strong> - on intensiivisesti vaikuttava tuote, joka on suunniteltu palauttamaan, elvytt\u00e4m\u00e4\u00e4n ja rauhoittamaan kasvojen ja vartalon ihoa. Ainutlaatuinen \u00f6ljyinen koostumus, jossa on <strong data-start=\"574\" data-end=\"586\">squalanu<\/strong>, Makeaa manteli\u00f6ljy\u00e4 ja ylellisi\u00e4 eteerisi\u00e4 \u00f6ljyj\u00e4 sis\u00e4lt\u00e4v\u00e4 voide silottaa, kirkastaa, kosteuttaa ja s\u00e4vytt\u00e4\u00e4 ihoa hell\u00e4varaisesti ja antaa sille pitk\u00e4kestoisen miellytt\u00e4v\u00e4n tunteen. CBD tunnetaan rauhoittavista ja antioksidanttisista ominaisuuksistaan, jotka auttavat rauhoittamaan herkk\u00e4\u00e4 tai \u00e4rtynytt\u00e4 ihoa ja edist\u00e4v\u00e4t ihon kimmoisuutta. T\u00e4ydellinen sek\u00e4 aamu- ett\u00e4 iltarutiineihin - k\u00e4ytett\u00e4v\u00e4ksi yksin\u00e4\u00e4n tai ennen voidetta, kun iho tarvitsee lis\u00e4\u00e4 s\u00e4ihkett\u00e4 ja virkistyst\u00e4.<\/p>\n<p data-start=\"160\" data-end=\"246\"><strong data-start=\"1029\" data-end=\"1053\">Miksi valita?<br \/><\/strong>\u2714\ufe0f Sis\u00e4lt\u00e4\u00e4 300 mg CBD:t\u00e4 - voimakas rauhoittava ja palauttava vaikutus.<br data-start=\"1118\" data-end=\"1121\" \/>\u2714\ufe0f 100 % Luonnollista alkuper\u00e4\u00e4 olevat ainesosat<br data-start=\"1160\" data-end=\"1163\" \/>\u2714\ufe0f Kiinteytt\u00e4\u00e4, kosteuttaa ja kirkastaa ihoa.<br data-start=\"1200\" data-end=\"1203\" \/>\u2714\ufe0f Antaa iholle s\u00e4teilev\u00e4n, raikkaan ja nuorekkaan hehkun.<br data-start=\"1255\" data-end=\"1258\" \/>\u2714\ufe0f Edist\u00e4\u00e4 ihon kimmoisuutta ja sileytt\u00e4.<br data-start=\"1298\" data-end=\"1301\" \/>\u2714\ufe0f S\u00e4vytt\u00e4\u00e4 ja rauhoittaa herkk\u00e4\u00e4 ihoa.<br data-start=\"1335\" data-end=\"1338\" \/>\u2714\ufe0f Sopii sek\u00e4 kasvoille ett\u00e4 vartalolle - p\u00e4iv\u00e4- ja y\u00f6k\u00e4ytt\u00f6\u00f6n.<\/p>","protected":false},"featured_media":34040,"comment_status":"open","ping_status":"closed","template":"","meta":{"_acf_changed":false},"product_brand":[435],"product_cat":[92,56,59],"product_tag":[],"class_list":{"0":"post-33988","1":"product","2":"type-product","3":"status-publish","4":"has-post-thumbnail","6":"product_brand-le-kku","7":"product_cat-groziui","8":"product_cat-veido-serumai","9":"product_cat-veidui","11":"first","12":"instock","13":"shipping-taxable","14":"purchasable","15":"product-type-simple"},"acf":[],"tiered_pricing_type":"fixed","tiered_pricing_fixed_rules":[],"tiered_pricing_product_settings":{"layout":"default","base_unit_name":{"singular":null,"plural":null},"default_variation":null},"tiered_pricing_minimum_quantity":null,"tiered_pricing_roles_data":[],"tiered_pricing_percentage_rules":[],"_links":{"self":[{"href":"https:\/\/purama.lt\/fi\/wp-json\/wp\/v2\/product\/33988","targetHints":{"allow":["GET"]}}],"collection":[{"href":"https:\/\/purama.lt\/fi\/wp-json\/wp\/v2\/product"}],"about":[{"href":"https:\/\/purama.lt\/fi\/wp-json\/wp\/v2\/types\/product"}],"replies":[{"embeddable":true,"href":"https:\/\/purama.lt\/fi\/wp-json\/wp\/v2\/comments?post=33988"}],"wp:featuredmedia":[{"embeddable":true,"href":"https:\/\/purama.lt\/fi\/wp-json\/wp\/v2\/media\/34040"}],"wp:attachment":[{"href":"https:\/\/purama.lt\/fi\/wp-json\/wp\/v2\/media?parent=33988"}],"wp:term":[{"taxonomy":"product_brand","embeddable":true,"href":"https:\/\/purama.lt\/fi\/wp-json\/wp\/v2\/product_brand?post=33988"},{"taxonomy":"product_cat","embeddable":true,"href":"https:\/\/purama.lt\/fi\/wp-json\/wp\/v2\/product_cat?post=33988"},{"taxonomy":"product_tag","embeddable":true,"href":"https:\/\/purama.lt\/fi\/wp-json\/wp\/v2\/product_tag?post=33988"}],"curies":[{"name":"wp","href":"https:\/\/api.w.org\/{rel}","templated":true}]}}