{"id":33986,"date":"2025-04-15T15:57:06","date_gmt":"2025-04-15T15:57:06","guid":{"rendered":"https:\/\/purama.lt\/produktas\/real-ems-all-in-one-universalus-masazuoklis\/"},"modified":"2025-11-12T14:04:35","modified_gmt":"2025-11-12T12:04:35","slug":"real-ems-all-in-one-yleishierontalaite","status":"publish","type":"product","link":"https:\/\/purama.lt\/fi\/produktas\/real-ems-all-in-one-universalus-masazuoklis\/","title":{"rendered":"REAL EMS All in One Universal Hierontalaite"},"content":{"rendered":"<p><strong>Kuinka k\u00e4ytt\u00e4\u00e4?<\/strong><\/p>\n\n\n\n<ol class=\"wp-block-list\">\n<li>T\u00e4yt\u00e4 pullo vedell\u00e4 ja kostuta molemmat pohjat tasaisesti.<\/li>\n\n\n\n<li>Kiedo nauhat kehon valittujen alueiden - k\u00e4sivarsien, reisien tai vasikoiden - ymp\u00e4rille ja kiinnit\u00e4 ne tarranauhoilla.<\/li>\n\n\n\n<li>Kytke kaapelit, kytke ohjauspaneeli p\u00e4\u00e4lle ja valitse haluamasi tila.<\/li>\n\n\n\n<li>S\u00e4\u00e4d\u00e4 intensiteetti\u00e4 \u201e+\u201c ja \u201e-\u201c -painikkeilla mukavuuden mukaan.<\/li>\n\n\n\n<li>Yksi istunto kest\u00e4\u00e4 20 minuuttia, ja sen aikana tapahtuu aktiivinen lihasstimulaatio.<\/li>\n\n\n\n<li>Suositellaan k\u00e4ytett\u00e4v\u00e4ksi 1-3 kertaa p\u00e4iv\u00e4ss\u00e4 tasaisesti jakautuen.<\/li>\n<\/ol>\n\n\n\n<p><strong>Mit\u00e4 sis\u00e4ltyy?<\/strong><\/p>\n\n\n\n<ul class=\"wp-block-list\">\n<li>2 x yleispohjalistat<\/li>\n\n\n\n<li>1 x ohjauspaneeli<\/li>\n\n\n\n<li>1 x liit\u00e4nt\u00e4kaapeli<\/li>\n\n\n\n<li>1 x suojaava s\u00e4ilytyspussi<\/li>\n\n\n\n<li>1 x vesisumutin<\/li>\n\n\n\n<li>1 x latauskaapeli<\/li>\n<\/ul>\n\n\n\n<p><strong>REAL EMS All-in-One<\/strong> - on vallankumouksellinen ratkaisu koko kehon hoitoon. Jos haluat v\u00e4litt\u00f6mi\u00e4 tuloksia ilman ylim\u00e4\u00e4r\u00e4isi\u00e4 ponnisteluja, t\u00e4m\u00e4 laite on juuri sinulle. <strong>Koe lihaskuntoharjoittelun ja hieronnan edut yhdess\u00e4 laitteessa - tehokkaasti, k\u00e4tev\u00e4sti ja turvallisesti.<\/strong> Valmistaudu saamaan voimasi takaisin, lievitt\u00e4m\u00e4\u00e4n j\u00e4nnityst\u00e4 ja tuntemaan kehosi kevyeksi jokaisen harjoituksen j\u00e4lkeen!<\/p>","protected":false},"excerpt":{"rendered":"<p><strong>REAL EMS All-in-One<\/strong> - \u00e4lyk\u00e4s ratkaisu lihasten harjoitteluun ja rentouttamiseen kaikkialla kehossa! Halusitpa sitten vahvistaa lihaksia, lievitt\u00e4\u00e4 j\u00e4nnityst\u00e4 tai vain rentoutua pitk\u00e4n p\u00e4iv\u00e4n j\u00e4lkeen, voit tehd\u00e4 sen kaiken ilman kuntosalia, ilman painoja ja ilman vaivaa! <strong>REAL EMS All-in-One on edistyksellinen matalataajuinen s\u00e4hk\u00f6inen lihasstimulaatiolaite (EMS) k\u00e4sien, reisien ja vasikoiden kokonaisvaltaiseen hoitoon.<\/strong>. Se on yksi suosituimmista monitoimihierontalaitteista, ja se on kansainv\u00e4lisesti tunnettu, sill\u00e4 se on voittanut Etel\u00e4-Korean<strong>\u00a0Vuoden 2020 Soulin palkinnot\u201e<\/strong> Palkinto erinomaisesta laadusta ja innovaatiosta. Se ei ainoastaan treenaa ja kiinteyt\u00e4 lihaksia, vaan my\u00f6s parantaa verenkiertoa, v\u00e4hent\u00e4\u00e4 v\u00e4symyst\u00e4, lievitt\u00e4\u00e4 lihasj\u00e4nnityst\u00e4 ja parantaa yleist\u00e4 hyvinvointia. S\u00e4\u00e4nn\u00f6llisell\u00e4 k\u00e4yt\u00f6ll\u00e4 saatat huomata paitsi parantuneen lihasten muodon, my\u00f6s lis\u00e4\u00e4ntyneen fyysisen suorituskyvyn.<\/p>\n<p data-start=\"874\" data-end=\"918\"><strong>Miksi valita REAL EMS All-in-One?<\/strong><\/p>\n<p class=\"\" data-start=\"920\" data-end=\"1478\">\u2714\ufe0f <strong data-start=\"923\" data-end=\"957\">3 vy\u00f6hykkeen samanaikainen stimulaatio<\/strong> - hauislihakset, triceps, reidet, vasikat<br data-start=\"998\" data-end=\"1001\" \/>\u2714\ufe0f <strong data-start=\"1004\" data-end=\"1036\">Parannettu EMS-teknologia<\/strong> - kohdennettuja impulsseja suoraan lihassyihin<br data-start=\"1086\" data-end=\"1089\" \/>\u2714\ufe0f <strong data-start=\"1092\" data-end=\"1117\">4 harjoitustilaa<\/strong> - Aerobinen, Hieronta, Voimaharjoittelu, Kest\u00e4vyystreenaus, Kest\u00e4vyystreenaus<br data-start=\"1178\" data-end=\"1181\" \/>\u2714\ufe0f <strong data-start=\"1184\" data-end=\"1208\">12 intensiteettitasoa<\/strong> - sopii aloittelijoille ja edistyneille opiskelijoille<br data-start=\"1253\" data-end=\"1256\" \/>\u2714\ufe0f <strong data-start=\"1259\" data-end=\"1295\">Ihanteellinen urheilun tai istumaty\u00f6n j\u00e4lkeen<\/strong> - v\u00e4hent\u00e4\u00e4 lihasj\u00e4nnityst\u00e4 ja kipua<br data-start=\"1332\" data-end=\"1335\" \/>\u2714\ufe0f <strong data-start=\"1338\" data-end=\"1365\" data-is-only-node=\"\">Kompakti ja liikkuva<\/strong> - Treenaa miss\u00e4 tahansa: kotona, t\u00f6iss\u00e4 tai liikkeell\u00e4 ollessasi.<br data-start=\"1418\" data-end=\"1421\" \/>\u2714\ufe0f <strong data-start=\"1424\" data-end=\"1478\">Tehokas tapa vahvistaa kehoa ilman liikuntaa<br \/><\/strong><\/p>\n<p data-pm-slice=\"1 1 []\"><strong>TOIMITUSAIKA VOI VAIHDELLA 10-14 TY\u00d6P\u00c4IV\u00c4N V\u00c4LILL\u00c4.<\/strong><\/p>","protected":false},"featured_media":34030,"comment_status":"open","ping_status":"closed","template":"","meta":{"_acf_changed":false},"product_brand":[452],"product_cat":[282,287,283],"product_tag":[],"class_list":{"0":"post-33986","1":"product","2":"type-product","3":"status-publish","4":"has-post-thumbnail","6":"product_brand-real-ems","7":"product_cat-longevity-prietaisai","8":"product_cat-masazuokliai","9":"product_cat-sveikatingumo-prietaisai","11":"first","12":"instock","13":"shipping-taxable","14":"purchasable","15":"product-type-simple"},"acf":[],"tiered_pricing_type":"fixed","tiered_pricing_fixed_rules":[],"tiered_pricing_product_settings":{"layout":"default","base_unit_name":{"singular":null,"plural":null},"default_variation":null},"tiered_pricing_minimum_quantity":null,"tiered_pricing_roles_data":[],"tiered_pricing_percentage_rules":[],"_links":{"self":[{"href":"https:\/\/purama.lt\/fi\/wp-json\/wp\/v2\/product\/33986","targetHints":{"allow":["GET"]}}],"collection":[{"href":"https:\/\/purama.lt\/fi\/wp-json\/wp\/v2\/product"}],"about":[{"href":"https:\/\/purama.lt\/fi\/wp-json\/wp\/v2\/types\/product"}],"replies":[{"embeddable":true,"href":"https:\/\/purama.lt\/fi\/wp-json\/wp\/v2\/comments?post=33986"}],"wp:featuredmedia":[{"embeddable":true,"href":"https:\/\/purama.lt\/fi\/wp-json\/wp\/v2\/media\/34030"}],"wp:attachment":[{"href":"https:\/\/purama.lt\/fi\/wp-json\/wp\/v2\/media?parent=33986"}],"wp:term":[{"taxonomy":"product_brand","embeddable":true,"href":"https:\/\/purama.lt\/fi\/wp-json\/wp\/v2\/product_brand?post=33986"},{"taxonomy":"product_cat","embeddable":true,"href":"https:\/\/purama.lt\/fi\/wp-json\/wp\/v2\/product_cat?post=33986"},{"taxonomy":"product_tag","embeddable":true,"href":"https:\/\/purama.lt\/fi\/wp-json\/wp\/v2\/product_tag?post=33986"}],"curies":[{"name":"wp","href":"https:\/\/api.w.org\/{rel}","templated":true}]}}