{"id":33985,"date":"2025-04-15T15:57:06","date_gmt":"2025-04-15T15:57:06","guid":{"rendered":"https:\/\/purama.lt\/produktas\/real-ems-knee-exercise-massage-kelio-masazuoklis\/"},"modified":"2025-11-12T14:04:31","modified_gmt":"2025-11-12T12:04:31","slug":"real-ems-polvi-harjoitus-hieronta-polvi-hierontalaite","status":"publish","type":"product","link":"https:\/\/purama.lt\/fi\/produktas\/real-ems-knee-exercise-massage-kelio-masazuoklis\/","title":{"rendered":"REAL EMS polven harjoitus &amp; hieronta polvihieroja polvihieroja"},"content":{"rendered":"<p><strong>Kuinka k\u00e4ytt\u00e4\u00e4?<\/strong><\/p>\n\n\n\n<ol class=\"wp-block-list\">\n<li>T\u00e4yt\u00e4 vesipullo ja kostuta polvisuojat.<\/li>\n\n\n\n<li>Laita hierontalaite p\u00e4\u00e4lle istuessasi - polvilumpion on pysytt\u00e4v\u00e4 auki.<\/li>\n\n\n\n<li>Kytke johdot tyynyihin ja ohjauspaneeliin.<\/li>\n\n\n\n<li>Kytke laite p\u00e4\u00e4lle, valitse tila ja voimakkuus.<\/li>\n\n\n\n<li>Pid\u00e4 jalat koukussa koko harjoituksen ajan (20 minuuttia).<\/li>\n\n\n\n<li>K\u00e4yt\u00e4 1-3 kertaa p\u00e4iv\u00e4ss\u00e4 - vaikutus on havaittavissa jo muutaman kerran j\u00e4lkeen!<\/li>\n<\/ol>\n\n\n\n<p><strong>Varusteet:<\/strong><\/p>\n\n\n\n<ul class=\"wp-block-list\">\n<li>2 x hierontatyynyt<\/li>\n\n\n\n<li>1 x ohjauspaneeli<\/li>\n\n\n\n<li>1 x kaapeli<\/li>\n\n\n\n<li>1 x suojapussi<\/li>\n\n\n\n<li>1 x vesisumutin<\/li>\n\n\n\n<li>1 x latauskaapeli<\/li>\n<\/ul>\n\n\n\n<p><strong>REAL EMS polvihieroja<\/strong> - kun kyse ei ole vain rentoutumisesta vaan my\u00f6s vahvistumisesta. Se ei ole pelkk\u00e4 hierontalaite - se on \u00e4lyk\u00e4s tapa aktiivisempaan ja terveellisemp\u00e4\u00e4n el\u00e4m\u00e4ntapaan! Kokeile sit\u00e4 ja l\u00f6yd\u00e4 uusi mukavuuden taso joka askeleella.<\/p>","protected":false},"excerpt":{"rendered":"<p class=\"\" data-start=\"0\" data-end=\"89\"><strong data-start=\"0\" data-end=\"89\">REAL EMS Polviharjoittelu ja hieronta - vallankumous polven hoidossa joka askeleella!\u00a0<\/strong>Unohda ep\u00e4mukavuus ja nauti liikkumisen vapaudesta. <strong data-start=\"147\" data-end=\"173\">REAL EMS polvihieroja<\/strong> - \u00e4lyk\u00e4s harjoitus- ja hierontalaite, joka on suunniteltu niille, joilla on v\u00e4syneet, heikot tai usein kipe\u00e4t polvet. T\u00e4m\u00e4 \u00e4lyk\u00e4s laite k\u00e4ytt\u00e4\u00e4 <strong data-start=\"314\" data-end=\"366\">matalataajuinen s\u00e4hk\u00f6inen lihasstimulaatio (EMS)<\/strong>, ei ainoastaan lievitt\u00e4\u00e4 kipua, vaan my\u00f6s - <strong data-start=\"405\" data-end=\"436\">vahvistaa aktiivisesti lihaksia<\/strong> polvien, reisien ja vasikoiden ymp\u00e4rill\u00e4. Olitpa sitten istumaty\u00f6ss\u00e4, urheilit, olet usein stressaantunut tai haluat vain pit\u00e4\u00e4 huolta nivelist\u00e4si, t\u00e4st\u00e4 hierontalaitteesta tulee korvaamaton v\u00e4line p\u00e4ivitt\u00e4isess\u00e4 hoidossasi. Kliinisesti testattu, helppo k\u00e4ytt\u00e4\u00e4 kotona, se auttaa <strong data-start=\"713\" data-end=\"770\">parantaa verenkiertoa, joustavuutta ja v\u00e4hent\u00e4\u00e4 j\u00e4ykkyytt\u00e4<\/strong>Voi kyll\u00e4... <strong data-start=\"777\" data-end=\"816\">4 ohjelmaa ja 12 intensiteettitasoa<\/strong> voit r\u00e4\u00e4t\u00e4l\u00f6id\u00e4 hoidon yksil\u00f6llisten tarpeidesi mukaan.<\/p>\n<p data-start=\"882\" data-end=\"931\"><strong>Miksi kokeilla REAL EMS polvihierojaa?<\/strong><\/p>\n<p class=\"\" data-start=\"933\" data-end=\"1444\">\u2714\ufe0f <strong data-start=\"936\" data-end=\"961\">Kattava hoito<\/strong> - hieroo ja vahvistaa polvia, reisi\u00e4, reisilihaksia ja vasikoita.<br data-start=\"1026\" data-end=\"1029\" \/>\u2714\ufe0f <strong data-start=\"1032\" data-end=\"1061\">Syv\u00e4 lihasstimulaatio<\/strong> - edist\u00e4\u00e4 s\u00e4vy\u00e4, auttaa palautumaan vammoista ja harjoittelusta.<br data-start=\"1123\" data-end=\"1126\" \/>\u2714\ufe0f <strong data-start=\"1129\" data-end=\"1158\">lievitt\u00e4\u00e4 kipua ja j\u00e4nnityst\u00e4<\/strong> - erityisen hy\u00f6dyllinen pitkien seisomisten tai istumisten j\u00e4lkeen<br data-start=\"1204\" data-end=\"1207\" \/>\u2714\ufe0f <strong data-start=\"1210\" data-end=\"1247\">4 toimintatilaa ja 12 intensiteettitasoa<\/strong> - hell\u00e4varaisesta hieronnasta intensiiviseen harjoitteluun<br data-start=\"1297\" data-end=\"1300\" \/>\u2714\ufe0f <strong data-start=\"1303\" data-end=\"1326\">Jokap\u00e4iv\u00e4inen mukavuus<\/strong> - Sopii sek\u00e4 nuorille ett\u00e4 vanhoille<br data-start=\"1379\" data-end=\"1382\" \/>\u2714\ufe0f <strong data-start=\"1385\" data-end=\"1412\" data-is-only-node=\"\">Kompakti ja kevyt<\/strong> - K\u00e4yt\u00e4 miss\u00e4 tahansa, milloin tahansa<\/p>\n<p><strong>TOIMITUSAIKA VOI VAIHDELLA 10-14 TY\u00d6P\u00c4IV\u00c4N V\u00c4LILL\u00c4.<\/strong><\/p>","protected":false},"featured_media":34034,"comment_status":"open","ping_status":"closed","template":"","meta":{"_acf_changed":false},"product_brand":[452],"product_cat":[282,287,283],"product_tag":[],"class_list":{"0":"post-33985","1":"product","2":"type-product","3":"status-publish","4":"has-post-thumbnail","6":"product_brand-real-ems","7":"product_cat-longevity-prietaisai","8":"product_cat-masazuokliai","9":"product_cat-sveikatingumo-prietaisai","11":"first","12":"instock","13":"shipping-taxable","14":"purchasable","15":"product-type-simple"},"acf":[],"tiered_pricing_type":"fixed","tiered_pricing_fixed_rules":[],"tiered_pricing_product_settings":{"layout":"default","base_unit_name":{"singular":null,"plural":null},"default_variation":null},"tiered_pricing_minimum_quantity":null,"tiered_pricing_roles_data":[],"tiered_pricing_percentage_rules":[],"_links":{"self":[{"href":"https:\/\/purama.lt\/fi\/wp-json\/wp\/v2\/product\/33985","targetHints":{"allow":["GET"]}}],"collection":[{"href":"https:\/\/purama.lt\/fi\/wp-json\/wp\/v2\/product"}],"about":[{"href":"https:\/\/purama.lt\/fi\/wp-json\/wp\/v2\/types\/product"}],"replies":[{"embeddable":true,"href":"https:\/\/purama.lt\/fi\/wp-json\/wp\/v2\/comments?post=33985"}],"wp:featuredmedia":[{"embeddable":true,"href":"https:\/\/purama.lt\/fi\/wp-json\/wp\/v2\/media\/34034"}],"wp:attachment":[{"href":"https:\/\/purama.lt\/fi\/wp-json\/wp\/v2\/media?parent=33985"}],"wp:term":[{"taxonomy":"product_brand","embeddable":true,"href":"https:\/\/purama.lt\/fi\/wp-json\/wp\/v2\/product_brand?post=33985"},{"taxonomy":"product_cat","embeddable":true,"href":"https:\/\/purama.lt\/fi\/wp-json\/wp\/v2\/product_cat?post=33985"},{"taxonomy":"product_tag","embeddable":true,"href":"https:\/\/purama.lt\/fi\/wp-json\/wp\/v2\/product_tag?post=33985"}],"curies":[{"name":"wp","href":"https:\/\/api.w.org\/{rel}","templated":true}]}}