{"id":33984,"date":"2025-04-15T15:57:05","date_gmt":"2025-04-15T15:57:05","guid":{"rendered":"https:\/\/purama.lt\/produktas\/real-ems-perfect-hip-klubu-formos-masazuoklis\/"},"modified":"2025-11-12T14:04:25","modified_gmt":"2025-11-12T12:04:25","slug":"real-ems-perfect-lonkka-lonkka-hierontalaite","status":"publish","type":"product","link":"https:\/\/purama.lt\/fi\/produktas\/real-ems-perfect-hip-klubu-formos-masazuoklis\/","title":{"rendered":"REAL EMS Perfect Hip Lonkan muotoiluhierontalaite"},"content":{"rendered":"<p><strong>Kuinka k\u00e4ytt\u00e4\u00e4?<\/strong><\/p>\n\n\n\n<ol class=\"wp-block-list\">\n<li>T\u00e4yt\u00e4 ruisku vedell\u00e4 ja kostuta kevyesti molemmat tyynyt - anna imeyty\u00e4.<\/li>\n\n\n\n<li>Aseta vy\u00f6 pakaroiden p\u00e4\u00e4lle niin, ett\u00e4 tyynyt ovat tiukasti pakaralihaksia vasten.<\/li>\n\n\n\n<li>Kytke ohjauspaneeli, kytke laite p\u00e4\u00e4lle ja valitse haluamasi tila.<\/li>\n\n\n\n<li>Aloita istunto - kesto 20 min. S\u00e4\u00e4d\u00e4 intensiteetti\u00e4 painikkeilla \u201e+\u201c ja \u201e-\u201c.<\/li>\n\n\n\n<li>K\u00e4yt\u00e4 1-3 kertaa p\u00e4iv\u00e4ss\u00e4 saadaksesi parhaan vaikutuksen.<\/li>\n<\/ol>\n\n\n\n<p><strong>Vinkki:<\/strong> maksimaalisen vaikutuksen saavuttamiseksi k\u00e4yt\u00e4 vy\u00f6t\u00e4 paljaalla iholla.<\/p>\n\n\n\n<p><strong>Sis\u00e4lt\u00e4\u00e4:<\/strong><\/p>\n\n\n\n<ul class=\"wp-block-list\">\n<li>1 x Perfect Lantiovy\u00f6 (125-130 cm:n lantioymp\u00e4rys)<\/li>\n\n\n\n<li>2 x s\u00e4hk\u00f6iset kuulokkeet<\/li>\n\n\n\n<li>1 x ohjauspaneeli<\/li>\n\n\n\n<li>1 x kaapeli<\/li>\n\n\n\n<li>1 x vesisumutin<\/li>\n\n\n\n<li>1 x latauskaapeli<\/li>\n\n\n\n<li>1 x k\u00e4tev\u00e4 s\u00e4ilytyspussi<\/li>\n<\/ul>\n\n\n\n<p><strong>REAL EMS Perfect Hip<\/strong> - kun haluat upean vartalon, mutta et halua treenata kovasti. Naisille, jotka haluavat tuloksia nopeasti, mukavasti ja turvallisesti. Tutustu vaivattomaan tapaan vahvistaa pakaroita - <strong>Seuraavan sukupolven lonkanmuotoiluteknologia on t\u00e4\u00e4ll\u00e4!<\/strong><\/p>","protected":false},"excerpt":{"rendered":"<p class=\"\" data-start=\"0\" data-end=\"81\"><strong data-start=\"0\" data-end=\"81\">REAL EMS Perfect Hip - vallankumouksellinen askel kohti muodokkaita ja kiinteit\u00e4 pakaroita!\u00a0<\/strong>Kuvittele se - ei en\u00e4\u00e4 v\u00e4sytt\u00e4vi\u00e4 kuntosalik\u00e4yntej\u00e4, ei en\u00e4\u00e4 hike\u00e4 tai raskaita kyykkyj\u00e4 - vain miellytt\u00e4v\u00e4 tunne ja tulokset, jotka n\u00e4et peilist\u00e4. <strong data-start=\"251\" data-end=\"275\">REAL EMS Perfect Hip<\/strong> - on edistyksellinen, matalataajuinen EMS-s\u00e4hk\u00f6stimulaatiolaite, joka on suunniteltu naisille, jotka haluavat kohottaa lantiotaan, muotoilla pakaroitaan ja vahvistaa lihaksiaan. - <strong data-start=\"448\" data-end=\"484\">nopea, k\u00e4tev\u00e4 ja vaivaton<\/strong>. T\u00e4m\u00e4 lantion muotoiluvy\u00f6 on <strong data-start=\"518\" data-end=\"552\">kansainv\u00e4lisesti tunnustettu<\/strong> - Etel\u00e4-Korean erinomaisen tuotteen palkinnon voittaja Soulin vuoden 2022 palkintogaalassa. Se toimii aktivoimalla syvi\u00e4 lihaskerroksia, jotka ovat usein tavanomaisen harjoituksen aikana saavuttamattomissa. Laita se vain p\u00e4\u00e4h\u00e4si, k\u00e4ynnist\u00e4 se ja anna teknologian ty\u00f6skennell\u00e4 puolestasi! <strong>Miksi valita REAL EMS Perfect Hip?<\/strong><\/p>\n<p class=\"\" data-start=\"852\" data-end=\"1492\">\u2714\ufe0f <strong data-start=\"855\" data-end=\"898\">Muotoilee vaivattomasti kiinte\u00e4t pakarat<\/strong> - aktivoi pakaralihaksia EMS-pulsseilla.<br data-start=\"940\" data-end=\"943\" \/>\u2714\ufe0f <strong data-start=\"946\" data-end=\"982\">4 toimintatilaa x 12 intensiteettitasoa<\/strong> - hell\u00e4varaisesta hieronnasta intensiiviseen harjoitteluun<br data-start=\"1032\" data-end=\"1035\" \/>\u2714\ufe0f <strong data-start=\"1038\" data-end=\"1065\">Hoikempi vartalon siluetti<\/strong> - S\u00e4\u00e4nn\u00f6llisell\u00e4 k\u00e4yt\u00f6ll\u00e4 muoto ja lihaskunto paranevat huomattavasti.<br data-start=\"1136\" data-end=\"1139\" \/>\u2714\ufe0f <strong data-start=\"1142\" data-end=\"1173\">Kotona, tien p\u00e4\u00e4ll\u00e4 tai t\u00f6iss\u00e4<\/strong> - vain 20 minuuttia p\u00e4iv\u00e4ss\u00e4 tehokkaisiin tuloksiin<br data-start=\"1222\" data-end=\"1225\" \/>\u2714\ufe0f <strong data-start=\"1228\" data-end=\"1244\">Sopii kaikille<\/strong> - s\u00e4\u00e4dett\u00e4v\u00e4 vy\u00f6 130 cm:n lantioymp\u00e4rykseen asti<br data-start=\"1293\" data-end=\"1296\" \/>\u2714\ufe0f <strong data-start=\"1299\" data-end=\"1324\">Mukava muotoilu<\/strong> - ei rajoittava, mukava iholla tai ohuiden urheiluhousujen kanssa.<br data-start=\"1404\" data-end=\"1407\" data-is-only-node=\"\" \/>\u2714\ufe0f <strong data-start=\"1410\" data-end=\"1449\">Ihanteellinen synnytyksen j\u00e4lkeen tai istumaty\u00f6n yhteydess\u00e4.<\/strong> - auttaa palauttamaan pakaroiden voiman ja muodon.<\/p>\n<p data-pm-slice=\"1 1 []\"><strong>TOIMITUSAIKA VOI VAIHDELLA 10-14 TY\u00d6P\u00c4IV\u00c4N V\u00c4LILL\u00c4.<\/strong><\/p>","protected":false},"featured_media":34033,"comment_status":"open","ping_status":"closed","template":"","meta":{"_acf_changed":false},"product_brand":[452],"product_cat":[282,287,283],"product_tag":[],"class_list":{"0":"post-33984","1":"product","2":"type-product","3":"status-publish","4":"has-post-thumbnail","6":"product_brand-real-ems","7":"product_cat-longevity-prietaisai","8":"product_cat-masazuokliai","9":"product_cat-sveikatingumo-prietaisai","11":"first","12":"instock","13":"shipping-taxable","14":"purchasable","15":"product-type-simple"},"acf":[],"tiered_pricing_type":"fixed","tiered_pricing_fixed_rules":[],"tiered_pricing_product_settings":{"layout":"default","base_unit_name":{"singular":null,"plural":null},"default_variation":null},"tiered_pricing_minimum_quantity":null,"tiered_pricing_roles_data":[],"tiered_pricing_percentage_rules":[],"_links":{"self":[{"href":"https:\/\/purama.lt\/fi\/wp-json\/wp\/v2\/product\/33984","targetHints":{"allow":["GET"]}}],"collection":[{"href":"https:\/\/purama.lt\/fi\/wp-json\/wp\/v2\/product"}],"about":[{"href":"https:\/\/purama.lt\/fi\/wp-json\/wp\/v2\/types\/product"}],"replies":[{"embeddable":true,"href":"https:\/\/purama.lt\/fi\/wp-json\/wp\/v2\/comments?post=33984"}],"wp:featuredmedia":[{"embeddable":true,"href":"https:\/\/purama.lt\/fi\/wp-json\/wp\/v2\/media\/34033"}],"wp:attachment":[{"href":"https:\/\/purama.lt\/fi\/wp-json\/wp\/v2\/media?parent=33984"}],"wp:term":[{"taxonomy":"product_brand","embeddable":true,"href":"https:\/\/purama.lt\/fi\/wp-json\/wp\/v2\/product_brand?post=33984"},{"taxonomy":"product_cat","embeddable":true,"href":"https:\/\/purama.lt\/fi\/wp-json\/wp\/v2\/product_cat?post=33984"},{"taxonomy":"product_tag","embeddable":true,"href":"https:\/\/purama.lt\/fi\/wp-json\/wp\/v2\/product_tag?post=33984"}],"curies":[{"name":"wp","href":"https:\/\/api.w.org\/{rel}","templated":true}]}}