{"id":33983,"date":"2025-04-15T15:57:05","date_gmt":"2025-04-15T15:57:05","guid":{"rendered":"https:\/\/purama.lt\/produktas\/real-ems-shoulder-massager-peciu-masazuoklis\/"},"modified":"2025-11-12T14:04:21","modified_gmt":"2025-11-12T12:04:21","slug":"real-ems-olkapaahierontalaite-olkapaahierontalaite","status":"publish","type":"product","link":"https:\/\/purama.lt\/fi\/produktas\/real-ems-shoulder-massager-peciu-masazuoklis\/","title":{"rendered":"REAL EMS olkap\u00e4\u00e4hierontalaite olkap\u00e4\u00e4hierontalaite olkap\u00e4\u00e4hierontalaite"},"content":{"rendered":"<p><strong>K\u00e4ytt\u00f6<\/strong><\/p>\n\n\n\n<ol class=\"wp-block-list\">\n<li>T\u00e4yt\u00e4 sadetin vedell\u00e4 ja kostuta s\u00e4hk\u00f6kuoriaiset.<\/li>\n\n\n\n<li>Aseta hierontalaite olkap\u00e4illesi ja kiinnit\u00e4 se tarranauhoilla.<\/li>\n\n\n\n<li>Kytke ohjauspaneeli ja valitse hierontatila.<\/li>\n\n\n\n<li>S\u00e4\u00e4d\u00e4 voimakkuutta tarpeidesi mukaan.<\/li>\n\n\n\n<li>Yksi istunto kest\u00e4\u00e4 <strong>20 minuuttia<\/strong> - suositeltava <strong>1-3 kertaa p\u00e4iv\u00e4ss\u00e4<\/strong>.<\/li>\n<\/ol>\n\n\n\n<p><strong>Sarjasta l\u00f6yd\u00e4t<\/strong><\/p>\n\n\n\n<ul class=\"wp-block-list\">\n<li>1 x olkap\u00e4\u00e4hihna<\/li>\n\n\n\n<li>1 x ohjauspaneeli<\/li>\n\n\n\n<li>1 x liit\u00e4nt\u00e4kaapeli<\/li>\n\n\n\n<li>1 x suojaava s\u00e4ilytyspussi<\/li>\n\n\n\n<li>1 x suihkepullo<\/li>\n\n\n\n<li>1 x latauskaapeli<\/li>\n<\/ul>\n\n\n\n<p><strong>REAL EMS olkap\u00e4\u00e4hieroja<\/strong> - Se ei ole pelkk\u00e4 laite, vaan se parantaa jokap\u00e4iv\u00e4ist\u00e4 hyvinvointiasi. Anna itsellesi 20 minuuttia aikaa ja tunne ero - <strong>Rentoutuneet hartiat, parempi ryhti, v\u00e4hemm\u00e4n stressi\u00e4 ja enemm\u00e4n energiaa.<\/strong> joka p\u00e4iv\u00e4.<\/p>","protected":false},"excerpt":{"rendered":"<p class=\"\" data-start=\"0\" data-end=\"86\"><strong data-start=\"0\" data-end=\"86\">REAL EMS Shoulder Massager - \u00c4lyk\u00e4s ratkaisu vahvoihin, rentoihin hartioihin. <\/strong>Unohda j\u00e4nnitys, kipu ja jatkuva ep\u00e4mukavuus - <strong data-start=\"142\" data-end=\"172\">REAL EMS olkap\u00e4\u00e4hieroja<\/strong> on innovatiivinen laite, joka on suunniteltu auttamaan sinua palauttamaan voimasi, parantamaan ryhti\u00e4si ja v\u00e4hent\u00e4m\u00e4\u00e4n hartioiden ja yl\u00e4sel\u00e4n lihasj\u00e4nnityst\u00e4. <strong data-start=\"330\" data-end=\"390\">Palkittu Etel\u00e4-Korean \u201eerinomaisena tuotteena\u201c vuoden 2022 Soul Awards -kilpailussa.\u201e<\/strong>, t\u00e4m\u00e4 hierontalaite k\u00e4ytt\u00e4\u00e4 kehittyneit\u00e4 <strong data-start=\"425\" data-end=\"467\">matalataajuinen EMS (s\u00e4hk\u00f6stimulaatio)<\/strong> teknologia, joka stimuloi lihaksia ja antaa syv\u00e4n hieronnan tunteen. T\u00e4ydellinen niille, jotka <strong data-start=\"568\" data-end=\"590\">istumaty\u00f6<\/strong>, tuntuu <strong data-start=\"599\" data-end=\"619\">Tasaj\u00e4nnite<\/strong> harteillasi tai haluat vain <strong data-start=\"645\" data-end=\"686\">parantaa ryhti\u00e4 ja rentoutumista<\/strong> kiireisen p\u00e4iv\u00e4n j\u00e4lkeen.<\/p>\n<p data-start=\"708\" data-end=\"736\"><strong>Miksi kokeilla sit\u00e4?<\/strong><\/p>\n<p class=\"\" data-start=\"737\" data-end=\"1273\">\u2714\ufe0f <strong data-start=\"740\" data-end=\"762\">Parantaa ryhti\u00e4<\/strong> ja auttaa lievitt\u00e4m\u00e4\u00e4n yl\u00e4sel\u00e4n j\u00e4nnityst\u00e4<br data-start=\"819\" data-end=\"822\" \/>\u2714\ufe0f <strong data-start=\"825\" data-end=\"873\">Rentouttaa tehokkaasti syvi\u00e4 lihaksia<\/strong> - lievitt\u00e4\u00e4 kouristuksia ja pys\u00e4htyneisyytt\u00e4<br data-start=\"903\" data-end=\"906\" \/>\u2714\ufe0f <strong data-start=\"909\" data-end=\"926\">V\u00e4hent\u00e4\u00e4 stressi\u00e4<\/strong> ja j\u00e4nnityst\u00e4, mik\u00e4 antaa rauhoittavan hierontavaikutuksen<br data-start=\"973\" data-end=\"976\" \/>\u2714\ufe0f <strong data-start=\"979\" data-end=\"999\">4 hierontatilaa<\/strong>: lempe\u00e4, normaali, syv\u00e4 ja kest\u00e4v\u00e4<br data-start=\"1038\" data-end=\"1041\" data-is-only-node=\"\" \/>\u2714\ufe0f <strong data-start=\"1044\" data-end=\"1072\">Jopa 12 intensiteettitasoa<\/strong> jokaiseen tarpeeseen<br data-start=\"1093\" data-end=\"1096\" \/>\u2714\ufe0f Kompakti, langaton ja helppok\u00e4ytt\u00f6inen - kotiin ja t\u00f6ihin.<br data-start=\"1172\" data-end=\"1175\" \/>\u2714\ufe0f Suositellaan sek\u00e4 <strong data-start=\"1199\" data-end=\"1220\">aktiivisille ihmisille<\/strong>, sek\u00e4 niille, jotka istuvat pitki\u00e4 aikoja tai ty\u00f6skentelev\u00e4t tietokoneen \u00e4\u00e4ress\u00e4.<\/p>\n<p><strong>TOIMITUSAIKA VOI VAIHDELLA 10-14 TY\u00d6P\u00c4IV\u00c4N V\u00c4LILL\u00c4.<\/strong><\/p>","protected":false},"featured_media":34032,"comment_status":"open","ping_status":"closed","template":"","meta":{"_acf_changed":false},"product_brand":[452],"product_cat":[282,287,283],"product_tag":[],"class_list":{"0":"post-33983","1":"product","2":"type-product","3":"status-publish","4":"has-post-thumbnail","6":"product_brand-real-ems","7":"product_cat-longevity-prietaisai","8":"product_cat-masazuokliai","9":"product_cat-sveikatingumo-prietaisai","11":"first","12":"instock","13":"shipping-taxable","14":"purchasable","15":"product-type-variable"},"acf":[],"tiered_pricing_type":"fixed","tiered_pricing_fixed_rules":[],"tiered_pricing_product_settings":{"layout":"default","base_unit_name":{"singular":null,"plural":null},"default_variation":null},"tiered_pricing_minimum_quantity":null,"tiered_pricing_roles_data":[],"tiered_pricing_percentage_rules":[],"_links":{"self":[{"href":"https:\/\/purama.lt\/fi\/wp-json\/wp\/v2\/product\/33983","targetHints":{"allow":["GET"]}}],"collection":[{"href":"https:\/\/purama.lt\/fi\/wp-json\/wp\/v2\/product"}],"about":[{"href":"https:\/\/purama.lt\/fi\/wp-json\/wp\/v2\/types\/product"}],"replies":[{"embeddable":true,"href":"https:\/\/purama.lt\/fi\/wp-json\/wp\/v2\/comments?post=33983"}],"wp:featuredmedia":[{"embeddable":true,"href":"https:\/\/purama.lt\/fi\/wp-json\/wp\/v2\/media\/34032"}],"wp:attachment":[{"href":"https:\/\/purama.lt\/fi\/wp-json\/wp\/v2\/media?parent=33983"}],"wp:term":[{"taxonomy":"product_brand","embeddable":true,"href":"https:\/\/purama.lt\/fi\/wp-json\/wp\/v2\/product_brand?post=33983"},{"taxonomy":"product_cat","embeddable":true,"href":"https:\/\/purama.lt\/fi\/wp-json\/wp\/v2\/product_cat?post=33983"},{"taxonomy":"product_tag","embeddable":true,"href":"https:\/\/purama.lt\/fi\/wp-json\/wp\/v2\/product_tag?post=33983"}],"curies":[{"name":"wp","href":"https:\/\/api.w.org\/{rel}","templated":true}]}}