{"id":33867,"date":"2025-04-09T07:46:59","date_gmt":"2025-04-09T07:46:59","guid":{"rendered":"https:\/\/purama.lt\/produktas\/slavic-labs-brainbost-wese-papildas-smegenu-funkcijoms-gerinti\/"},"modified":"2026-02-03T16:09:52","modified_gmt":"2026-02-03T14:09:52","slug":"slavic-labs-brainbost-wese-lisaravinne-aivotoiminnan-parantamiseen","status":"publish","type":"product","link":"https:\/\/purama.lt\/fi\/produktas\/slavic-labs-brainbost-wese-papildas-smegenu-funkcijoms-gerinti\/","title":{"rendered":"SLAVIC LABS BrainBost Wese T\u00e4ydennysosa aivojen toiminnan parantamiseksi."},"content":{"rendered":"<p><strong>K\u00e4ytt\u00f6:<\/strong><br>Ota 3 kapselia p\u00e4iv\u00e4ss\u00e4, mieluiten aamulla tai 15 minuuttia ennen kuin aiot harjoitella. <br><br><strong>Koostumus:<\/strong> N-asetyyli-L-tyrosiini, Leijonankarvasieni (Hericium erinaceus) - hedelm\u00e4elinten uute (DER 30:1, standardoitu 50 % \u03b2-glukaaniin), fosfatidyyliseriini, sitikoliini, L-teaniini, Ginkgo biloba -uute (standardoitu 26 % flavoniglykosidiin ja 6 % terpeenilaktoniin), Assamin musta teeuute (standardoitu 99 % teakriiniin), kofeiini, pyrroloxal-5-fosfaatti (B6-vitamiini), niasiiniamidi (niasiini), metyylikobalamiini (B12-vitamiini), kapseli - naudan liivate.<\/p>\n\n\n\n<p><\/p>","protected":false},"excerpt":{"rendered":"<p class=\"\" data-start=\"128\" data-end=\"192\"><strong data-start=\"128\" data-end=\"192\">SLAVIC LABS BrainBoost Wese -<\/strong> on kehittynyt kaava, joka on suunniteltu ihmisille, jotka haluavat maksimaalista henkist\u00e4 energiaa, keskittymist\u00e4 ja selkeytt\u00e4 ilman \u00e4killisi\u00e4 energiapiikkej\u00e4 tai -laskuja. T\u00e4m\u00e4 uusimpaan tieteelliseen tutkimukseen perustuva lis\u00e4ravinne tasapainottaa tehokkaita luonnollisia aineita, jotka stimuloivat aivotoimintaa ja tukevat elimist\u00f6n yleist\u00e4 vastustuskyky\u00e4 stressi\u00e4 ja v\u00e4symyst\u00e4 vastaan. Suositellaan opiskelijoille, ammattilaisille, urheilijoille ja kaikille, jotka haluavat yll\u00e4pit\u00e4\u00e4 henkist\u00e4 vireystilaa ja saavuttaa kunnianhimoisia tavoitteita. S\u00e4\u00e4nn\u00f6llisesti k\u00e4ytettyn\u00e4 BrainBoost auttaa voittamaan henkisen v\u00e4symyksen, parantaa keskittymiskyky\u00e4 ja motivoi suorituskyky\u00e4.<\/p>\n<p class=\"\" data-start=\"819\" data-end=\"1154\"><strong data-start=\"819\" data-end=\"859\">Miksi valita BrainBoost Wese?<\/strong><br data-start=\"859\" data-end=\"862\" \/>\u2714\ufe0f Parantaa keskittymiskyky\u00e4 ja henkist\u00e4 kest\u00e4vyytt\u00e4.<br data-start=\"915\" data-end=\"918\" \/>\u2714\ufe0f Antaa energiaa ilman keinotekoisia piristeit\u00e4 tai kaatuu my\u00f6hemmin.<br data-start=\"984\" data-end=\"987\" \/>\u2714\ufe0f Auttaa voittamaan henkisen v\u00e4symyksen ja yll\u00e4pit\u00e4m\u00e4\u00e4n tuottavuutta.<br data-start=\"1047\" data-end=\"1050\" \/>\u2714\ufe0f Sopii henkiseen ty\u00f6h\u00f6n, opiskeluun ja urheiluun.<br data-start=\"1097\" data-end=\"1100\" \/>\u2714\ufe0f Perustuu uusimpaan tieteeseen<\/p>","protected":false},"featured_media":33878,"comment_status":"open","ping_status":"closed","template":"","meta":{"_acf_changed":false},"product_brand":[455],"product_cat":[123,257,256],"product_tag":[],"class_list":{"0":"post-33867","1":"product","2":"type-product","3":"status-publish","4":"has-post-thumbnail","6":"product_brand-slavic-labs","7":"product_cat-papildai-ilgaamziskumui","8":"product_cat-atmintis-ir-demesys","9":"product_cat-smegenims-ir-atminciai","11":"first","12":"instock","13":"shipping-taxable","14":"purchasable","15":"product-type-simple"},"acf":[],"tiered_pricing_type":"fixed","tiered_pricing_fixed_rules":[],"tiered_pricing_product_settings":{"layout":"default","base_unit_name":{"singular":null,"plural":null},"default_variation":null},"tiered_pricing_minimum_quantity":null,"tiered_pricing_roles_data":[],"tiered_pricing_percentage_rules":[],"_links":{"self":[{"href":"https:\/\/purama.lt\/fi\/wp-json\/wp\/v2\/product\/33867","targetHints":{"allow":["GET"]}}],"collection":[{"href":"https:\/\/purama.lt\/fi\/wp-json\/wp\/v2\/product"}],"about":[{"href":"https:\/\/purama.lt\/fi\/wp-json\/wp\/v2\/types\/product"}],"replies":[{"embeddable":true,"href":"https:\/\/purama.lt\/fi\/wp-json\/wp\/v2\/comments?post=33867"}],"wp:featuredmedia":[{"embeddable":true,"href":"https:\/\/purama.lt\/fi\/wp-json\/wp\/v2\/media\/33878"}],"wp:attachment":[{"href":"https:\/\/purama.lt\/fi\/wp-json\/wp\/v2\/media?parent=33867"}],"wp:term":[{"taxonomy":"product_brand","embeddable":true,"href":"https:\/\/purama.lt\/fi\/wp-json\/wp\/v2\/product_brand?post=33867"},{"taxonomy":"product_cat","embeddable":true,"href":"https:\/\/purama.lt\/fi\/wp-json\/wp\/v2\/product_cat?post=33867"},{"taxonomy":"product_tag","embeddable":true,"href":"https:\/\/purama.lt\/fi\/wp-json\/wp\/v2\/product_tag?post=33867"}],"curies":[{"name":"wp","href":"https:\/\/api.w.org\/{rel}","templated":true}]}}