{"id":33864,"date":"2025-04-09T07:46:58","date_gmt":"2025-04-09T07:46:58","guid":{"rendered":"https:\/\/purama.lt\/produktas\/slavic-labs-omega-3-riebalu-rugsciu-trigliceridai\/"},"modified":"2026-02-08T19:46:11","modified_gmt":"2026-02-08T17:46:11","slug":"slavic-labs-omega-3-rasvahappojen-triglyseridit","status":"publish","type":"product","link":"https:\/\/purama.lt\/fi\/produktas\/slavic-labs-omega-3-riebalu-rugsciu-trigliceridai\/","title":{"rendered":"SLAVIC LABS Omega-3-rasvahappotriglyseridit"},"content":{"rendered":"<p><strong>K\u00e4ytt\u00f6:<\/strong><br>Ota 1-2 kapselia p\u00e4iv\u00e4ss\u00e4 veden kanssa, mieluiten aterian yhteydess\u00e4. Jos omega-3-pitoisuutesi on alhainen, suositellaan 2 kapselia. Annos voidaan jakaa aamulle ja illalle.<\/p>\n\n\n\n<p><strong>Ainesosat (2 kapselia):<\/strong><br>Luonnonvarainen sardelli\u00f6ljy (EPA + DHA), kapseli: gelatiini, glyseroli, kosteudens\u00e4ilytt\u00e4j\u00e4, vesi, E-vitamiini.<\/p>","protected":false},"excerpt":{"rendered":"<p class=\"\" data-start=\"128\" data-end=\"429\"><strong>SLAVIC LABS Omega-3<\/strong> - on eritt\u00e4in puhdas ravintolis\u00e4, joka sis\u00e4lt\u00e4\u00e4 <strong>EPA ja DHA<\/strong> rasvahappojen l\u00e4hteet luonnonvaraisesta sardelli\u00f6ljyst\u00e4, jolla on erinomainen biologinen arvo. K\u00e4ytetyn triglyseridimuodon ansiosta elimist\u00f6 voi ime\u00e4 jopa 4 kertaa enemm\u00e4n omega-3-rasvahappoja kuin perinteisess\u00e4 esterimuodossa. T\u00e4m\u00e4 ravintolis\u00e4 on valmistettu korkeimpien laatuvaatimusten mukaisesti ja t\u00e4ydennetty E-vitamiinilla, joka on luonnollinen antioksidantti, <strong>auttaa suojaamaan soluja hapettumisstressilt\u00e4 ja varmistaa aktiivisten ainesosien pidemm\u00e4n s\u00e4ilyvyyden.<\/strong>. Ihanteellinen ihmisille, jotka el\u00e4v\u00e4t kiireist\u00e4 el\u00e4m\u00e4\u00e4, tekev\u00e4t paljon t\u00f6it\u00e4, harrastavat liikuntaa tai ovat huolissaan syd\u00e4men, aivojen ja koko kehon terveydest\u00e4.<\/p>\n<p data-start=\"128\" data-end=\"429\"><strong data-start=\"820\" data-end=\"864\">Miksi valita SLAVIC LABS Omega-3?<\/strong><br data-start=\"864\" data-end=\"867\" \/>\u2714\ufe0f Suuri annos: 1000 mg EPAa ja 500 mg DHA:ta p\u00e4iv\u00e4ss\u00e4 (2 kapselia).<br data-start=\"931\" data-end=\"934\" \/>\u2714\ufe0f Triglyseridimuoto - jopa 4 kertaa parempi imeytyminen kuin esterit.<br data-start=\"1005\" data-end=\"1008\" \/>\u2714\ufe0f Rikastettu E-vitamiinilla - vahvempi suoja hapetusstressi\u00e4 vastaan.<br data-start=\"1076\" data-end=\"1079\" \/>\u2714\ufe0f Tukee aivojen toimintaa, syd\u00e4men toimintaa ja n\u00e4k\u00f6kyky\u00e4.<br data-start=\"1134\" data-end=\"1137\" \/>\u2714\ufe0f Soveltuu intensiivisesti el\u00e4ville, liikuntaa harrastaville ja vanhuksille.<\/p>","protected":false},"featured_media":33884,"comment_status":"open","ping_status":"closed","template":"","meta":{"_acf_changed":false},"product_brand":[455],"product_cat":[123,253,252,279,255,256,254],"product_tag":[],"class_list":{"0":"post-33864","1":"product","2":"type-product","3":"status-publish","4":"has-post-thumbnail","6":"product_brand-slavic-labs","7":"product_cat-papildai-ilgaamziskumui","8":"product_cat-imuniteto-palaikymas","9":"product_cat-imunitetui","10":"product_cat-kaulams-ir-sanariams","11":"product_cat-oksidacinio-streso-mazinimas","12":"product_cat-smegenims-ir-atminciai","13":"product_cat-uzdegimo-mazinimas","15":"first","16":"instock","17":"shipping-taxable","18":"purchasable","19":"product-type-simple"},"acf":[],"tiered_pricing_type":"fixed","tiered_pricing_fixed_rules":[],"tiered_pricing_product_settings":{"layout":"default","base_unit_name":{"singular":null,"plural":null},"default_variation":null},"tiered_pricing_minimum_quantity":null,"tiered_pricing_roles_data":[],"tiered_pricing_percentage_rules":[],"_links":{"self":[{"href":"https:\/\/purama.lt\/fi\/wp-json\/wp\/v2\/product\/33864","targetHints":{"allow":["GET"]}}],"collection":[{"href":"https:\/\/purama.lt\/fi\/wp-json\/wp\/v2\/product"}],"about":[{"href":"https:\/\/purama.lt\/fi\/wp-json\/wp\/v2\/types\/product"}],"replies":[{"embeddable":true,"href":"https:\/\/purama.lt\/fi\/wp-json\/wp\/v2\/comments?post=33864"}],"wp:featuredmedia":[{"embeddable":true,"href":"https:\/\/purama.lt\/fi\/wp-json\/wp\/v2\/media\/33884"}],"wp:attachment":[{"href":"https:\/\/purama.lt\/fi\/wp-json\/wp\/v2\/media?parent=33864"}],"wp:term":[{"taxonomy":"product_brand","embeddable":true,"href":"https:\/\/purama.lt\/fi\/wp-json\/wp\/v2\/product_brand?post=33864"},{"taxonomy":"product_cat","embeddable":true,"href":"https:\/\/purama.lt\/fi\/wp-json\/wp\/v2\/product_cat?post=33864"},{"taxonomy":"product_tag","embeddable":true,"href":"https:\/\/purama.lt\/fi\/wp-json\/wp\/v2\/product_tag?post=33864"}],"curies":[{"name":"wp","href":"https:\/\/api.w.org\/{rel}","templated":true}]}}