{"id":33862,"date":"2025-04-09T07:46:58","date_gmt":"2025-04-09T07:46:58","guid":{"rendered":"https:\/\/purama.lt\/produktas\/slavic-labs-chaga-201-detoksikacijos-papildas\/"},"modified":"2026-04-14T15:03:06","modified_gmt":"2026-04-14T13:03:06","slug":"slavic-labs-chaga-201-detoxification-taydentaa","status":"publish","type":"product","link":"https:\/\/purama.lt\/fi\/produktas\/slavic-labs-chaga-201-detoksikacijos-papildas\/","title":{"rendered":"SLAVIC LABS Chaga 20:1 Detoxification lis\u00e4osa"},"content":{"rendered":"<p><strong>Kuinka k\u00e4ytt\u00e4\u00e4:<\/strong><br>Ota 2 mittalusikallista p\u00e4iv\u00e4ss\u00e4 (illalla). Liuota 200 ml:aan l\u00e4mmint\u00e4 vett\u00e4, teet\u00e4, kahvia tai suosikkicocktailia. On suositeltavaa aloittaa pienemm\u00e4ll\u00e4 annoksella ja lis\u00e4t\u00e4 annosta v\u00e4hitellen seuraten hyvinvointiasi. Ilman t\u00e4yteaineita. Ei makuaineita - vain luonnon voimaa kehollesi.<\/p>\n\n\n\n<p><strong>Ainesosat p\u00e4ivitt\u00e4ist\u00e4 annosta kohti:<\/strong><br>1000 mg chaga-sieniuutetta (Inonotus obliquus), DER 20:1.<\/p>","protected":false},"excerpt":{"rendered":"<p class=\"\" data-start=\"102\" data-end=\"199\"><strong data-start=\"102\" data-end=\"199\">SLAVIC LABS Chaga 20:1 - luonnollinen liittolainen vieroituksen, immuniteetin ja pitk\u00e4ik\u00e4isyyden edist\u00e4miseen. <\/strong>Chaga 20:1 on eritt\u00e4in tiivistetty <strong>Chagos-sienet (Inonotus obliquus)<\/strong> ote, joka on suunniteltu auttamaan kehoasi<strong> torjuvat hapetusstressi\u00e4, edist\u00e4v\u00e4t luonnollista detoksifikaatiota, vahvistavat immuunij\u00e4rjestelm\u00e4\u00e4 ja tukevat solujen terveytt\u00e4.<\/strong>. Kun DER-suhde on 20:1, jokainen gramma t\u00e4t\u00e4 uutetta sis\u00e4lt\u00e4\u00e4 yht\u00e4 paljon kuin 200 grammaa korkealaatuista raakaa chagaa. T\u00e4t\u00e4 sient\u00e4 on arvostettu muinaisista ajoista l\u00e4htien sen adaptogeenisten, tulehdusta ehk\u00e4isevien ja antioksidanttisten ominaisuuksien vuoksi. Se auttaa elimist\u00f6\u00e4 sopeutumaan stressiin, suojaa vapailta radikaaleilta ja tukee sis\u00e4elinten, erityisesti maksan ja ruoansulatusj\u00e4rjestelm\u00e4n toimintaa.<\/p>\n<p class=\"\" data-start=\"822\" data-end=\"874\"><strong data-start=\"822\" data-end=\"874\">Miksi valita Chaga 20:1?<br \/><\/strong>\u2714\ufe0f <strong data-start=\"879\" data-end=\"914\">Korkea pitoisuus (DER 20:1)<\/strong> - kunkin annoksen maksimaalinen vaikutus<br data-start=\"956\" data-end=\"959\" \/>\u2714\ufe0f <strong data-start=\"962\" data-end=\"984\">Todellinen luonnollisuus<\/strong> - ei sis\u00e4ll\u00e4 keinotekoisia lis\u00e4aineita, makuaineita ja makeutusaineita.<br data-start=\"1030\" data-end=\"1033\" \/>\u2714\ufe0f <strong data-start=\"1036\" data-end=\"1059\">Helposti liukeneva<\/strong> - K\u00e4tev\u00e4 k\u00e4ytett\u00e4v\u00e4ksi suosikkijuomiesi kanssa<br data-start=\"1100\" data-end=\"1103\" \/>\u2714\ufe0f <strong data-start=\"1106\" data-end=\"1138\">Immuniteettia ja detoksifikaatiota varten<\/strong> - auttaa torjumaan hapetusstressi\u00e4 ja tukee yleist\u00e4 hyvinvointia.<br data-start=\"1204\" data-end=\"1207\" data-is-only-node=\"\" \/>\u2714\ufe0f <strong data-start=\"1210\" data-end=\"1240\">Pohjoisen ilmaston metsist\u00e4<\/strong> - vain huolellisesti valituista puista saatuja sieni\u00e4<\/p>","protected":false},"featured_media":33889,"comment_status":"open","ping_status":"closed","template":"","meta":{"_acf_changed":false},"product_brand":[455],"product_cat":[123,266,253,252,267,255,500,254,264,265],"product_tag":[],"class_list":{"0":"post-33862","1":"product","2":"type-product","3":"status-publish","4":"has-post-thumbnail","6":"product_brand-slavic-labs","7":"product_cat-papildai-ilgaamziskumui","8":"product_cat-fermentai-ir-virskinimas","9":"product_cat-imuniteto-palaikymas","10":"product_cat-imunitetui","11":"product_cat-kepenu-detoksas","12":"product_cat-oksidacinio-streso-mazinimas","13":"product_cat-outlet","14":"product_cat-uzdegimo-mazinimas","15":"product_cat-virskinimui-ir-detoksui","16":"product_cat-zarnynas-ir-mikrobioma","18":"first","19":"instock","20":"sale","21":"shipping-taxable","22":"purchasable","23":"product-type-simple"},"acf":[],"tiered_pricing_type":"fixed","tiered_pricing_fixed_rules":[],"tiered_pricing_product_settings":{"layout":"default","base_unit_name":{"singular":null,"plural":null},"default_variation":null},"tiered_pricing_minimum_quantity":null,"tiered_pricing_roles_data":[],"tiered_pricing_percentage_rules":[],"_links":{"self":[{"href":"https:\/\/purama.lt\/fi\/wp-json\/wp\/v2\/product\/33862","targetHints":{"allow":["GET"]}}],"collection":[{"href":"https:\/\/purama.lt\/fi\/wp-json\/wp\/v2\/product"}],"about":[{"href":"https:\/\/purama.lt\/fi\/wp-json\/wp\/v2\/types\/product"}],"replies":[{"embeddable":true,"href":"https:\/\/purama.lt\/fi\/wp-json\/wp\/v2\/comments?post=33862"}],"wp:featuredmedia":[{"embeddable":true,"href":"https:\/\/purama.lt\/fi\/wp-json\/wp\/v2\/media\/33889"}],"wp:attachment":[{"href":"https:\/\/purama.lt\/fi\/wp-json\/wp\/v2\/media?parent=33862"}],"wp:term":[{"taxonomy":"product_brand","embeddable":true,"href":"https:\/\/purama.lt\/fi\/wp-json\/wp\/v2\/product_brand?post=33862"},{"taxonomy":"product_cat","embeddable":true,"href":"https:\/\/purama.lt\/fi\/wp-json\/wp\/v2\/product_cat?post=33862"},{"taxonomy":"product_tag","embeddable":true,"href":"https:\/\/purama.lt\/fi\/wp-json\/wp\/v2\/product_tag?post=33862"}],"curies":[{"name":"wp","href":"https:\/\/api.w.org\/{rel}","templated":true}]}}