{"id":33861,"date":"2025-04-09T07:46:57","date_gmt":"2025-04-09T07:46:57","guid":{"rendered":"https:\/\/purama.lt\/produktas\/slavic-labs-reishi-201-streso-valdymo-papildas\/"},"modified":"2026-02-03T16:10:47","modified_gmt":"2026-02-03T14:10:47","slug":"slavic-labs-reishi-201-stressinhallinta-lisaosa","status":"publish","type":"product","link":"https:\/\/purama.lt\/fi\/produktas\/slavic-labs-reishi-201-streso-valdymo-papildas\/","title":{"rendered":"SLAVIC LABS Reishi 20:1 Stressinhallinta-lis\u00e4ke"},"content":{"rendered":"<p><strong>Kuinka k\u00e4ytt\u00e4\u00e4:<\/strong><br>1-2 mittalusikallista p\u00e4iv\u00e4ss\u00e4, liuotettuna 200 ml:aan l\u00e4mmint\u00e4 vett\u00e4, kahvia tai lempijuomaa. On suositeltavaa ottaa illalla maksimaalisen rentoutumisen saavuttamiseksi.<br><br><strong>Ainesosat (p\u00e4ivitt\u00e4ist\u00e4 annosta kohti):<\/strong><br>1000 mg Reishi (Ganoderma lucidum) -uutetta DER 20:1, B6-vitamiini.<\/p>","protected":false},"excerpt":{"rendered":"<p class=\"\" data-start=\"0\" data-end=\"405\"><strong data-start=\"268\" data-end=\"346\">SLAVIC LABS Reishi 20:1 on luonnollinen vastaus stressiin - kun mieli on v\u00e4synyt ja kehon on palaututtava. <\/strong>SLAVIC LABS Reishi 20:1 on eritt\u00e4in tiivis ravintolis\u00e4, <strong>auttaa hallitsemaan stressi\u00e4, vahvistamaan vastustuskyky\u00e4 ja yll\u00e4pit\u00e4m\u00e4\u00e4n sis\u00e4ist\u00e4 tasapainoa.<\/strong>. DER 20:1 -uute saadaan innovatiivisella vesi- ja etanoliuuttoprosessilla, joka s\u00e4ilytt\u00e4\u00e4 Ganoderma lucidum -sienen kaikki arvokkaimmat ominaisuudet.<\/p>\n<p class=\"\" data-start=\"407\" data-end=\"805\"><strong data-start=\"407\" data-end=\"438\">Miksi valita Reishi?<\/strong><br data-start=\"438\" data-end=\"441\" \/>\u2714\ufe0f Tehokas stressinhallintaty\u00f6kalu - auttaa sinua rentoutumaan ja yll\u00e4pit\u00e4m\u00e4\u00e4n tunnetasapainoa.<br data-start=\"526\" data-end=\"529\" \/>\u2714\ufe0f Immuniteetin rakentaminen - kehon luonnollinen vastustuskyky.<br data-start=\"596\" data-end=\"599\" \/>\u2714\ufe0f Tukee laadukasta unta ja stressist\u00e4 palautumista.<br data-start=\"651\" data-end=\"654\" data-is-only-node=\"\" \/>\u2714\ufe0f Sopii i\u00e4kk\u00e4ille ihmisille, joilla on henkist\u00e4 ty\u00f6t\u00e4 tai v\u00e4symyst\u00e4.<br data-start=\"739\" data-end=\"742\" \/>\u2714\ufe0f T\u00e4ydent\u00e4\u00e4 ruokavaliota ilman keinotekoisia lis\u00e4aineita - vain se, mik\u00e4 toimii.<\/p>","protected":false},"featured_media":33882,"comment_status":"open","ping_status":"closed","template":"","meta":{"_acf_changed":false},"product_brand":[455],"product_cat":[123,253,252,122,255,269,254],"product_tag":[],"class_list":{"0":"post-33861","1":"product","2":"type-product","3":"status-publish","4":"has-post-thumbnail","6":"product_brand-slavic-labs","7":"product_cat-papildai-ilgaamziskumui","8":"product_cat-imuniteto-palaikymas","9":"product_cat-imunitetui","10":"product_cat-lasteliu-jaunystei","11":"product_cat-oksidacinio-streso-mazinimas","12":"product_cat-stresui-ir-miegui","13":"product_cat-uzdegimo-mazinimas","15":"first","16":"instock","17":"shipping-taxable","18":"purchasable","19":"product-type-simple"},"acf":[],"tiered_pricing_type":"fixed","tiered_pricing_fixed_rules":[],"tiered_pricing_product_settings":{"layout":"default","base_unit_name":{"singular":null,"plural":null},"default_variation":null},"tiered_pricing_minimum_quantity":null,"tiered_pricing_roles_data":[],"tiered_pricing_percentage_rules":[],"_links":{"self":[{"href":"https:\/\/purama.lt\/fi\/wp-json\/wp\/v2\/product\/33861","targetHints":{"allow":["GET"]}}],"collection":[{"href":"https:\/\/purama.lt\/fi\/wp-json\/wp\/v2\/product"}],"about":[{"href":"https:\/\/purama.lt\/fi\/wp-json\/wp\/v2\/types\/product"}],"replies":[{"embeddable":true,"href":"https:\/\/purama.lt\/fi\/wp-json\/wp\/v2\/comments?post=33861"}],"wp:featuredmedia":[{"embeddable":true,"href":"https:\/\/purama.lt\/fi\/wp-json\/wp\/v2\/media\/33882"}],"wp:attachment":[{"href":"https:\/\/purama.lt\/fi\/wp-json\/wp\/v2\/media?parent=33861"}],"wp:term":[{"taxonomy":"product_brand","embeddable":true,"href":"https:\/\/purama.lt\/fi\/wp-json\/wp\/v2\/product_brand?post=33861"},{"taxonomy":"product_cat","embeddable":true,"href":"https:\/\/purama.lt\/fi\/wp-json\/wp\/v2\/product_cat?post=33861"},{"taxonomy":"product_tag","embeddable":true,"href":"https:\/\/purama.lt\/fi\/wp-json\/wp\/v2\/product_tag?post=33861"}],"curies":[{"name":"wp","href":"https:\/\/api.w.org\/{rel}","templated":true}]}}