{"id":33860,"date":"2025-04-09T07:46:57","date_gmt":"2025-04-09T07:46:57","guid":{"rendered":"https:\/\/purama.lt\/produktas\/slavic-labs-cordyceps-der-201-energijos-ir-istvermes-papildas\/"},"modified":"2026-04-14T14:59:59","modified_gmt":"2026-04-14T12:59:59","slug":"slavic-labs-cordyceps-der-201-energia-ja-voimaa-taydentaa","status":"publish","type":"product","link":"https:\/\/purama.lt\/fi\/produktas\/slavic-labs-cordyceps-der-201-energijos-ir-istvermes-papildas\/","title":{"rendered":"SLAVIC LABS Cordyceps DER 20:1 Energia- ja kest\u00e4vyyslis\u00e4ys."},"content":{"rendered":"<p><strong>K\u00e4ytt\u00f6:<\/strong><br>Ota 1-2 mittalusikallista kerran p\u00e4iv\u00e4ss\u00e4. Liuota 200 ml:aan vett\u00e4, kahvia tai muuta suosikkijuomaa. Suositellaan k\u00e4ytett\u00e4v\u00e4ksi p\u00e4iv\u00e4n ensimm\u00e4isell\u00e4 puoliskolla.<br><br><strong>Ainesosat (vuorokausiannos):<\/strong> 1000 mg Cordyceps sinensis -uutetta (DER 20:1), B6-vitamiini.<\/p>","protected":false},"excerpt":{"rendered":"<p class=\"\" data-start=\"69\" data-end=\"138\"><strong data-start=\"69\" data-end=\"138\">SLAVIC LABS Cordyceps 20:1 - Energiaa, kest\u00e4vyytt\u00e4 ja elinvoimaa varten. <\/strong>- on Cordyceps-sieniuute, jonka korkea pitoisuus (DER 20:1) on saatu kehittyneell\u00e4 vesi-etanoli-uuttoprosessilla. Menetelm\u00e4n avulla voidaan s\u00e4ilytt\u00e4\u00e4 mahdollisimman suuri m\u00e4\u00e4r\u00e4 biologisesti aktiivisia aineita, kuten kordycepiini, polysakkaridit ja sterolit. T\u00e4t\u00e4 ravintolis\u00e4\u00e4 arvostavat erityisesti urheilijat, fyysisesti aktiiviset ihmiset ja ne, jotka ty\u00f6skentelev\u00e4t henkisesti tai tuntevat energian puutetta. Cordyceps sopii my\u00f6s i\u00e4kk\u00e4ille ja kaikille, jotka haluavat tukea kehon kest\u00e4vyytt\u00e4 ja elinvoimaa luonnollisella tavalla. Cordyceps 20:1 <strong>auttaa yll\u00e4pit\u00e4m\u00e4\u00e4n fyysist\u00e4 kest\u00e4vyytt\u00e4, edist\u00e4\u00e4 hapen k\u00e4ytt\u00f6\u00e4 soluissa ja tukee tervett\u00e4 energia-aineenvaihduntaa. Yhdess\u00e4 lis\u00e4tyn B6-vitamiinin kanssa t\u00e4m\u00e4 lis\u00e4ravinne auttaa hermostoa, v\u00e4hent\u00e4\u00e4 v\u00e4symyst\u00e4 ja tukee normaalia psykologista toimintaa.<\/strong>. <\/p>\n<p><strong data-start=\"132\" data-end=\"186\"> Miksi valita Cordyceps 20:1?<br \/><\/strong>\u2714\ufe0f <strong data-start=\"191\" data-end=\"227\">Korkea pitoisuus (DER 20:1):<\/strong> 20 g raaka-ainetta - 1 g uutetta maksimaalisen tehokasta kaavaa varten.<br data-start=\"294\" data-end=\"297\" \/>\u2714\ufe0f <strong data-start=\"300\" data-end=\"325\">Energiatuki:<\/strong> Edist\u00e4\u00e4 luonnollisesti kest\u00e4vyytt\u00e4, fyysist\u00e4 suorituskyky\u00e4 ja hapenottokyky\u00e4.<br data-start=\"395\" data-end=\"398\" data-is-only-node=\"\" \/>\u2714\ufe0f <strong data-start=\"401\" data-end=\"420\">Aivotoiminta:<\/strong> Auttaa yll\u00e4pit\u00e4m\u00e4\u00e4n henkist\u00e4 selkeytt\u00e4, keskittymist\u00e4 ja torjumaan v\u00e4symyst\u00e4.<br data-start=\"491\" data-end=\"494\" \/>\u2714\ufe0f <strong data-start=\"497\" data-end=\"514\">B6-vitamiini:<\/strong> Tukee hermoston normaalia toimintaa ja energia-aineenvaihduntaa.<br data-start=\"575\" data-end=\"578\" \/>\u2714\ufe0f <strong data-start=\"581\" data-end=\"621\">T\u00e4ydellinen valinta urheilun harrastajille:<\/strong> Sopii sek\u00e4 fyysiseen ett\u00e4 psyykkiseen stressiin<br data-start=\"670\" data-end=\"673\" \/>\u2714\ufe0f <strong data-start=\"676\" data-end=\"700\">Ei keinotekoisia lis\u00e4aineita:<\/strong> Vain luonnollisia ainesosia - ei t\u00e4yteaineita tai synteettisi\u00e4 aineita.<\/p>","protected":false},"featured_media":33888,"comment_status":"open","ping_status":"closed","template":"","meta":{"_acf_changed":false},"product_brand":[455],"product_cat":[123,261,260,263,262,500],"product_tag":[],"class_list":{"0":"post-33860","1":"product","2":"type-product","3":"status-publish","4":"has-post-thumbnail","6":"product_brand-slavic-labs","7":"product_cat-papildai-ilgaamziskumui","8":"product_cat-cukraus-balansas","9":"product_cat-energijai-ir-apykaitai","10":"product_cat-fizine-istverme","11":"product_cat-medziagu-apykaita","12":"product_cat-outlet","14":"first","15":"instock","16":"sale","17":"shipping-taxable","18":"purchasable","19":"product-type-variable"},"acf":[],"tiered_pricing_type":"fixed","tiered_pricing_fixed_rules":[],"tiered_pricing_product_settings":{"layout":"default","base_unit_name":{"singular":null,"plural":null},"default_variation":null},"tiered_pricing_minimum_quantity":null,"tiered_pricing_roles_data":[],"tiered_pricing_percentage_rules":[],"_links":{"self":[{"href":"https:\/\/purama.lt\/fi\/wp-json\/wp\/v2\/product\/33860","targetHints":{"allow":["GET"]}}],"collection":[{"href":"https:\/\/purama.lt\/fi\/wp-json\/wp\/v2\/product"}],"about":[{"href":"https:\/\/purama.lt\/fi\/wp-json\/wp\/v2\/types\/product"}],"replies":[{"embeddable":true,"href":"https:\/\/purama.lt\/fi\/wp-json\/wp\/v2\/comments?post=33860"}],"wp:featuredmedia":[{"embeddable":true,"href":"https:\/\/purama.lt\/fi\/wp-json\/wp\/v2\/media\/33888"}],"wp:attachment":[{"href":"https:\/\/purama.lt\/fi\/wp-json\/wp\/v2\/media?parent=33860"}],"wp:term":[{"taxonomy":"product_brand","embeddable":true,"href":"https:\/\/purama.lt\/fi\/wp-json\/wp\/v2\/product_brand?post=33860"},{"taxonomy":"product_cat","embeddable":true,"href":"https:\/\/purama.lt\/fi\/wp-json\/wp\/v2\/product_cat?post=33860"},{"taxonomy":"product_tag","embeddable":true,"href":"https:\/\/purama.lt\/fi\/wp-json\/wp\/v2\/product_tag?post=33860"}],"curies":[{"name":"wp","href":"https:\/\/api.w.org\/{rel}","templated":true}]}}