{"id":33819,"date":"2025-04-07T07:42:32","date_gmt":"2025-04-07T07:42:32","guid":{"rendered":"https:\/\/purama.lt\/produktas\/medicube-pdrn-pink-peptide-serum-veido-serumas\/"},"modified":"2026-04-10T13:03:27","modified_gmt":"2026-04-10T11:03:27","slug":"medicube-pdrn-vaaleanpunainen-peptidiseerumi-kasvoseerumi-kasvoseerumi","status":"publish","type":"product","link":"https:\/\/purama.lt\/fi\/produktas\/medicube-pdrn-pink-peptide-serum-veido-serumas\/","title":{"rendered":"Medicube PDRN Pink Peptide Serum kasvoseerumi kasvoseerumi"},"content":{"rendered":"<p><strong>K\u00e4ytt\u00f6:<\/strong><br>Levit\u00e4 muutama tippa seerumia puhtaalle, s\u00e4vytetylle iholle. Hiero kevyesti sis\u00e4\u00e4n imeytymisen helpottamiseksi. K\u00e4yt\u00e4 aamulla ja\/tai illalla.<\/p>\n\n\n\n<p><strong>Koostumus:<\/strong> Vesi, niasiiniamidi, hydrolysoitu kollageeni, natrium-DNA (PDRN), siltauute, peptidit (kuparitripeptidi-1, asetyyliheksapeptidi-8, palmitoyylipeptidit), hyaluronihappo, glyseriini, koentsyymi Q10 (Ubikinoni), adenosiini, atelokollageeni, lohen kaviaariuute, syanokobalamiini (Vit. B12), luonnolliset kasviuutteet (pyh\u00e4 basilika, kurkuma, neemin lehdet ja kukat, punalev\u00e4), aromit.<br><br>Etsitk\u00f6 lis\u00e4\u00e4? Katso kaikki <a href=\"\/fi\/tuoteselosteet\/medicube\/\">Medicube-alue<\/a>.<\/p>\n\n\n\n<p><\/p>","protected":false},"excerpt":{"rendered":"<p class=\"\" data-start=\"0\" data-end=\"127\"><strong data-start=\"0\" data-end=\"127\">Medicube PDRN vaaleanpunainen peptidiseerumi - <\/strong>Intensiivinen korjaava seerumi s\u00e4teilev\u00e4lle, kiinte\u00e4lle ja kosteutetulle iholle. Tutustu eritt\u00e4in tiiviin ihon elvytt\u00e4v\u00e4n tehon voimiin seuraavilla tuotteilla. <em data-start=\"188\" data-end=\"222\">Medicube PDRN vaaleanpunainen peptidiseerumi<\/em>. T\u00e4m\u00e4 innovatiivinen kasvoseerumi on rikastettu jopa <strong data-start=\"270\" data-end=\"296\">10 000 ppm lohi PDRN<\/strong> - aktiivinen ainesosa, joka auttaa stimuloimaan solujen uusiutumista, palauttamaan ihon suojaverkkoa ja parantamaan sen kimmoisuutta. Ainutlaatuinen <strong data-start=\"424\" data-end=\"454\">peptidej\u00e4 ja lohen kollageenia<\/strong> kompleksi, jota t\u00e4ydent\u00e4\u00e4 <strong data-start=\"478\" data-end=\"556\">hyaluronihappoa, Q10-koentsyymi\u00e4 ja tulsiuutetta (Ocimum Tenuiflorum).<\/strong>, Se kosteuttaa intensiivisesti, rauhoittaa \u00e4rtynytt\u00e4 ihoa ja v\u00e4hent\u00e4\u00e4 pigmenttil\u00e4iski\u00e4. Tarttumaton koostumus imeytyy nopeasti j\u00e4tt\u00e4m\u00e4tt\u00e4 rasvaista kalvoa tai ep\u00e4mukavaa tunnetta. T\u00e4m\u00e4 seerumi ei ainoastaan <strong data-start=\"738\" data-end=\"765\">vahvistaa ihon rakennetta<\/strong> ja suojaa ulkoisilta vaikutuksilta, mutta antaa my\u00f6s kasvojen <strong data-start=\"821\" data-end=\"861\">elinvoimaa ja luonnollista s\u00e4teily\u00e4<\/strong>. Ihanteellinen herk\u00e4lle, v\u00e4syneelle tai kyps\u00e4lle iholle, joka tarvitsee lis\u00e4hoitoa ja uudistumista. <\/p>\n<p><strong>Miksi valita?<\/strong> <br \/>\u2714\ufe0f Stimuloi ihon luonnollista uudistumista ja kimmoisuutta.<br data-start=\"138\" data-end=\"141\" \/>\u2714\ufe0f Vahvistaa vaurioitunutta ihoestett\u00e4 sis\u00e4lt\u00e4p\u00e4in.<br data-start=\"184\" data-end=\"187\" \/>\u2714\ufe0f V\u00e4hent\u00e4\u00e4 ryppyj\u00e4 ja tasoittaa ihon pintaa.<br data-start=\"229\" data-end=\"232\" \/>\u2714\ufe0f Rauhoittaa \u00e4rtynytt\u00e4 ihoa ja kosteuttaa.<br data-start=\"267\" data-end=\"270\" \/>\u2714\ufe0f Parantaa muiden v\u00e4lineiden k\u00e4ytt\u00f6\u00f6nottoa.<\/p>","protected":false},"featured_media":33814,"comment_status":"open","ping_status":"closed","template":"","meta":{"_acf_changed":false},"product_brand":[438],"product_cat":[56,92,59],"product_tag":[],"class_list":{"0":"post-33819","1":"product","2":"type-product","3":"status-publish","4":"has-post-thumbnail","6":"product_brand-medicube","7":"product_cat-veido-serumai","8":"product_cat-groziui","9":"product_cat-veidui","11":"first","12":"instock","13":"shipping-taxable","14":"purchasable","15":"product-type-simple"},"acf":[],"tiered_pricing_type":"fixed","tiered_pricing_fixed_rules":[],"tiered_pricing_product_settings":{"layout":"default","base_unit_name":{"singular":null,"plural":null},"default_variation":null},"tiered_pricing_minimum_quantity":null,"tiered_pricing_roles_data":[],"tiered_pricing_percentage_rules":[],"_links":{"self":[{"href":"https:\/\/purama.lt\/fi\/wp-json\/wp\/v2\/product\/33819","targetHints":{"allow":["GET"]}}],"collection":[{"href":"https:\/\/purama.lt\/fi\/wp-json\/wp\/v2\/product"}],"about":[{"href":"https:\/\/purama.lt\/fi\/wp-json\/wp\/v2\/types\/product"}],"replies":[{"embeddable":true,"href":"https:\/\/purama.lt\/fi\/wp-json\/wp\/v2\/comments?post=33819"}],"wp:featuredmedia":[{"embeddable":true,"href":"https:\/\/purama.lt\/fi\/wp-json\/wp\/v2\/media\/33814"}],"wp:attachment":[{"href":"https:\/\/purama.lt\/fi\/wp-json\/wp\/v2\/media?parent=33819"}],"wp:term":[{"taxonomy":"product_brand","embeddable":true,"href":"https:\/\/purama.lt\/fi\/wp-json\/wp\/v2\/product_brand?post=33819"},{"taxonomy":"product_cat","embeddable":true,"href":"https:\/\/purama.lt\/fi\/wp-json\/wp\/v2\/product_cat?post=33819"},{"taxonomy":"product_tag","embeddable":true,"href":"https:\/\/purama.lt\/fi\/wp-json\/wp\/v2\/product_tag?post=33819"}],"curies":[{"name":"wp","href":"https:\/\/api.w.org\/{rel}","templated":true}]}}