{"id":33818,"date":"2025-04-07T07:42:31","date_gmt":"2025-04-07T07:42:31","guid":{"rendered":"https:\/\/purama.lt\/produktas\/medicube-collagen-glow-booster-serum-veido-serumas\/"},"modified":"2026-04-10T13:03:27","modified_gmt":"2026-04-10T11:03:27","slug":"medicube-kollageeni-glow-booster-seerumi-kasvoseerumi-kasvoseerumi","status":"publish","type":"product","link":"https:\/\/purama.lt\/fi\/produktas\/medicube-collagen-glow-booster-serum-veido-serumas\/","title":{"rendered":"Medicube Collagen Glow Booster Serum kasvoseerumi kasvoseerumi"},"content":{"rendered":"<p><strong>K\u00e4ytt\u00f6:<\/strong><br>K\u00e4\u00e4nn\u00e4 seerumia vasemmalle avataksesi. Paina pumppua ja levit\u00e4 pieni m\u00e4\u00e4r\u00e4 kasvoille. Hiero kevyesti sis\u00e4\u00e4n imeytymisen helpottamiseksi. Kun olet valmis, k\u00e4\u00e4nn\u00e4 oikealle sulkeaksesi. K\u00e4yt\u00e4 aamuin illoin.<\/p>\n\n\n\n<p><strong>Koostumus:<\/strong> Vesi, maitoproteiiniuute, butyleeniglykoli, 1,2-heksaanidioli, etyyliheksyyliglyseroli, glyseriini, dikapryylieetteri, tokoferoli (E-vitamiini), isononyyli-isonononanoaatti, dipropyleeniglykoli, C9-12-alkaanit, polyglyseryyli-4-oleaatti, polyglyseryyli-3-polyricinoleaatti, PEG-30-dipolyylihydroksistearaatti, kollageeni, magnesiumsulfaatti ja niasiiniamidi (B3-vitamiini), liukoinen proteoglykaani, chlorella vulgaris -uute, glukoosi, fruktooligosakkaridit, fruktoosi, kapryyli-\/kapriinitriglyseridit, hydrattu lesitiini, keramidi NP, beetaglukaani, hydrolysoitu elastiini, aromit, kapryyliglykoli, adenosiini, hydroksipropyylitrimoniumhyaluronaatti, natrium-DNA, heksapeptidi-2, biotiini (B7-vitamiini).<\/p>","protected":false},"excerpt":{"rendered":"<p class=\"\" data-start=\"87\" data-end=\"503\"><strong>Medicube Collagen Glow Booster<\/strong> - on edistyksellinen kasvoseerumi, joka sis\u00e4lt\u00e4\u00e4 runsaasti syv\u00e4lle imeytyv\u00e4\u00e4 kollageenia ja muita aktiivisia ainesosia, jotka on suunniteltu palauttamaan ihon kimmoisuus ja antamaan sille luonnollista hehkua. Innovatiivinen tiheysteknologia antaa tehokkaan annoksen aktiivisia ainesosia yhdell\u00e4 kosketuksella: <strong data-start=\"385\" data-end=\"393\">PDRN<\/strong>, <strong data-start=\"395\" data-end=\"412\">maidonvalkoinen<\/strong>, <strong data-start=\"414\" data-end=\"435\">hybridipeptidi<\/strong> ja <strong data-start=\"439\" data-end=\"451\">glukoosi<\/strong>joilla on intensiivinen vaikutus ihon sis\u00e4isiin kerroksiin. Kolme komponenttia - <strong data-start=\"524\" data-end=\"536\">kollageeni<\/strong>, <strong data-start=\"538\" data-end=\"550\">elastiini<\/strong> ja <strong data-start=\"554\" data-end=\"571\">proteoglykaanit<\/strong> - Kompleksi auttaa kiinteytt\u00e4m\u00e4\u00e4n veltostunutta ihoa, yll\u00e4pit\u00e4\u00e4 pitk\u00e4kestoista kosteutusta ja auttaa palauttamaan terveen ja sile\u00e4n rakenteen. Hypoallergeeninen koostumus on testattu herk\u00e4ll\u00e4 iholla, joten se sopii p\u00e4ivitt\u00e4iseen, turvalliseen hoitoon.<\/p>\n<p data-start=\"87\" data-end=\"503\"><strong data-start=\"787\" data-end=\"811\">Miksi valita?<\/strong><br data-start=\"811\" data-end=\"814\" \/>\u2714\ufe0f Kollageeni, elastiini ja proteoglykaanit - ihon tiheyden ja kimmoisuuden lis\u00e4\u00e4miseksi.<br data-start=\"896\" data-end=\"899\" \/>\u2714\ufe0f Innovatiivinen kaava, jossa on PDRN ja peptidej\u00e4 - syv\u00e4lle ulottuva korjaava vaikutus.<br data-start=\"970\" data-end=\"973\" \/>\u2714\ufe0f Antaa iholle s\u00e4teily\u00e4, pehmeytt\u00e4 ja kosteutta.<br data-start=\"1021\" data-end=\"1024\" data-is-only-node=\"\" \/>\u2714\ufe0f Testattu herk\u00e4lle iholle - hypoallergeeninen valinta.<br data-start=\"1080\" data-end=\"1083\" \/>\u2714\ufe0f Helppo k\u00e4ytt\u00e4\u00e4 ja imeytyy t\u00e4ydellisesti<\/p>\n<p data-start=\"87\" data-end=\"503\"><strong>TOIMITUS KEST\u00c4\u00c4 7-10 TY\u00d6P\u00c4IV\u00c4\u00c4.<\/strong><\/p>","protected":false},"featured_media":33813,"comment_status":"open","ping_status":"closed","template":"","meta":{"_acf_changed":false},"product_brand":[438],"product_cat":[56,92,59],"product_tag":[],"class_list":{"0":"post-33818","1":"product","2":"type-product","3":"status-publish","4":"has-post-thumbnail","6":"product_brand-medicube","7":"product_cat-veido-serumai","8":"product_cat-groziui","9":"product_cat-veidui","11":"first","12":"outofstock","13":"shipping-taxable","14":"purchasable","15":"product-type-simple"},"acf":[],"tiered_pricing_type":"fixed","tiered_pricing_fixed_rules":[],"tiered_pricing_product_settings":{"layout":"default","base_unit_name":{"singular":null,"plural":null},"default_variation":null},"tiered_pricing_minimum_quantity":null,"tiered_pricing_roles_data":[],"tiered_pricing_percentage_rules":[],"_links":{"self":[{"href":"https:\/\/purama.lt\/fi\/wp-json\/wp\/v2\/product\/33818","targetHints":{"allow":["GET"]}}],"collection":[{"href":"https:\/\/purama.lt\/fi\/wp-json\/wp\/v2\/product"}],"about":[{"href":"https:\/\/purama.lt\/fi\/wp-json\/wp\/v2\/types\/product"}],"replies":[{"embeddable":true,"href":"https:\/\/purama.lt\/fi\/wp-json\/wp\/v2\/comments?post=33818"}],"wp:featuredmedia":[{"embeddable":true,"href":"https:\/\/purama.lt\/fi\/wp-json\/wp\/v2\/media\/33813"}],"wp:attachment":[{"href":"https:\/\/purama.lt\/fi\/wp-json\/wp\/v2\/media?parent=33818"}],"wp:term":[{"taxonomy":"product_brand","embeddable":true,"href":"https:\/\/purama.lt\/fi\/wp-json\/wp\/v2\/product_brand?post=33818"},{"taxonomy":"product_cat","embeddable":true,"href":"https:\/\/purama.lt\/fi\/wp-json\/wp\/v2\/product_cat?post=33818"},{"taxonomy":"product_tag","embeddable":true,"href":"https:\/\/purama.lt\/fi\/wp-json\/wp\/v2\/product_tag?post=33818"}],"curies":[{"name":"wp","href":"https:\/\/api.w.org\/{rel}","templated":true}]}}