{"id":33817,"date":"2025-04-07T07:42:31","date_gmt":"2025-04-07T07:42:31","guid":{"rendered":"https:\/\/purama.lt\/produktas\/medicube-collagen-jelly-cream-veido-kremas\/"},"modified":"2026-04-10T13:03:27","modified_gmt":"2026-04-10T11:03:27","slug":"medicube-kollageenihyytelovoide-kasvovoide","status":"publish","type":"product","link":"https:\/\/purama.lt\/fi\/produktas\/medicube-collagen-jelly-cream-veido-kremas\/","title":{"rendered":"Medicube Collagen Jelly Cream kasvovoide"},"content":{"rendered":"<p><strong>K\u00e4ytt\u00f6:<\/strong><br>Viimeistele ihonhoitorutiinisi levitt\u00e4m\u00e4ll\u00e4 pieni m\u00e4\u00e4r\u00e4 voidetta puhtaalle iholle. Levit\u00e4 tasaisesti ja taputtele kevyesti, jotta se imeytyy ihoon.<\/p>\n\n\n\n<p><strong>Koostumus:<\/strong><br>Vesi, propaanidioli, niasiiniamidi, hydrolysoitu kollageeni, liukoinen kollageeni, klorellauute, lohen kaviaariuute, viherkasvikompleksi (parsakaali, pinaatti, mustikka, tomaatti, valkosipuli, kaura, vihre\u00e4n teen siemenet), hyaluronihappo, adenosiini, skvalaani, E-vitamiini, B12-vitamiini, proteoglykaanit, kimmoisuutta yll\u00e4pit\u00e4v\u00e4t aineet.<br><br>Etsitk\u00f6 lis\u00e4\u00e4? Katso kaikki <a href=\"\/fi\/tuoteselosteet\/medicube\/\">Medicube-alue<\/a>.<\/p>\n\n\n\n<p><\/p>","protected":false},"excerpt":{"rendered":"<p class=\"\" data-start=\"72\" data-end=\"151\"><strong data-start=\"72\" data-end=\"151\">Medicube kollageenihyytel\u00f6voide - <\/strong>Intensiivinen geelim\u00e4inen kasvovoide, jossa on kollageenia. Elvytt\u00e4\u00e4 v\u00e4syneen ja veltostuneen ihon <strong>Medicube kollageenin hyytel\u00f6voide<\/strong> - t\u00e4m\u00e4 <strong data-start=\"246\" data-end=\"281\">virkist\u00e4v\u00e4 geelim\u00e4inen voide<\/strong>, joka jopa <strong data-start=\"295\" data-end=\"325\">98 % Hydrolysoitu kollageeni<\/strong>. Voide v\u00e4hent\u00e4\u00e4 tehokkaasti ryppyj\u00e4, lis\u00e4\u00e4 kimmoisuutta ja palauttaa kasvoille nuorekkaan hehkun. Hyaluronihappokompleksi kosteuttaa syv\u00e4sti, auttaa palauttamaan ihon luonnollisen rakenteen ja parantaa sen yleist\u00e4 kuntoa. Raikas, geelim\u00e4inen koostumus imeytyy nopeasti ja antaa silkkisen pehme\u00e4n tunteen tuntumatta raskaalta. Sopii p\u00e4ivitt\u00e4iseen k\u00e4ytt\u00f6\u00f6n kaikille ihotyypeille, erityisesti niille, jotka ovat menett\u00e4neet kiinteytt\u00e4\u00e4n tai ovat alttiita kuivuudelle. <\/p>\n<p><strong>Miksi valita?<br \/><\/strong>\u2714\ufe0f 98 % Hydrolysoitu kollageeni - kiinte\u00e4mm\u00e4lle ja kimmoisammalle iholle.<br data-start=\"833\" data-end=\"836\" \/>\u2714\ufe0f Hyaluronihapot - syv\u00e4kosteuttamiseen ja ihon rakenteen palauttamiseen.<br data-start=\"904\" data-end=\"907\" \/>\u2714\ufe0f Raikas geelim\u00e4inen koostumus - imeytyy nopeasti ilman, ett\u00e4 se painaa sinua.<br data-start=\"964\" data-end=\"967\" \/>\u2714\ufe0f Sopii kaikille ihotyypeille - erityisesti kuivalle ja kyps\u00e4lle iholle.<br data-start=\"1017\" data-end=\"1020\" \/>\u2714\ufe0f Kauniimpi, sile\u00e4mpi ja pehme\u00e4mpi iho jo muutaman k\u00e4ytt\u00f6kerran j\u00e4lkeen.<\/p>","protected":false},"featured_media":33815,"comment_status":"open","ping_status":"closed","template":"","meta":{"_acf_changed":false},"product_brand":[438],"product_cat":[55,92,59],"product_tag":[],"class_list":{"0":"post-33817","1":"product","2":"type-product","3":"status-publish","4":"has-post-thumbnail","6":"product_brand-medicube","7":"product_cat-veido-kremai","8":"product_cat-groziui","9":"product_cat-veidui","11":"first","12":"instock","13":"shipping-taxable","14":"purchasable","15":"product-type-simple"},"acf":[],"tiered_pricing_type":"fixed","tiered_pricing_fixed_rules":[],"tiered_pricing_product_settings":{"layout":"default","base_unit_name":{"singular":null,"plural":null},"default_variation":null},"tiered_pricing_minimum_quantity":null,"tiered_pricing_roles_data":[],"tiered_pricing_percentage_rules":[],"_links":{"self":[{"href":"https:\/\/purama.lt\/fi\/wp-json\/wp\/v2\/product\/33817","targetHints":{"allow":["GET"]}}],"collection":[{"href":"https:\/\/purama.lt\/fi\/wp-json\/wp\/v2\/product"}],"about":[{"href":"https:\/\/purama.lt\/fi\/wp-json\/wp\/v2\/types\/product"}],"replies":[{"embeddable":true,"href":"https:\/\/purama.lt\/fi\/wp-json\/wp\/v2\/comments?post=33817"}],"wp:featuredmedia":[{"embeddable":true,"href":"https:\/\/purama.lt\/fi\/wp-json\/wp\/v2\/media\/33815"}],"wp:attachment":[{"href":"https:\/\/purama.lt\/fi\/wp-json\/wp\/v2\/media?parent=33817"}],"wp:term":[{"taxonomy":"product_brand","embeddable":true,"href":"https:\/\/purama.lt\/fi\/wp-json\/wp\/v2\/product_brand?post=33817"},{"taxonomy":"product_cat","embeddable":true,"href":"https:\/\/purama.lt\/fi\/wp-json\/wp\/v2\/product_cat?post=33817"},{"taxonomy":"product_tag","embeddable":true,"href":"https:\/\/purama.lt\/fi\/wp-json\/wp\/v2\/product_tag?post=33817"}],"curies":[{"name":"wp","href":"https:\/\/api.w.org\/{rel}","templated":true}]}}