{"id":33695,"date":"2025-04-03T13:26:06","date_gmt":"2025-04-03T13:26:06","guid":{"rendered":"https:\/\/purama.lt\/produktas\/kojines-keep-going-black-sporcks\/"},"modified":"2026-04-09T13:34:55","modified_gmt":"2026-04-09T11:34:55","slug":"kojines-pitaa-menna-musta-sporcks","status":"publish","type":"product","link":"https:\/\/purama.lt\/fi\/produktas\/kojines-keep-going-black-sporcks\/","title":{"rendered":"SPORCKS Keep Going Musta urheilusukat"},"content":{"rendered":"<p>Etsitk\u00f6 lis\u00e4\u00e4? Katso kaikki <a href=\"\/fi\/tuoteselosteet\/sporcks\/\">Sporcks-valikoima<\/a>.<\/p>","protected":false},"excerpt":{"rendered":"<article class=\"text-token-text-primary w-full\" dir=\"auto\" data-testid=\"conversation-turn-422\" data-scroll-anchor=\"true\">\n<div class=\"text-base my-auto mx-auto py-5 px-6\">\n<div class=\"mx-auto flex flex-1 text-base gap-4 md:gap-5 lg:gap-6 md:max-w-3xl lg:max-w-[40rem] xl:max-w-[48rem] group\/turn-messages focus-visible:outline-hidden\">\n<div class=\"group\/conversation-turn relative flex w-full min-w-0 flex-col agent-turn @xs\/thread:px-0 @sm\/thread:px-1.5 @md\/thread:px-4\">\n<div class=\"relative flex-col gap-1 md:gap-3\">\n<div class=\"flex max-w-full flex-col grow\">\n<div class=\"min-h-8 text-message relative flex w-full flex-col items-end gap-2 text-start break-words whitespace-normal [.text-message+&amp;]:mt-5\" dir=\"auto\" data-message-author-role=\"assistant\" data-message-id=\"2a0c0c18-4824-44eb-ae42-9ce7411284fa\" data-message-model-slug=\"gpt-4o\">\n<div class=\"flex w-full flex-col gap-1 empty:hidden first:pt-[3px]\">\n<div class=\"markdown prose dark:prose-invert w-full break-words light\">\n<p class=\"\" data-start=\"0\" data-end=\"333\"><strong>SPORCKS Keep Going Black<\/strong> \u2013 tai auk\u0161\u010diausios klas\u0117s b\u0117gimo kojin\u0117s, sukurtos sportininkams, kurie siekia i\u0161tverm\u0117s, nuoseklumo ir maksimalios kokyb\u0117s kiekviename \u017eingsnyje. Precizi\u0161kai pritaikytas dizainas u\u017etikrina nepriekai\u0161ting\u0105 prigludim\u0105, o pa\u017eangios technologijos suteikia komfort\u0105 net intensyviausi\u0173 treniruo\u010di\u0173 metu. Strategi\u0161kai sustiprintos zonos aplink kulk\u0161n\u012f ir padikaul\u012f padeda stabilizuoti p\u0117d\u0105 ir apsaugo nuo pervargimo, o vidutinio lygio kompresija palaiko kraujotak\u0105, ma\u017eina \u012ftamp\u0105 ir skatina greitesn\u012f atsistatym\u0105. Naudojamas<strong> COOLMAX\u00ae<\/strong> audinys padeda reguliuoti temperat\u016br\u0105, pa\u0161alina dr\u0117gm\u0119 ir saugo nuo p\u016bsli\u0173. Kv\u0117puojanti tinklin\u0117 strukt\u016bra u\u017etikrina oro cirkuliacij\u0105, tod\u0117l koja i\u0161lieka sausa ir v\u0117si net didelio kr\u016bvio metu.<\/p>\n<p class=\"\" data-start=\"758\" data-end=\"778\"><strong>Pagrindin\u0117s savyb\u0117s:<\/strong><\/p>\n<p class=\"\" data-start=\"780\" data-end=\"1225\">\u2714\ufe0f <strong>Ergonomi\u0161kas prigludimas:<\/strong> stabilumas ir atrama aktyvi\u0173 judesi\u0173 metu<br data-start=\"850\" data-end=\"853\" \/>\u2714\ufe0f <strong>Vidutinio lygio kompresija:<\/strong> geresn\u0117 kraujotaka ir ma\u017eesnis nuovargis<br data-start=\"924\" data-end=\"927\" \/>\u2714\ufe0f<strong> COOLMAX\u00ae audinys:<\/strong> efektyvus prakaito pa\u0161alinimas ir apsauga nuo p\u016bsli\u0173<br data-start=\"1000\" data-end=\"1003\" \/>\u2714\ufe0f <strong>Kv\u0117puojanti strukt\u016bra:<\/strong> puiki oro cirkuliacija net intensyviausiose treniruot\u0117se<br data-start=\"1085\" data-end=\"1088\" \/>\u2714\ufe0f <strong>Tvirtas, bet lengvas audinys:<\/strong> komfortas ir ilgaam\u017ei\u0161kumas<br data-start=\"1148\" data-end=\"1151\" \/>\u2714\ufe0f <strong>Pagaminta Ispanijoje:<\/strong> patikima kokyb\u0117, \u012fkv\u0117pta profesional\u0173 patirties<\/p>\n<p class=\"\" data-start=\"1227\" data-end=\"1356\">\n<\/div>\n<\/div>\n<\/div>\n<\/div>\n<\/div>\n<\/div>\n<\/div>\n<\/div>\n<\/article>\n","protected":false},"featured_media":33706,"comment_status":"open","ping_status":"closed","template":"","meta":{"_acf_changed":false},"product_brand":[246],"product_cat":[98,57,102],"product_tag":[],"class_list":{"0":"post-33695","1":"product","2":"type-product","3":"status-publish","4":"has-post-thumbnail","6":"product_brand-sporcks","7":"product_cat-sportui","8":"product_cat-akcijos","9":"product_cat-kojines","11":"first","12":"instock","13":"sale","14":"shipping-taxable","15":"purchasable","16":"product-type-variable"},"acf":[],"tiered_pricing_type":"fixed","tiered_pricing_fixed_rules":[],"tiered_pricing_product_settings":{"layout":"default","base_unit_name":{"singular":null,"plural":null},"default_variation":null},"tiered_pricing_minimum_quantity":null,"tiered_pricing_roles_data":[],"tiered_pricing_percentage_rules":[],"_links":{"self":[{"href":"https:\/\/purama.lt\/fi\/wp-json\/wp\/v2\/product\/33695","targetHints":{"allow":["GET"]}}],"collection":[{"href":"https:\/\/purama.lt\/fi\/wp-json\/wp\/v2\/product"}],"about":[{"href":"https:\/\/purama.lt\/fi\/wp-json\/wp\/v2\/types\/product"}],"replies":[{"embeddable":true,"href":"https:\/\/purama.lt\/fi\/wp-json\/wp\/v2\/comments?post=33695"}],"wp:featuredmedia":[{"embeddable":true,"href":"https:\/\/purama.lt\/fi\/wp-json\/wp\/v2\/media\/33706"}],"wp:attachment":[{"href":"https:\/\/purama.lt\/fi\/wp-json\/wp\/v2\/media?parent=33695"}],"wp:term":[{"taxonomy":"product_brand","embeddable":true,"href":"https:\/\/purama.lt\/fi\/wp-json\/wp\/v2\/product_brand?post=33695"},{"taxonomy":"product_cat","embeddable":true,"href":"https:\/\/purama.lt\/fi\/wp-json\/wp\/v2\/product_cat?post=33695"},{"taxonomy":"product_tag","embeddable":true,"href":"https:\/\/purama.lt\/fi\/wp-json\/wp\/v2\/product_tag?post=33695"}],"curies":[{"name":"wp","href":"https:\/\/api.w.org\/{rel}","templated":true}]}}