{"id":33694,"date":"2025-04-03T13:26:06","date_gmt":"2025-04-03T13:26:06","guid":{"rendered":"https:\/\/purama.lt\/produktas\/kojines-omg-yellow-sporcks\/"},"modified":"2026-04-20T20:53:01","modified_gmt":"2026-04-20T18:53:01","slug":"kojines-omg-keltainen-sporcks","status":"publish","type":"product","link":"https:\/\/purama.lt\/fi\/produktas\/kojines-omg-yellow-sporcks\/","title":{"rendered":"SPORCKS OMG keltaiset urheilusukat"},"content":{"rendered":"<p>Etsitk\u00f6 lis\u00e4\u00e4? Katso kaikki <a href=\"\/fi\/tuoteselosteet\/sporcks\/\">Sporcks-valikoima<\/a>.<\/p>","protected":false},"excerpt":{"rendered":"<p class=\"\" data-start=\"0\" data-end=\"343\"><strong>SPORCKS OMG Keltainen<\/strong> - on rohkea yhdistelm\u00e4 tyyli\u00e4 ja toiminnallisuutta, joka on suunniteltu juoksijoille, jotka haluavat erottua edukseen paitsi suorituskyvyn my\u00f6s imagon suhteen. Rohkea muotoilu yhdistyy edistykselliseen teknologiaan - ergonominen muoto ja vahva nilkka- ja jalkapohjatuki auttavat pit\u00e4m\u00e4\u00e4n jalan vakaana jopa kaikkein intensiivisimm\u00e4n harjoituksen aikana.<\/p>\n<p class=\"\" data-start=\"345\" data-end=\"590\"><strong>COOLMAX\u00ae<\/strong> Kangas tarjoaa erinomaisen ilmanvaihdon, suojaa rakkuloilta ja tehokkaan kosteudensiirron pit\u00e4en jalat kuivina ja raikkaina. Keskitason kompressio edist\u00e4\u00e4 verenkiertoa, v\u00e4hent\u00e4\u00e4 v\u00e4symyst\u00e4 ja auttaa sinua palautumaan nopeammin treenin j\u00e4lkeen.<\/p>\n<p class=\"\" data-start=\"592\" data-end=\"616\"><strong data-start=\"592\" data-end=\"616\">T\u00e4rkeimm\u00e4t ominaisuudet:<\/strong><\/p>\n<p class=\"\" data-start=\"618\" data-end=\"1019\">\u2714\ufe0f <strong>Tyylik\u00e4s muotoilu:<\/strong> poikkeuksellista kirkkautta ja ammattitaitoa yhdess\u00e4<br data-start=\"688\" data-end=\"691\" \/>\u2714\ufe0f<strong> Ergonominen tuki:<\/strong> nilkan ja jalkater\u00e4n vakaus<br data-start=\"761\" data-end=\"764\" \/>\u2714\ufe0f <strong>COOLMAX\u00ae-kangas:<\/strong> erinomainen ilmanl\u00e4p\u00e4isevyys ja rakkulasuojaus<br data-start=\"829\" data-end=\"832\" \/>\u2714\ufe0f <strong>Keskikokoinen puristus:<\/strong> auttaa lihaksia palautumaan nopeammin<br data-start=\"891\" data-end=\"894\" \/>\u2714\ufe0f <strong>Hengitt\u00e4v\u00e4 rakenne:<\/strong> optimaalinen ihon l\u00e4mp\u00f6tila juoksun aikana<br data-start=\"957\" data-end=\"960\" \/>\u2714\ufe0f <strong>Valmistettu Espanjassa:<\/strong> urheilukokemukseen perustuva laatu<\/p>","protected":false},"featured_media":33700,"comment_status":"open","ping_status":"closed","template":"","meta":{"_acf_changed":false},"product_brand":[246],"product_cat":[98,57,102],"product_tag":[],"class_list":{"0":"post-33694","1":"product","2":"type-product","3":"status-publish","4":"has-post-thumbnail","6":"product_brand-sporcks","7":"product_cat-sportui","8":"product_cat-akcijos","9":"product_cat-kojines","11":"first","12":"instock","13":"sale","14":"shipping-taxable","15":"purchasable","16":"product-type-variable"},"acf":[],"tiered_pricing_type":"fixed","tiered_pricing_fixed_rules":[],"tiered_pricing_product_settings":{"layout":"default","base_unit_name":{"singular":null,"plural":null},"default_variation":null},"tiered_pricing_minimum_quantity":null,"tiered_pricing_roles_data":[],"tiered_pricing_percentage_rules":[],"_links":{"self":[{"href":"https:\/\/purama.lt\/fi\/wp-json\/wp\/v2\/product\/33694","targetHints":{"allow":["GET"]}}],"collection":[{"href":"https:\/\/purama.lt\/fi\/wp-json\/wp\/v2\/product"}],"about":[{"href":"https:\/\/purama.lt\/fi\/wp-json\/wp\/v2\/types\/product"}],"replies":[{"embeddable":true,"href":"https:\/\/purama.lt\/fi\/wp-json\/wp\/v2\/comments?post=33694"}],"wp:featuredmedia":[{"embeddable":true,"href":"https:\/\/purama.lt\/fi\/wp-json\/wp\/v2\/media\/33700"}],"wp:attachment":[{"href":"https:\/\/purama.lt\/fi\/wp-json\/wp\/v2\/media?parent=33694"}],"wp:term":[{"taxonomy":"product_brand","embeddable":true,"href":"https:\/\/purama.lt\/fi\/wp-json\/wp\/v2\/product_brand?post=33694"},{"taxonomy":"product_cat","embeddable":true,"href":"https:\/\/purama.lt\/fi\/wp-json\/wp\/v2\/product_cat?post=33694"},{"taxonomy":"product_tag","embeddable":true,"href":"https:\/\/purama.lt\/fi\/wp-json\/wp\/v2\/product_tag?post=33694"}],"curies":[{"name":"wp","href":"https:\/\/api.w.org\/{rel}","templated":true}]}}