{"id":33693,"date":"2025-04-03T13:26:06","date_gmt":"2025-04-03T13:26:06","guid":{"rendered":"https:\/\/purama.lt\/produktas\/kojines-flow-pink-sporcks\/"},"modified":"2026-04-03T10:26:21","modified_gmt":"2026-04-03T08:26:21","slug":"kojines-flow-pink-sporcks","status":"publish","type":"product","link":"https:\/\/purama.lt\/fi\/produktas\/kojines-flow-pink-sporcks\/","title":{"rendered":"SPORCKS Flow Vaaleanpunaiset urheilusukat"},"content":{"rendered":"<p>Etsitk\u00f6 lis\u00e4\u00e4? Katso kaikki <a href=\"\/fi\/tuoteselosteet\/sporcks\/\">Sporcks-valikoima<\/a>.<\/p>","protected":false},"excerpt":{"rendered":"<p class=\"\" data-start=\"0\" data-end=\"338\"><strong>SPORCKS Flow Pink<\/strong> - on t\u00e4ydellinen valinta niille, jotka etsiv\u00e4t teknisen mukavuuden ja ilmeikk\u00e4\u00e4n tyylin v\u00e4list\u00e4 harmoniaa. N\u00e4iss\u00e4 ammattik\u00e4ytt\u00f6\u00f6n tarkoitetuissa juoksusukissa on ergonominen muotoilu, joka istuu tiiviisti jalkaan, kun taas vahvistettu tukialue nilkan ja pohkeen ymp\u00e4rill\u00e4 auttaa vakauttamaan askelta ja v\u00e4hent\u00e4m\u00e4\u00e4n lihasj\u00e4nnityst\u00e4.<\/p>\n<p class=\"\" data-start=\"340\" data-end=\"612\"><strong>COOLMAX\u00ae<\/strong> Kangas s\u00e4\u00e4telee tehokkaasti l\u00e4mp\u00f6tilaa, haihduttaa kosteuden nopeasti ja suojaa hankauksilta ja rakoilta, kun taas hengitt\u00e4v\u00e4 verkko pit\u00e4\u00e4 sinut raikkaana pisimmill\u00e4kin juoksulenkill\u00e4. Keskitason kompressio edist\u00e4\u00e4 verenkiertoa, auttaa palautumista ja antaa sinulle mahdollisuuden saavuttaa enemm\u00e4n.<\/p>\n<p class=\"\" data-start=\"614\" data-end=\"638\"><strong data-start=\"614\" data-end=\"638\">T\u00e4rkeimm\u00e4t ominaisuudet:<\/strong><\/p>\n<p class=\"\" data-start=\"640\" data-end=\"1085\">\u2714\ufe0f <strong>Tyylik\u00e4s ja dynaaminen muotoilu:<\/strong> Silmiinpist\u00e4v\u00e4 vaaleanpunainen korostus urheilullisessa yhdistelm\u00e4ss\u00e4<br data-start=\"730\" data-end=\"733\" \/>\u2714\ufe0f<strong> Vakaus ja tuki:<\/strong> vahvistettu nilkan ja pohjan tuki<br data-start=\"805\" data-end=\"808\" \/>\u2714\ufe0f <strong>COOLMAX\u00ae-teknologia:<\/strong> erinomainen ilmanvaihto, kosteudenpoisto ja mukavuus<br data-start=\"884\" data-end=\"887\" \/>\u2714\ufe0f<strong> Keskikokoinen puristus:<\/strong> v\u00e4hent\u00e4\u00e4 v\u00e4symyst\u00e4 ja edist\u00e4\u00e4 palautumista<br data-start=\"949\" data-end=\"952\" \/>\u2714\ufe0f <strong>Verkon rakenne:<\/strong> Hengitt\u00e4v\u00e4 materiaali intensiiviseen harjoitteluun<br data-start=\"1021\" data-end=\"1024\" \/>\u2714\ufe0f <strong>Valmistettu Espanjassa:<\/strong> ammattilaisten luottama laatu<\/p>\n<p class=\"\" data-start=\"1087\" data-end=\"1196\">","protected":false},"featured_media":33696,"comment_status":"open","ping_status":"closed","template":"","meta":{"_acf_changed":false},"product_brand":[246],"product_cat":[98,57,102],"product_tag":[],"class_list":{"0":"post-33693","1":"product","2":"type-product","3":"status-publish","4":"has-post-thumbnail","6":"product_brand-sporcks","7":"product_cat-sportui","8":"product_cat-akcijos","9":"product_cat-kojines","11":"first","12":"instock","13":"sale","14":"shipping-taxable","15":"purchasable","16":"product-type-variable"},"acf":[],"tiered_pricing_type":"fixed","tiered_pricing_fixed_rules":[],"tiered_pricing_product_settings":{"layout":"default","base_unit_name":{"singular":null,"plural":null},"default_variation":null},"tiered_pricing_minimum_quantity":null,"tiered_pricing_roles_data":[],"tiered_pricing_percentage_rules":[],"_links":{"self":[{"href":"https:\/\/purama.lt\/fi\/wp-json\/wp\/v2\/product\/33693","targetHints":{"allow":["GET"]}}],"collection":[{"href":"https:\/\/purama.lt\/fi\/wp-json\/wp\/v2\/product"}],"about":[{"href":"https:\/\/purama.lt\/fi\/wp-json\/wp\/v2\/types\/product"}],"replies":[{"embeddable":true,"href":"https:\/\/purama.lt\/fi\/wp-json\/wp\/v2\/comments?post=33693"}],"wp:featuredmedia":[{"embeddable":true,"href":"https:\/\/purama.lt\/fi\/wp-json\/wp\/v2\/media\/33696"}],"wp:attachment":[{"href":"https:\/\/purama.lt\/fi\/wp-json\/wp\/v2\/media?parent=33693"}],"wp:term":[{"taxonomy":"product_brand","embeddable":true,"href":"https:\/\/purama.lt\/fi\/wp-json\/wp\/v2\/product_brand?post=33693"},{"taxonomy":"product_cat","embeddable":true,"href":"https:\/\/purama.lt\/fi\/wp-json\/wp\/v2\/product_cat?post=33693"},{"taxonomy":"product_tag","embeddable":true,"href":"https:\/\/purama.lt\/fi\/wp-json\/wp\/v2\/product_tag?post=33693"}],"curies":[{"name":"wp","href":"https:\/\/api.w.org\/{rel}","templated":true}]}}