{"id":33611,"date":"2025-04-02T13:05:45","date_gmt":"2025-04-02T13:05:45","guid":{"rendered":"https:\/\/purama.lt\/produktas\/kernelmed-laser-80-plauku-atauginimo-sistema\/"},"modified":"2025-06-04T10:22:14","modified_gmt":"2025-06-04T10:22:14","slug":"kernel-kn8000c-hiusten-uusiutumisjarjestelma","status":"publish","type":"product","link":"https:\/\/purama.lt\/fi\/produktas\/kernel-kn8000c-plauku-atauginimo-sistema\/","title":{"rendered":"Kernel KN8000C STANDARD hiustenkasvuj\u00e4rjestelm\u00e4"},"content":{"rendered":"<div class=\"wp-block-group is-vertical is-layout-flex wp-container-core-group-is-layout-fe9cc265 wp-block-group-is-layout-flex\">\n<p><strong>Kuinka k\u00e4ytt\u00e4\u00e4 parhaiden tulosten saavuttamiseksi<\/strong>?<\/p>\n\n\n\n<ul class=\"wp-block-list\">\n<li><strong>Valmistelu k\u00e4ytt\u00f6\u00e4 varten<\/strong> Varmista, ett\u00e4 hiuksesi ovat puhtaat ja kuivat. Laitetta on suositeltavaa k\u00e4ytt\u00e4\u00e4 puhtaalla p\u00e4\u00e4nahalla, jotta lasers\u00e4de p\u00e4\u00e4see esteett\u00e4 follikkeliin.<\/li>\n\n\n\n<li><strong>K\u00e4yt\u00e4 kyp\u00e4r\u00e4\u00e4<\/strong> Aseta laite p\u00e4\u00e4h\u00e4si niin, ett\u00e4 se istuu mukavasti ja on vakaa. S\u00e4\u00e4d\u00e4 sis\u00e4inen p\u00e4\u00e4panta p\u00e4\u00e4si koon mukaan.<\/li>\n\n\n\n<li><strong>Laitteen kytkeminen p\u00e4\u00e4lle<\/strong> Kytke laite p\u00e4\u00e4lle kotelossa olevalla painikkeella tai ohjaa sit\u00e4 AGE-R-sovelluksella, jos laitteessa on Bluetooth-yhteys.<\/li>\n\n\n\n<li><strong>Valitse tila<\/strong> Valitse sovelluksessa tai laitteen ohjauspaneelissa haluamasi tila haluamasi terapiatavoitteen mukaan (esim. yleist\u00e4 vahvistusta, fokusoitua tai vy\u00f6hykkeellist\u00e4 vierityshoitoa varten).<\/li>\n\n\n\n<li><strong>Hoidon kesto<\/strong> Yhden hoidon kesto on noin 20 minuuttia, eik\u00e4 sit\u00e4 tarvitse ylitt\u00e4\u00e4. Laite kytkeytyy automaattisesti pois p\u00e4\u00e4lt\u00e4 asetetun ajan p\u00e4\u00e4tytty\u00e4.<\/li>\n\n\n\n<li><strong>K\u00e4ytt\u00f6taajuus<\/strong> Suositeltu k\u00e4ytt\u00f6 <strong>3-4 kertaa viikossa<\/strong>, s\u00e4\u00e4nn\u00f6llisesti kolmen kuukauden ajan. Tulokset n\u00e4kyv\u00e4t 8-12 viikon kuluttua.<\/li>\n\n\n\n<li><strong>K\u00e4yt\u00f6n j\u00e4lkeen<\/strong> Irrota laite ja pyyhi se tarvittaessa pehme\u00e4ll\u00e4 liinalla. S\u00e4ilyt\u00e4 kuivassa paikassa, jossa ei ole suoraa auringonvaloa.<br><br><strong>Kernel KN8000C STANDARD<\/strong> - on edistyksellinen laserhoitoj\u00e4rjestelm\u00e4, joka on suunniteltu stimuloimaan hiusten kasvua ja ehk\u00e4isem\u00e4\u00e4n hiustenl\u00e4ht\u00f6\u00e4 kotona. Kevyt, tyylik\u00e4s kyp\u00e4r\u00e4 k\u00e4ytt\u00e4\u00e4 <strong>LLLT-valotekniikka<\/strong>, joka aktivoi karvatupet ja takaa tasaisen valaistuksen my\u00f6s laajoilla alueilla. S\u00e4\u00e4dett\u00e4v\u00e4 koko, vy\u00f6hykehoito ja mukava k\u00e4ytt\u00f6 - kaikki mit\u00e4 tarvitset vaivattomaan ammattimaiseen hiustenhoitoon.<\/li>\n<\/ul>\n<\/div>","protected":false},"excerpt":{"rendered":"<p class=\"\" data-start=\"88\" data-end=\"398\"><strong>Kernel KN8000C STANDARD<\/strong> - on kehittynyt hiusten uusiutumisen j\u00e4rjestelm\u00e4, joka on suunniteltu torjumaan<strong> seborrooinen ja alopecia areata -hiustenl\u00e4ht\u00f6inen hiustenl\u00e4ht\u00f6<\/strong>. T\u00e4m\u00e4 huipputeknologinen kyp\u00e4r\u00e4 k\u00e4ytt\u00e4\u00e4 matalan intensiteetin laserhoitoa (LLLT) stimuloimaan turvallisesti ja tehokkaasti karvatupet ja edist\u00e4m\u00e4\u00e4n hiusten luonnollista kasvua.<\/p>\n<p class=\"\" data-start=\"400\" data-end=\"424\"><strong>T\u00e4rkeimm\u00e4t edut:<\/strong><\/p>\n<p class=\"\" data-start=\"511\" data-end=\"1167\">\u2714\ufe0f <strong data-start=\"514\" data-end=\"535\">Kaksitoiminen<\/strong>80 laseria (650 nm) + 30 LEDi\u00e4 (655 nm) - turvallinen ja tehokas stimulaatio.<br data-start=\"622\" data-end=\"625\" \/>\u2714\ufe0f <strong data-start=\"628\" data-end=\"651\">Vy\u00f6hykevalaistus<\/strong>: kohdennettu hoito hiustenl\u00e4hd\u00f6n luonteen ja voimakkuuden mukaan.<br data-start=\"708\" data-end=\"711\" \/>\u2714\ufe0f <strong data-start=\"714\" data-end=\"741\">K\u00e4tev\u00e4 kotik\u00e4ytt\u00f6\u00f6n<\/strong>: ergonominen, kevyt, liikkumista est\u00e4v\u00e4 kyp\u00e4r\u00e4.<br data-start=\"793\" data-end=\"796\" \/>\u2714\ufe0f <strong data-start=\"799\" data-end=\"845\">Pehme\u00e4 silikoninen et\u00e4isyyden s\u00e4\u00e4din<\/strong>: takaa riitt\u00e4v\u00e4n et\u00e4isyyden ja mukavuuden.<br data-start=\"885\" data-end=\"888\" \/>\u2714\ufe0f <strong data-start=\"891\" data-end=\"922\">\u00c4lykk\u00e4\u00e4t turva-anturit<\/strong>: automaattinen pys\u00e4ytys, kun kyp\u00e4r\u00e4 poistetaan.<br data-start=\"969\" data-end=\"972\" \/>\u2714\ufe0f <strong data-start=\"975\" data-end=\"998\">Jatkuva seuranta<\/strong>: l\u00e4mp\u00f6tilan ja kosteuden reaaliaikainen seuranta.<br data-start=\"1049\" data-end=\"1052\" \/>\u2714\ufe0f <strong data-start=\"1055\" data-end=\"1079\">Mobiilisovellus<\/strong>: Bluetooth-yhteyden avulla voit hallita istuntoja, seurata edistymist\u00e4 ja mukauttaa terapiaa.<\/p>\n<p class=\"\" data-start=\"1169\" data-end=\"1427\">Sen lis\u00e4ksi, ett\u00e4 laite v\u00e4hent\u00e4\u00e4 hiustenl\u00e4ht\u00f6\u00e4, se auttaa stimuloimaan uusien hiusten kasvua, parantaa hiuspohjan kuntoa ja tarjoaa pitk\u00e4aikaisia tuloksia ilman invasiivisia toimenpiteit\u00e4. Se on turvallinen, \u00e4lyk\u00e4s ja tieteellisesti perusteltu valinta hiustesi terveydelle.<\/p>\n<p><strong>Toimitusaika voi vaihdella 14-30 ty\u00f6p\u00e4iv\u00e4n v\u00e4lill\u00e4.<\/strong><\/p>","protected":false},"featured_media":33677,"comment_status":"open","ping_status":"closed","template":"","meta":{"_acf_changed":false},"product_brand":[],"product_cat":[282,288,283],"product_tag":[],"class_list":{"0":"post-33611","1":"product","2":"type-product","3":"status-publish","4":"has-post-thumbnail","6":"product_cat-longevity-prietaisai","7":"product_cat-grozio-ir-odos-prieziura","8":"product_cat-sveikatingumo-prietaisai","10":"first","11":"instock","12":"shipping-taxable","13":"purchasable","14":"product-type-simple"},"acf":[],"tiered_pricing_type":"fixed","tiered_pricing_fixed_rules":[],"tiered_pricing_product_settings":{"layout":"default","base_unit_name":{"singular":null,"plural":null},"default_variation":null},"tiered_pricing_minimum_quantity":null,"tiered_pricing_roles_data":[],"tiered_pricing_percentage_rules":[],"_links":{"self":[{"href":"https:\/\/purama.lt\/fi\/wp-json\/wp\/v2\/product\/33611","targetHints":{"allow":["GET"]}}],"collection":[{"href":"https:\/\/purama.lt\/fi\/wp-json\/wp\/v2\/product"}],"about":[{"href":"https:\/\/purama.lt\/fi\/wp-json\/wp\/v2\/types\/product"}],"replies":[{"embeddable":true,"href":"https:\/\/purama.lt\/fi\/wp-json\/wp\/v2\/comments?post=33611"}],"wp:featuredmedia":[{"embeddable":true,"href":"https:\/\/purama.lt\/fi\/wp-json\/wp\/v2\/media\/33677"}],"wp:attachment":[{"href":"https:\/\/purama.lt\/fi\/wp-json\/wp\/v2\/media?parent=33611"}],"wp:term":[{"taxonomy":"product_brand","embeddable":true,"href":"https:\/\/purama.lt\/fi\/wp-json\/wp\/v2\/product_brand?post=33611"},{"taxonomy":"product_cat","embeddable":true,"href":"https:\/\/purama.lt\/fi\/wp-json\/wp\/v2\/product_cat?post=33611"},{"taxonomy":"product_tag","embeddable":true,"href":"https:\/\/purama.lt\/fi\/wp-json\/wp\/v2\/product_tag?post=33611"}],"curies":[{"name":"wp","href":"https:\/\/api.w.org\/{rel}","templated":true}]}}