{"id":33609,"date":"2025-04-02T13:05:44","date_gmt":"2025-04-02T13:05:44","guid":{"rendered":"https:\/\/purama.lt\/produktas\/kojines-tokyo-pink-sporcks\/"},"modified":"2026-04-03T10:26:47","modified_gmt":"2026-04-03T08:26:47","slug":"sukat-tokio-vaaleanpunainen-sporukat","status":"publish","type":"product","link":"https:\/\/purama.lt\/fi\/produktas\/kojines-tokyo-pink-sporcks\/","title":{"rendered":"SPORCKS Tokyo Pink urheilusukat"},"content":{"rendered":"<p>Etsitk\u00f6 lis\u00e4\u00e4? Katso kaikki <a href=\"\/fi\/tuoteselosteet\/sporcks\/\">Sporcks-valikoima<\/a>.<\/p>","protected":false},"excerpt":{"rendered":"<p class=\"\" data-start=\"86\" data-end=\"433\"><strong data-start=\"86\" data-end=\"238\">SPORCKS Tokyo Pink on korkean suorituskyvyn juoksusukka, joka on suunniteltu maksimaaliseen mukavuuteen, suorituskykyyn ja poikkeukselliseen tyyliin.<\/strong> Ergonominen muotoilu ja vahvistettu tuki nilkan ja jalkater\u00e4n kohdalla auttavat vakauttamaan jalkater\u00e4n, v\u00e4hent\u00e4m\u00e4\u00e4n lihasv\u00e4symyst\u00e4 ja s\u00e4ilytt\u00e4m\u00e4\u00e4n luonnollisen asennon my\u00f6s intensiivisimm\u00e4n juoksun aikana. Keskivahva kompressio edist\u00e4\u00e4 verenkiertoa, ehk\u00e4isee tulehduksia ja nopeuttaa palautumista. Kantap\u00e4\u00e4n ja varpaiden alueet on valmistettu edistyksellisest\u00e4 <strong>COOLMAX\u00ae<\/strong> kangas, joka vaimentaa iskuja, s\u00e4\u00e4telee tehokkaasti l\u00e4mp\u00f6tilaa ja est\u00e4\u00e4 rakkuloiden muodostumisen. Hengitt\u00e4v\u00e4n verkkomateriaalin ansiosta jalka pysyy kuivana my\u00f6s korkeimmilla intensiteettitasoilla.<\/p>\n<p data-start=\"86\" data-end=\"433\"><strong data-start=\"829\" data-end=\"853\">T\u00e4rkeimm\u00e4t ominaisuudet:<\/strong><\/p>\n<p data-start=\"86\" data-end=\"433\">\u2714\ufe0f <strong>Parannettu tuki:<\/strong> lis\u00e4vakautta nilkkaan ja jalkater\u00e4\u00e4n<br data-start=\"937\" data-end=\"940\" \/>\u2714\ufe0f<strong> Keskikokoinen puristus:<\/strong> parantaa verenkiertoa, v\u00e4hent\u00e4\u00e4 lihasj\u00e4nnityst\u00e4<br data-start=\"1014\" data-end=\"1017\" \/>\u2714\ufe0f<strong> COOLMAX\u00ae-kangas:<\/strong> Tehokas kosteuden poisto, suojaa rakkuloita vastaan.<br data-start=\"1085\" data-end=\"1088\" \/>\u2714\ufe0f<strong> Hengitt\u00e4v\u00e4 rakenne:<\/strong> optimaalinen ihon l\u00e4mp\u00f6tila aktiivisen liikkeen aikana<br data-start=\"1162\" data-end=\"1165\" \/>\u2714\ufe0f <strong>Kevyt mutta kest\u00e4v\u00e4 kangas:<\/strong> kest\u00e4vyytt\u00e4 ja mukavuutta joka askeleella<br data-start=\"1248\" data-end=\"1251\" data-is-only-node=\"\" \/>\u2714\ufe0f <strong>Valmistettu Espanjassa:<\/strong> ammatilliseen kokemukseen perustuvat korkeimmat laatuvaatimukset<\/p>","protected":false},"featured_media":33627,"comment_status":"open","ping_status":"closed","template":"","meta":{"_acf_changed":false},"product_brand":[246],"product_cat":[98,57,102],"product_tag":[],"class_list":{"0":"post-33609","1":"product","2":"type-product","3":"status-publish","4":"has-post-thumbnail","6":"product_brand-sporcks","7":"product_cat-sportui","8":"product_cat-akcijos","9":"product_cat-kojines","11":"first","12":"instock","13":"sale","14":"shipping-taxable","15":"purchasable","16":"product-type-variable"},"acf":[],"tiered_pricing_type":"fixed","tiered_pricing_fixed_rules":[],"tiered_pricing_product_settings":{"layout":"default","base_unit_name":{"singular":null,"plural":null},"default_variation":null},"tiered_pricing_minimum_quantity":null,"tiered_pricing_roles_data":[],"tiered_pricing_percentage_rules":[],"_links":{"self":[{"href":"https:\/\/purama.lt\/fi\/wp-json\/wp\/v2\/product\/33609","targetHints":{"allow":["GET"]}}],"collection":[{"href":"https:\/\/purama.lt\/fi\/wp-json\/wp\/v2\/product"}],"about":[{"href":"https:\/\/purama.lt\/fi\/wp-json\/wp\/v2\/types\/product"}],"replies":[{"embeddable":true,"href":"https:\/\/purama.lt\/fi\/wp-json\/wp\/v2\/comments?post=33609"}],"wp:featuredmedia":[{"embeddable":true,"href":"https:\/\/purama.lt\/fi\/wp-json\/wp\/v2\/media\/33627"}],"wp:attachment":[{"href":"https:\/\/purama.lt\/fi\/wp-json\/wp\/v2\/media?parent=33609"}],"wp:term":[{"taxonomy":"product_brand","embeddable":true,"href":"https:\/\/purama.lt\/fi\/wp-json\/wp\/v2\/product_brand?post=33609"},{"taxonomy":"product_cat","embeddable":true,"href":"https:\/\/purama.lt\/fi\/wp-json\/wp\/v2\/product_cat?post=33609"},{"taxonomy":"product_tag","embeddable":true,"href":"https:\/\/purama.lt\/fi\/wp-json\/wp\/v2\/product_tag?post=33609"}],"curies":[{"name":"wp","href":"https:\/\/api.w.org\/{rel}","templated":true}]}}