{"id":33608,"date":"2025-04-02T13:05:44","date_gmt":"2025-04-02T13:05:44","guid":{"rendered":"https:\/\/purama.lt\/produktas\/kojines-tokyo-green-sporcks\/"},"modified":"2026-04-21T12:18:43","modified_gmt":"2026-04-21T10:18:43","slug":"kojines-tokio-vihreat-sporukat","status":"publish","type":"product","link":"https:\/\/purama.lt\/fi\/produktas\/kojines-tokyo-green-sporcks\/","title":{"rendered":"SPORCKS Tokyo Green urheilusukat"},"content":{"rendered":"<p>Etsitk\u00f6 lis\u00e4\u00e4? Katso kaikki <a href=\"\/fi\/tuoteselosteet\/sporcks\/\">Sporcks-valikoima<\/a>.<\/p>","protected":false},"excerpt":{"rendered":"<p class=\"\" data-start=\"203\" data-end=\"479\"><strong>SPORCKS Tokyo Vihre\u00e4<\/strong> - on yhdistelm\u00e4 erinomaista muotoilua ja kehittynytt\u00e4 teknologiaa, joka on suunniteltu takaamaan maksimaalinen mukavuus ja toimivuus jokaisella askeleella. N\u00e4m\u00e4 juoksusukat on suunniteltu aktiiviseen el\u00e4m\u00e4ntyyliin - lyhyist\u00e4 harjoituksista pitkien matkojen kilpailuihin.<\/p>\n<p class=\"\" data-start=\"481\" data-end=\"764\">Anatomisesti mukautettu muotoilu, jossa on lis\u00e4tukea nilkan ja jalkater\u00e4n kohdalla, tarjoaa vakautta, ehk\u00e4isee v\u00e4symist\u00e4 ja auttaa s\u00e4ilytt\u00e4m\u00e4\u00e4n jalkater\u00e4n oikean asennon. Kohtalainen kompressio edist\u00e4\u00e4 verenkiertoa, v\u00e4hent\u00e4\u00e4 lihasv\u00e4symyst\u00e4 ja auttaa ehk\u00e4isem\u00e4\u00e4n mikrotraumoja.<\/p>\n<p class=\"\" data-start=\"766\" data-end=\"1062\"><strong>COOLMAX\u00ae<\/strong> Kantap\u00e4\u00e4n ja varpaiden alueella oleva kangas vaimentaa tehokkaasti iskuja, antaa ihon hengitt\u00e4\u00e4 ja v\u00e4hent\u00e4\u00e4 rakkojen riski\u00e4. Kevyt, nopeasti kuivuva kangas takaa kuivan olon my\u00f6s intensiivisimm\u00e4n treenin aikana, ja hengitt\u00e4v\u00e4 verkkokerros auttaa yll\u00e4pit\u00e4m\u00e4\u00e4n jalkater\u00e4n optimaalisen l\u00e4mp\u00f6tilan.<\/p>\n<p class=\"\" data-start=\"1064\" data-end=\"1088\"><strong data-start=\"1064\" data-end=\"1088\">T\u00e4rkeimm\u00e4t ominaisuudet:<\/strong><\/p>\n<ul>\n<li data-start=\"1091\" data-end=\"1157\"><strong>Anatominen tuki:<\/strong> Nilkan ja pohjan vakaus.<\/li>\n<li data-start=\"1160\" data-end=\"1230\"><strong>Kohtalainen puristus:<\/strong> Parantaa verenkiertoa ja v\u00e4hent\u00e4\u00e4 v\u00e4symyst\u00e4.<\/li>\n<li data-start=\"1233\" data-end=\"1295\"><strong>COOLMAX\u00ae-teknologia:<\/strong> Hengitt\u00e4v\u00e4 kangas ja iskunkest\u00e4vyys.<\/li>\n<li data-start=\"1298\" data-end=\"1367\"><strong>Kosteuden nopea haihtuminen:<\/strong> Kuivat ja raikkaat jalat koko harjoituksen ajan.<\/li>\n<li data-start=\"1370\" data-end=\"1436\"><strong>Valmistettu Espanjassa:<\/strong> Korkealaatuinen, ammattiurheilijoiden innoittamana.<\/li>\n<li data-start=\"1439\" data-end=\"1533\"><strong>Ainutlaatuinen muotoilu:<\/strong> V\u00e4rik\u00e4s, erottuva tyyli, joka sopii sek\u00e4 urheiluun ett\u00e4 arkik\u00e4ytt\u00f6\u00f6n.<\/li>\n<\/ul>","protected":false},"featured_media":33625,"comment_status":"open","ping_status":"closed","template":"","meta":{"_acf_changed":false},"product_brand":[246],"product_cat":[98,57,102],"product_tag":[],"class_list":{"0":"post-33608","1":"product","2":"type-product","3":"status-publish","4":"has-post-thumbnail","6":"product_brand-sporcks","7":"product_cat-sportui","8":"product_cat-akcijos","9":"product_cat-kojines","11":"first","12":"instock","13":"sale","14":"shipping-taxable","15":"purchasable","16":"product-type-variable"},"acf":[],"tiered_pricing_type":"fixed","tiered_pricing_fixed_rules":[],"tiered_pricing_product_settings":{"layout":"default","base_unit_name":{"singular":null,"plural":null},"default_variation":null},"tiered_pricing_minimum_quantity":null,"tiered_pricing_roles_data":[],"tiered_pricing_percentage_rules":[],"_links":{"self":[{"href":"https:\/\/purama.lt\/fi\/wp-json\/wp\/v2\/product\/33608","targetHints":{"allow":["GET"]}}],"collection":[{"href":"https:\/\/purama.lt\/fi\/wp-json\/wp\/v2\/product"}],"about":[{"href":"https:\/\/purama.lt\/fi\/wp-json\/wp\/v2\/types\/product"}],"replies":[{"embeddable":true,"href":"https:\/\/purama.lt\/fi\/wp-json\/wp\/v2\/comments?post=33608"}],"wp:featuredmedia":[{"embeddable":true,"href":"https:\/\/purama.lt\/fi\/wp-json\/wp\/v2\/media\/33625"}],"wp:attachment":[{"href":"https:\/\/purama.lt\/fi\/wp-json\/wp\/v2\/media?parent=33608"}],"wp:term":[{"taxonomy":"product_brand","embeddable":true,"href":"https:\/\/purama.lt\/fi\/wp-json\/wp\/v2\/product_brand?post=33608"},{"taxonomy":"product_cat","embeddable":true,"href":"https:\/\/purama.lt\/fi\/wp-json\/wp\/v2\/product_cat?post=33608"},{"taxonomy":"product_tag","embeddable":true,"href":"https:\/\/purama.lt\/fi\/wp-json\/wp\/v2\/product_tag?post=33608"}],"curies":[{"name":"wp","href":"https:\/\/api.w.org\/{rel}","templated":true}]}}