{"id":33602,"date":"2025-04-02T13:05:42","date_gmt":"2025-04-02T13:05:42","guid":{"rendered":"https:\/\/purama.lt\/produktas\/meda-kineziologinis-pleistras-veidui-kuno-spalvos\/"},"modified":"2026-03-19T16:22:20","modified_gmt":"2026-03-19T14:22:20","slug":"rea-teippi-kinesiologinen-laastari-kasvojen-vartalon-varille","status":"publish","type":"product","link":"https:\/\/purama.lt\/fi\/produktas\/rea-tape-kineziologinis-pleistras-veidui-kuno-spalvos\/","title":{"rendered":"REA TAPE Kinesiologinen laastari kasvoille - kehon v\u00e4rit"},"content":{"rendered":"","protected":false},"excerpt":{"rendered":"<p class=\"\" data-start=\"95\" data-end=\"184\"><strong data-start=\"95\" data-end=\"184\">REA TAPE kasvojen kinesiolaastari - luonnollinen ihonhoito ja kiinteys\u00a0<\/strong>Tutustu ei-invasiiviseen tapaan nuorentaa, kiinteytt\u00e4\u00e4 ja kiinteytt\u00e4\u00e4 ihoasi. <strong data-start=\"261\" data-end=\"273\">REA TAPE<\/strong> kehon v\u00e4rinen kasvojen kinesiologinen laastari. T\u00e4m\u00e4 erityisesti herk\u00e4lle kasvojen alueelle suunniteltu korkealaatuinen laastari kohottaa ihoa hell\u00e4varaisesti, lievitt\u00e4\u00e4 j\u00e4nnityst\u00e4 ja stimuloi luonnollisia uudistumisprosesseja. Soveltuu sek\u00e4 fysioterapiaan ett\u00e4 kosmeettisiin hoitoihin, aina imunesteen poistohieronnasta kaksoisleuan pienent\u00e4miseen tai ryppyjen ehk\u00e4isyyn. T\u00e4ydellinen valinta niille, jotka haluavat n\u00e4kyvi\u00e4 tuloksia ilman injektioita tai kirurgisia toimenpiteit\u00e4.<\/p>\n<p class=\"\" data-start=\"713\" data-end=\"1082\"><strong data-start=\"713\" data-end=\"765\">Miksi valita REA TAPE kasvojenkohotukseen?<\/strong><br data-start=\"765\" data-end=\"768\" \/>\u2714\ufe0f Luonnollisesti kohottaa ja kiinteytt\u00e4\u00e4 ihoa.<br data-start=\"806\" data-end=\"809\" \/>\u2714\ufe0f V\u00e4hent\u00e4\u00e4 juonteita ja ryppyj\u00e4.<br data-start=\"856\" data-end=\"859\" \/>\u2714\ufe0f Muotoilee tasaisemmat kasvojen \u00e4\u00e4riviivat.<br data-start=\"893\" data-end=\"896\" \/>\u2714\ufe0f Stimuloi verenkiertoa ja imunestej\u00e4rjestelm\u00e4n virtausta.<br data-start=\"936\" data-end=\"939\" \/>\u2714\ufe0f Parantaa ihon s\u00e4vy\u00e4 ja solujen uudistumista.<br data-start=\"986\" data-end=\"989\" \/>\u2714\ufe0f V\u00e4hent\u00e4\u00e4 turvotusta, tummia silm\u00e4nalusia ja v\u00e4symyksen merkkej\u00e4.<br data-start=\"1047\" data-end=\"1050\" \/>\u2714\ufe0f Tasapainottaa lihasj\u00e4nnityst\u00e4<\/p>\n<p class=\"\" data-start=\"1084\" data-end=\"1238\"><strong data-start=\"1084\" data-end=\"1105\">Soveltamisalueet:<\/strong><br data-start=\"1105\" data-end=\"1108\" \/>- Kaksoisleuka<br data-start=\"1126\" data-end=\"1129\" \/>- V\u00e4syneet silm\u00e4t, tummat silm\u00e4naluset<br data-start=\"1163\" data-end=\"1166\" \/>- Kasvojen veltostuneet \u00e4\u00e4riviivat<br data-start=\"1190\" data-end=\"1193\" \/>- Mustelmat, turvotukset<br data-start=\"1213\" data-end=\"1216\" \/>- J\u00e4ljittelee ryppyj\u00e4<\/p>\n<p class=\"\" data-start=\"1240\" data-end=\"1415\">Se on ammattimainen ratkaisu sek\u00e4 kosmetologeille ett\u00e4 henkil\u00f6kohtaiseen kotihoitoon. <strong>REA TAPE kasvolaastarit<\/strong> - kun haluat luonnollisen, tehokkaan ja turvallisen tavan elvytt\u00e4\u00e4 kasvosi.<\/p>","protected":false},"featured_media":40714,"comment_status":"open","ping_status":"closed","template":"","meta":{"_acf_changed":false},"product_brand":[451],"product_cat":[59,92,500],"product_tag":[],"class_list":{"0":"post-33602","1":"product","2":"type-product","3":"status-publish","4":"has-post-thumbnail","6":"product_brand-rea-tape","7":"product_cat-veidui","8":"product_cat-groziui","9":"product_cat-outlet","11":"first","12":"instock","13":"sale","14":"shipping-taxable","15":"purchasable","16":"product-type-simple"},"acf":[],"tiered_pricing_type":"fixed","tiered_pricing_fixed_rules":[],"tiered_pricing_product_settings":{"layout":"default","base_unit_name":{"singular":null,"plural":null},"default_variation":null},"tiered_pricing_minimum_quantity":null,"tiered_pricing_roles_data":[],"tiered_pricing_percentage_rules":[],"_links":{"self":[{"href":"https:\/\/purama.lt\/fi\/wp-json\/wp\/v2\/product\/33602","targetHints":{"allow":["GET"]}}],"collection":[{"href":"https:\/\/purama.lt\/fi\/wp-json\/wp\/v2\/product"}],"about":[{"href":"https:\/\/purama.lt\/fi\/wp-json\/wp\/v2\/types\/product"}],"replies":[{"embeddable":true,"href":"https:\/\/purama.lt\/fi\/wp-json\/wp\/v2\/comments?post=33602"}],"wp:featuredmedia":[{"embeddable":true,"href":"https:\/\/purama.lt\/fi\/wp-json\/wp\/v2\/media\/40714"}],"wp:attachment":[{"href":"https:\/\/purama.lt\/fi\/wp-json\/wp\/v2\/media?parent=33602"}],"wp:term":[{"taxonomy":"product_brand","embeddable":true,"href":"https:\/\/purama.lt\/fi\/wp-json\/wp\/v2\/product_brand?post=33602"},{"taxonomy":"product_cat","embeddable":true,"href":"https:\/\/purama.lt\/fi\/wp-json\/wp\/v2\/product_cat?post=33602"},{"taxonomy":"product_tag","embeddable":true,"href":"https:\/\/purama.lt\/fi\/wp-json\/wp\/v2\/product_tag?post=33602"}],"curies":[{"name":"wp","href":"https:\/\/api.w.org\/{rel}","templated":true}]}}