{"id":33600,"date":"2025-04-02T13:05:41","date_gmt":"2025-04-02T13:05:41","guid":{"rendered":"https:\/\/purama.lt\/produktas\/medica-group-kapsules-varpos-didinimui\/"},"modified":"2026-04-14T16:07:57","modified_gmt":"2026-04-14T14:07:57","slug":"medica-group-kapselit-peniksen-laajentumiseen","status":"publish","type":"product","link":"https:\/\/purama.lt\/fi\/produktas\/medica-group-kapsules-varpos-didinimui\/","title":{"rendered":"MEDICA GROUP BiggerSize-kapselit peniksen suurentamiseen"},"content":{"rendered":"<p><strong>K\u00e4ytt\u00f6:<\/strong><br>Ota 1 kapseli 2 kertaa p\u00e4iv\u00e4ss\u00e4 pienen vesim\u00e4\u00e4r\u00e4n kanssa. \u00c4l\u00e4 ylit\u00e4 suositeltua p\u00e4iv\u00e4annosta.<\/p>\n\n\n\n<p><strong>Palaute:<\/strong><br>Perustuu Medica-Groupin vuoden 2019 kuluttajatutkimukseen:<br>\u2714\ufe0f 70 % miehet suosittelisivat t\u00e4t\u00e4 ravintolis\u00e4\u00e4 muillekin<br>\u2714\ufe0f Useimmat k\u00e4ytt\u00e4j\u00e4t ovat huomanneet huomattavaa paksuuntumista ja pidentymist\u00e4.<br>\u2714\ufe0f Seksuaalisen tyytyv\u00e4isyyden ja itseluottamuksen paraneminen havaittu.<br><br><strong>Ainesosat:<\/strong> L-arginiini, liivate, amerikkalainen ginseng-uute (4:1), Maca-juuriuute (4:1), sarsaparillajuuriuute (4:1), Tribulus Terrestris - siemenuute (20:1), mustakaurauute (10:1), t\u00e4yteaine: mikrokiteinen selluloosa.<\/p>","protected":false},"excerpt":{"rendered":"<p class=\"\" data-start=\"68\" data-end=\"158\"><strong data-start=\"68\" data-end=\"158\">MEDICA-GROUP BiggerSize Kapselit peniksen laajentumiseen - <\/strong>enemm\u00e4n luottamusta ja voimakkaampia tuntemuksia. Etsitk\u00f6 luonnollista tapaa parantaa seksiel\u00e4m\u00e4\u00e4si ja itseluottamustasi? MEDICA-GROUPin peniksensuurennuskapselit ovat edistyksellinen ravintolis\u00e4 miehille, <strong>perustuvat korkeisiin kasviuutteiden ja aminohappojen pitoisuuksiin (jopa 20:1). T\u00e4m\u00e4 ainutlaatuinen kaava tukee parempaa verenkiertoa, vahvistaa erektiota ja voi osaltaan lis\u00e4t\u00e4 peniksen tilavuutta.\u00a0<\/strong>Kapselien aktiiviset ainesosat - L-arginiini, Maca-juuri, Tribulus Terrestris ja amerikkalaisen ginsengin uutteet - toimivat synergisesti stimuloiden kehon luonnollisia prosesseja ja parantaen intiimi\u00e4 el\u00e4m\u00e4\u00e4si. Se on ratkaisu miehille, jotka haluavat enemm\u00e4n - energiaa, voimaa, herkkyytt\u00e4 ja itseluottamusta.<\/p>\n<p class=\"\" data-start=\"846\" data-end=\"1268\"><strong data-start=\"846\" data-end=\"884\">Miksi valita n\u00e4m\u00e4 kapselit?<\/strong><br data-start=\"884\" data-end=\"887\" \/>\u2714\ufe0f Stimuloi verenkiertoa intiimialueilla - vahvemmat ja pidemm\u00e4t erektiot.<br data-start=\"958\" data-end=\"961\" \/>\u2714\ufe0f Luonnollisesti tukee testosteronin tuotantoa<br data-start=\"1002\" data-end=\"1005\" \/>\u2714\ufe0f Voi lis\u00e4t\u00e4 peniksen tilavuutta ja pituutta.<br data-start=\"1063\" data-end=\"1066\" \/>\u2714\ufe0f Parantaa tuntemuksia ja intiimi\u00e4 tyydytyst\u00e4.<br data-start=\"1112\" data-end=\"1115\" \/>\u2714\ufe0f Lis\u00e4\u00e4 energiaa, kest\u00e4vyytt\u00e4 ja libidoa.<br data-start=\"1153\" data-end=\"1156\" \/>\u2714\ufe0f Sis\u00e4lt\u00e4\u00e4 ainoastaan kasviper\u00e4isi\u00e4 uutteita ja L-arginiinia.<br data-start=\"1216\" data-end=\"1219\" \/>\u2714\ufe0f Eritt\u00e4in korkea uutepitoisuus (jopa 20:1).<\/p>\n<p data-start=\"846\" data-end=\"1268\">JOS HALUAT MAKSIMAALISEN VAIKUTUKSEN, VALITSE KOKO 3 KUUKAUDEN KURSSI JA S\u00c4\u00c4ST\u00c4 VIEL\u00c4 ENEMM\u00c4N. 3 PAKETTIA = 3 KUUKAUDEN KURSSI, ENEMM\u00c4N PAKETTEJA, ALHAISEMPI YKSIKK\u00d6HINTA.<\/p>","protected":false},"featured_media":33615,"comment_status":"open","ping_status":"closed","template":"","meta":{"_acf_changed":true},"product_brand":[406],"product_cat":[276,57,277],"product_tag":[],"class_list":{"0":"post-33600","1":"product","2":"type-product","3":"status-publish","4":"has-post-thumbnail","6":"product_brand-medica-group","7":"product_cat-seksualinei-sveikatai","8":"product_cat-akcijos","9":"product_cat-vyrams","11":"first","12":"instock","13":"sale","14":"shipping-taxable","15":"purchasable","16":"product-type-simple"},"acf":[],"tiered_pricing_type":"fixed","tiered_pricing_fixed_rules":{"3":21.76,"5":20.09},"tiered_pricing_product_settings":{"layout":"default","base_unit_name":{"singular":null,"plural":null},"default_variation":null},"tiered_pricing_minimum_quantity":null,"tiered_pricing_roles_data":[],"tiered_pricing_percentage_rules":[],"_links":{"self":[{"href":"https:\/\/purama.lt\/fi\/wp-json\/wp\/v2\/product\/33600","targetHints":{"allow":["GET"]}}],"collection":[{"href":"https:\/\/purama.lt\/fi\/wp-json\/wp\/v2\/product"}],"about":[{"href":"https:\/\/purama.lt\/fi\/wp-json\/wp\/v2\/types\/product"}],"replies":[{"embeddable":true,"href":"https:\/\/purama.lt\/fi\/wp-json\/wp\/v2\/comments?post=33600"}],"wp:featuredmedia":[{"embeddable":true,"href":"https:\/\/purama.lt\/fi\/wp-json\/wp\/v2\/media\/33615"}],"wp:attachment":[{"href":"https:\/\/purama.lt\/fi\/wp-json\/wp\/v2\/media?parent=33600"}],"wp:term":[{"taxonomy":"product_brand","embeddable":true,"href":"https:\/\/purama.lt\/fi\/wp-json\/wp\/v2\/product_brand?post=33600"},{"taxonomy":"product_cat","embeddable":true,"href":"https:\/\/purama.lt\/fi\/wp-json\/wp\/v2\/product_cat?post=33600"},{"taxonomy":"product_tag","embeddable":true,"href":"https:\/\/purama.lt\/fi\/wp-json\/wp\/v2\/product_tag?post=33600"}],"curies":[{"name":"wp","href":"https:\/\/api.w.org\/{rel}","templated":true}]}}