{"id":33599,"date":"2025-04-02T13:05:41","date_gmt":"2025-04-02T13:05:41","guid":{"rendered":"https:\/\/purama.lt\/produktas\/medica-group-intymumo-stiprinimo-gelis\/"},"modified":"2026-04-10T07:06:48","modified_gmt":"2026-04-10T05:06:48","slug":"medica-group-intiimiyden-parantamisgeeli","status":"publish","type":"product","link":"https:\/\/purama.lt\/fi\/produktas\/medica-group-intymumo-stiprinimo-gelis\/","title":{"rendered":"MEDICA GROUP WinWoman Intimiteetti\u00e4 parantava geeli"},"content":{"rendered":"<p><strong>K\u00e4ytt\u00f6:<\/strong><br>Levit\u00e4 pieni m\u00e4\u00e4r\u00e4 geeli\u00e4 intiimialueille ja hiero kevyesti. \u00c4l\u00e4 huuhtele. K\u00e4yt\u00e4 ennen yhdynt\u00e4\u00e4 tuntemusten tehostamiseksi.<br><br><strong>Ainesosat:<\/strong> Aqua, hydroksietyyliselluloosa, propyleeniglykoli, glyseriini, sorbitoli, polysorbaatti 20, Paullinia Cupana (Guarana) siemenuute, Panax Ginseng -juuriuute, Humulus Lupulus (Humala) -uute, Urtica Dioica (Nokkonen) -uute, Vanillyylibutyylieetteri, natriumasetaatti, isopropyylialkoholi, selluloosa, kaliumsorbaatti, natriumbentsoaatti, sitruunahappo, aromi, limoneeni.<\/p>","protected":false},"excerpt":{"rendered":"<p class=\"\" data-start=\"0\" data-end=\"76\"><strong data-start=\"0\" data-end=\"76\">MEDICA-GROUP WinWoman Intimiteetti\u00e4 parantava geeli<\/strong> - enemm\u00e4n tuntemuksia, enemm\u00e4n l\u00e4heisyytt\u00e4. L\u00f6yd\u00e4 uusi l\u00e4heisyyden taso <strong data-start=\"109\" data-end=\"151\">MEDICA-GROUP intiimiytt\u00e4 parantava geeli<\/strong>suunniteltu naisille, jotka haluavat lis\u00e4t\u00e4 herkkyytt\u00e4, parantaa kosteutta ja kokea entist\u00e4 enemm\u00e4n nautintoa. T\u00e4m\u00e4 innovatiivinen koostumus ei ainoastaan imeydy nopeasti, vaan my\u00f6s stimuloi verenkiertoa erogeenisill\u00e4 alueilla, mik\u00e4 lis\u00e4\u00e4 herkkyytt\u00e4 ja voimakkaampia tuntemuksia. Geelin ainesosat <strong data-start=\"429\" data-end=\"453\">Ginkgo, ginseng<\/strong> ja <strong data-start=\"457\" data-end=\"468\">kofeiini<\/strong> uutteet aktivoivat mikroverenkiertoa, lis\u00e4\u00e4v\u00e4t verenkiertoa herkimmille alueille ja <strong data-start=\"561\" data-end=\"583\">aloe vera -uute<\/strong> kosteuttaa ja rauhoittaa intensiivisesti, suojaa \u00e4rsytykselt\u00e4. Miellytt\u00e4v\u00e4, ei-tarttuva koostumus tarjoaa maksimaalisen mukavuuden - jokaiseen intiimiin kosketukseen.<\/p>\n<p data-start=\"0\" data-end=\"76\"><strong data-start=\"734\" data-end=\"758\">Miksi valita?<\/strong><br data-start=\"758\" data-end=\"761\" \/>\u2714\ufe0f Parantaa tuntemusta ja herkkyytt\u00e4 intiimialueilla.<br data-start=\"811\" data-end=\"814\" \/>\u2714\ufe0f Stimuloi verenkiertoa - lis\u00e4\u00e4 l\u00e4mp\u00f6\u00e4 ja herkkyytt\u00e4.<br data-start=\"869\" data-end=\"872\" \/>\u2714\ufe0f Kosteuttaa v\u00e4litt\u00f6m\u00e4sti - mukavuutta ilman ep\u00e4mukavuutta.<br data-start=\"921\" data-end=\"924\" \/>\u2714\ufe0f Sis\u00e4lt\u00e4\u00e4 luonnollisia kasviuutteita<br data-start=\"969\" data-end=\"972\" \/>\u2714\ufe0f T\u00e4ydellinen imeytyminen, ei tahmeutta<br data-start=\"1020\" data-end=\"1023\" \/>\u2714\ufe0f Rauhoittaa ja suojaa herkk\u00e4\u00e4 ihoa.<\/p>","protected":false},"featured_media":33620,"comment_status":"open","ping_status":"closed","template":"","meta":{"_acf_changed":false},"product_brand":[406],"product_cat":[57,278,276,277],"product_tag":[],"class_list":{"0":"post-33599","1":"product","2":"type-product","3":"status-publish","4":"has-post-thumbnail","6":"product_brand-medica-group","7":"product_cat-akcijos","8":"product_cat-moterims","9":"product_cat-seksualinei-sveikatai","10":"product_cat-vyrams","12":"first","13":"instock","14":"sale","15":"shipping-taxable","16":"purchasable","17":"product-type-simple"},"acf":[],"tiered_pricing_type":"fixed","tiered_pricing_fixed_rules":[],"tiered_pricing_product_settings":{"layout":"default","base_unit_name":{"singular":null,"plural":null},"default_variation":null},"tiered_pricing_minimum_quantity":null,"tiered_pricing_roles_data":[],"tiered_pricing_percentage_rules":[],"_links":{"self":[{"href":"https:\/\/purama.lt\/fi\/wp-json\/wp\/v2\/product\/33599","targetHints":{"allow":["GET"]}}],"collection":[{"href":"https:\/\/purama.lt\/fi\/wp-json\/wp\/v2\/product"}],"about":[{"href":"https:\/\/purama.lt\/fi\/wp-json\/wp\/v2\/types\/product"}],"replies":[{"embeddable":true,"href":"https:\/\/purama.lt\/fi\/wp-json\/wp\/v2\/comments?post=33599"}],"wp:featuredmedia":[{"embeddable":true,"href":"https:\/\/purama.lt\/fi\/wp-json\/wp\/v2\/media\/33620"}],"wp:attachment":[{"href":"https:\/\/purama.lt\/fi\/wp-json\/wp\/v2\/media?parent=33599"}],"wp:term":[{"taxonomy":"product_brand","embeddable":true,"href":"https:\/\/purama.lt\/fi\/wp-json\/wp\/v2\/product_brand?post=33599"},{"taxonomy":"product_cat","embeddable":true,"href":"https:\/\/purama.lt\/fi\/wp-json\/wp\/v2\/product_cat?post=33599"},{"taxonomy":"product_tag","embeddable":true,"href":"https:\/\/purama.lt\/fi\/wp-json\/wp\/v2\/product_tag?post=33599"}],"curies":[{"name":"wp","href":"https:\/\/api.w.org\/{rel}","templated":true}]}}