{"id":33597,"date":"2025-04-02T13:05:41","date_gmt":"2025-04-02T13:05:41","guid":{"rendered":"https:\/\/purama.lt\/produktas\/medica-group-grozio-formos-kapsules\/"},"modified":"2026-04-13T16:50:47","modified_gmt":"2026-04-13T14:50:47","slug":"medica-group-kapselit","status":"publish","type":"product","link":"https:\/\/purama.lt\/fi\/produktas\/medica-group-grozio-formos-kapsules\/","title":{"rendered":"MEDICA GROUP BeautyBooty Beauty Shape Kapselit"},"content":{"rendered":"<p><strong>Kulutus:<\/strong><br>Ota 3 kapselia p\u00e4iv\u00e4ss\u00e4 riitt\u00e4v\u00e4n veden kanssa. On suositeltavaa ottaa jatkuvasti v\u00e4hint\u00e4\u00e4n 3 kuukauden ajan.<\/p>\n\n\n\n<p><strong>Ainesosat:<\/strong> Humalauute, liivate, puna-apilauute (vakioitu 8 %-isoflavoniin), tattari, soija, maissi, ohra, ruis, omenakuitu, t\u00e4yteaine: mikrokiteinen selluloosa, paakkuuntumisenestoaineet: magnesiumsuolat ja piidioksidi.<\/p>","protected":false},"excerpt":{"rendered":"<p class=\"\" data-start=\"0\" data-end=\"91\"><strong data-start=\"0\" data-end=\"91\">MEDICA-GROUP BeautyBooty Beauty Shape Kapselit - <\/strong>luonnollinen tie voimakkaampiin vartalon linjoihin. Etsitk\u00f6 turvallista ja tehokasta tapaa korostaa naisellisuuttasi? <strong data-start=\"155\" data-end=\"181\">Beauty Shape Kapselit<\/strong> - on ravintolis\u00e4, joka on kehitetty naisille, jotka etsiv\u00e4t <strong>parantaa pakaroiden muotoa, kirist\u00e4\u00e4 vartalolinjoja ja parantaa ihon kuntoa luonnollisesti ilman invasiivisia toimenpiteit\u00e4.<\/strong>. Kasviuutteilla ja fytoestrogeeneilla rikastetun tasapainoisen koostumuksen ansiosta n\u00e4m\u00e4 kapselit tukevat kehon luonnollisia prosesseja, edist\u00e4v\u00e4t kudosten s\u00e4vy\u00e4 ja ihon kimmoisuutta, mik\u00e4 voi auttaa sinua saavuttamaan hoikemman ja py\u00f6re\u00e4mm\u00e4n vartalon muodon.<\/p>\n<p data-start=\"0\" data-end=\"91\"><strong data-start=\"596\" data-end=\"643\">Miksi valita BeautyBooty Beauty Shape -kapselit?<\/strong><br data-start=\"643\" data-end=\"646\" \/>\u2714\ufe0f Luonnollisesti kiinte\u00e4mm\u00e4t pakarat ja vartalon linjat.<br data-start=\"695\" data-end=\"698\" \/>\u2714\ufe0f Fytoestrogeenien voima ihon kimmoisuuteen ja kiinteyteen.<br data-start=\"753\" data-end=\"756\" \/>\u2714\ufe0f Parantaa ihon rakennetta ja solujen uudistumista.<br data-start=\"807\" data-end=\"810\" \/>\u2714\ufe0f Sopii pitk\u00e4aikaiseen k\u00e4ytt\u00f6\u00f6n, tulokset ilman leikkausta.<br data-start=\"868\" data-end=\"871\" \/>\u2714\ufe0f Helppo k\u00e4ytt\u00e4\u00e4 - vain muutama kapseli p\u00e4iv\u00e4ss\u00e4.<\/p>","protected":false},"featured_media":33621,"comment_status":"open","ping_status":"closed","template":"","meta":{"_acf_changed":false},"product_brand":[406],"product_cat":[57,278,276],"product_tag":[],"class_list":{"0":"post-33597","1":"product","2":"type-product","3":"status-publish","4":"has-post-thumbnail","6":"product_brand-medica-group","7":"product_cat-akcijos","8":"product_cat-moterims","9":"product_cat-seksualinei-sveikatai","11":"first","12":"instock","13":"sale","14":"shipping-taxable","15":"purchasable","16":"product-type-simple"},"acf":[],"tiered_pricing_type":"fixed","tiered_pricing_fixed_rules":[],"tiered_pricing_product_settings":{"layout":"default","base_unit_name":{"singular":null,"plural":null},"default_variation":null},"tiered_pricing_minimum_quantity":null,"tiered_pricing_roles_data":[],"tiered_pricing_percentage_rules":[],"_links":{"self":[{"href":"https:\/\/purama.lt\/fi\/wp-json\/wp\/v2\/product\/33597","targetHints":{"allow":["GET"]}}],"collection":[{"href":"https:\/\/purama.lt\/fi\/wp-json\/wp\/v2\/product"}],"about":[{"href":"https:\/\/purama.lt\/fi\/wp-json\/wp\/v2\/types\/product"}],"replies":[{"embeddable":true,"href":"https:\/\/purama.lt\/fi\/wp-json\/wp\/v2\/comments?post=33597"}],"wp:featuredmedia":[{"embeddable":true,"href":"https:\/\/purama.lt\/fi\/wp-json\/wp\/v2\/media\/33621"}],"wp:attachment":[{"href":"https:\/\/purama.lt\/fi\/wp-json\/wp\/v2\/media?parent=33597"}],"wp:term":[{"taxonomy":"product_brand","embeddable":true,"href":"https:\/\/purama.lt\/fi\/wp-json\/wp\/v2\/product_brand?post=33597"},{"taxonomy":"product_cat","embeddable":true,"href":"https:\/\/purama.lt\/fi\/wp-json\/wp\/v2\/product_cat?post=33597"},{"taxonomy":"product_tag","embeddable":true,"href":"https:\/\/purama.lt\/fi\/wp-json\/wp\/v2\/product_tag?post=33597"}],"curies":[{"name":"wp","href":"https:\/\/api.w.org\/{rel}","templated":true}]}}