{"id":33497,"date":"2025-03-31T11:52:46","date_gmt":"2025-03-31T11:52:46","guid":{"rendered":"https:\/\/purama.lt\/produktas\/ohgood-sokoladinis-maisto-pakaitalu-misinys\/"},"modified":"2026-03-19T16:35:26","modified_gmt":"2026-03-19T14:35:26","slug":"ohgood-suklaa-ruokaa-korvaava-kulho","status":"publish","type":"product","link":"https:\/\/purama.lt\/fi\/produktas\/ohgood-sokoladinis-maisto-pakaitalu-misinys\/","title":{"rendered":"OH!GOOD Suklaa Ruoankorvike sekoitus"},"content":{"rendered":"<p><strong>Mihin se on hyv\u00e4 ja milloin sit\u00e4 kannattaa ottaa?<\/strong><\/p>\n\n\n\n<p><strong>OH!GOOD Suklaa ruoan korvike sekoitus<\/strong> sopiva:<\/p>\n\n\n\n<ul class=\"wp-block-list\">\n<li>Nopeana ja terveellisen\u00e4 aamiaisen tai lounaan korvikkeena.<\/li>\n\n\n\n<li>Urheileville, ennen tai j\u00e4lkeen harjoituksen.<\/li>\n\n\n\n<li>Niille, jotka haluavat yll\u00e4pit\u00e4\u00e4 painoaan tai terveellisi\u00e4 el\u00e4m\u00e4ntapoja.<\/li>\n\n\n\n<li>Kiireisille ihmisille, jotka arvostavat tasapainoista ruokavaliota<\/li>\n\n\n\n<li>Vaihtoehtona makeisille, kun haluat jotain maukasta mutta hy\u00f6dyllist\u00e4.<\/li>\n<\/ul>\n\n\n\n<p><strong>Koostumus:<\/strong> Herneproteiini-isolaatti, riisiproteiinikonsentraatti, hamppuproteiinikonsentraatti, kaakaojauhe, dekstroosi, maltodekstriini, fruktoosi, keskipitk\u00e4ketjuiset triglyseridit (MCT) kookos\u00f6ljyst\u00e4, kookosmaitojauhe, psylliumkuori, inuliini, kaurajauho, banaanijauhe, pellavansiemenjauho, BCAA:t (leusiini, isoleusiini, valiini) suhteessa 2:1:1, kurkuma, monivitamiinikompleksi (A-, C-, D-, E-, K-, B1-, B2-, B3-, B5-, B6-, B12-vitamiinit, foolihappo, biotiini), kalium (kaliumsitraatti, kaliumkloridi), kloridi (natriumkloridi, kaliumkloridi), kalsium (kalsiumkarbonaatti), fosfori (kasviper\u00e4isi\u00e4 fosfaatteja), magnesium (magnesiumoksidi), jodi (kaliumjodidi), rauta (rautafumaraatti), seleeni (natriumseleniitti), sinkki (sinkkioksidi), kupari (kupariglukonaatti), mangaani (mangaanisulfaatti), kromi (kromikloridi), molybdeeni (natriummolybdaatti), koentsyymi Q10, probioottisekoitus, luontainen suklaa-aromi, makeutusaine: stevia, stabilointiaine: ksantaanikumi.<\/p>","protected":false},"excerpt":{"rendered":"<p class=\"\" data-start=\"0\" data-end=\"376\"><strong data-start=\"0\" data-end=\"48\">OH!GOOD Suklaa ruoan korvike sekoitus<\/strong> - tasapainoinen proteiinipirtel\u00f6, <strong>antaa elimist\u00f6lle kaikki v\u00e4ltt\u00e4m\u00e4tt\u00f6m\u00e4t ravintoaineet yhdell\u00e4 aterialla.<\/strong>. Nykyp\u00e4iv\u00e4n nopeatempoisessa maailmassa j\u00e4t\u00e4mme usein aterioita v\u00e4liin tai valitsemme ep\u00e4terveellisi\u00e4 v\u00e4lipaloja. OH!GOOD Complete Meal sopii t\u00e4ydellisesti jokap\u00e4iv\u00e4iseen el\u00e4m\u00e4\u00e4n - toimistossa, matkalla, kuntosalilla, luonnossa tai kotona. Se on ravitseva, luonnollisen makuinen smoothie, joka sulautuu helposti aktiiviseen el\u00e4m\u00e4ntapaan. Sen tasapainoinen koostumus takaa energian, kyll\u00e4isyyden ja t\u00e4ysipainoisen ravinnon ilman vaivaa.<\/p>\n<p data-start=\"0\" data-end=\"376\"><strong data-start=\"0\" data-end=\"46\" data-is-only-node=\"\">Miksi valita OH!GOOD Complete Meal?<\/strong><br data-start=\"46\" data-end=\"49\" \/>\u2714\ufe0f 40 g proteiinia ja 422 kcal per annos.<br data-start=\"94\" data-end=\"97\" \/>\u2714\ufe0f Jopa 27 vitamiinia ja probiootteja.<br data-start=\"131\" data-end=\"134\" \/>\u2714\ufe0f Tarjoaa kyll\u00e4isyyden tunteen 3-4 tunnin ajan.<br data-start=\"173\" data-end=\"176\" \/>\u2714\ufe0f 100 % Kasvipohjainen (sopii vegaaneille)<\/p>\n<p data-start=\"0\" data-end=\"376\">\u00a0<\/p>","protected":false},"featured_media":33517,"comment_status":"open","ping_status":"closed","template":"","meta":{"_acf_changed":false},"product_brand":[447],"product_cat":[60,500,298],"product_tag":[],"class_list":{"0":"post-33497","1":"product","2":"type-product","3":"status-publish","4":"has-post-thumbnail","6":"product_brand-ohgood","7":"product_cat-mitybai","8":"product_cat-outlet","9":"product_cat-sveikas-maistas","11":"first","12":"instock","13":"sale","14":"shipping-taxable","15":"purchasable","16":"product-type-simple"},"acf":[],"tiered_pricing_type":"fixed","tiered_pricing_fixed_rules":[],"tiered_pricing_product_settings":{"layout":"default","base_unit_name":{"singular":null,"plural":null},"default_variation":null},"tiered_pricing_minimum_quantity":null,"tiered_pricing_roles_data":[],"tiered_pricing_percentage_rules":[],"_links":{"self":[{"href":"https:\/\/purama.lt\/fi\/wp-json\/wp\/v2\/product\/33497","targetHints":{"allow":["GET"]}}],"collection":[{"href":"https:\/\/purama.lt\/fi\/wp-json\/wp\/v2\/product"}],"about":[{"href":"https:\/\/purama.lt\/fi\/wp-json\/wp\/v2\/types\/product"}],"replies":[{"embeddable":true,"href":"https:\/\/purama.lt\/fi\/wp-json\/wp\/v2\/comments?post=33497"}],"wp:featuredmedia":[{"embeddable":true,"href":"https:\/\/purama.lt\/fi\/wp-json\/wp\/v2\/media\/33517"}],"wp:attachment":[{"href":"https:\/\/purama.lt\/fi\/wp-json\/wp\/v2\/media?parent=33497"}],"wp:term":[{"taxonomy":"product_brand","embeddable":true,"href":"https:\/\/purama.lt\/fi\/wp-json\/wp\/v2\/product_brand?post=33497"},{"taxonomy":"product_cat","embeddable":true,"href":"https:\/\/purama.lt\/fi\/wp-json\/wp\/v2\/product_cat?post=33497"},{"taxonomy":"product_tag","embeddable":true,"href":"https:\/\/purama.lt\/fi\/wp-json\/wp\/v2\/product_tag?post=33497"}],"curies":[{"name":"wp","href":"https:\/\/api.w.org\/{rel}","templated":true}]}}