{"id":33496,"date":"2025-03-31T11:52:46","date_gmt":"2025-03-31T11:52:46","guid":{"rendered":"https:\/\/purama.lt\/produktas\/ohgood-karamelinis-maisto-pakaitalu-misinys\/"},"modified":"2026-01-08T11:32:57","modified_gmt":"2026-01-08T09:32:57","slug":"ohgood-karamelli-ruokakorvike-sekoitus","status":"publish","type":"product","link":"https:\/\/purama.lt\/fi\/produktas\/ohgood-karamelinis-maisto-pakaitalu-misinys\/","title":{"rendered":"OH!GOOD Karamelli Ruoan korvike sekoitus"},"content":{"rendered":"<p><strong>Mihin se on hyv\u00e4 ja milloin sit\u00e4 kannattaa ottaa?<\/strong><\/p>\n\n\n\n<p><strong>OH!GOOD karamelliruokaa korvaava sekoitus<\/strong> sopiva:<\/p>\n\n\n\n<ul class=\"wp-block-list\">\n<li>Ihmisille, joilla on kiireinen el\u00e4m\u00e4<\/li>\n\n\n\n<li>Urheilijoille - ennen tai j\u00e4lkeen harjoittelun<\/li>\n\n\n\n<li>Niille, jotka haluavat laihtua tai s\u00e4ilytt\u00e4\u00e4 nykyisen painonsa.<\/li>\n\n\n\n<li>Niille, jotka etsiv\u00e4t ravitsevaa, nopeaa mutta terveellist\u00e4 ratkaisua liikkeell\u00e4 ollessaan.<\/li>\n\n\n\n<li>Kaikille, jotka haluavat lis\u00e4\u00e4 energiaa ilman roskaruokaa tai makeisia.<\/li>\n<\/ul>\n\n\n\n<p><strong>Koostumus:<\/strong> Herneproteiini-isolaatti, riisiproteiinikonsentraatti, hamppuproteiinikonsentraatti, dekstroosi, maltodekstriini, fruktoosi, keskipitk\u00e4ketjuiset triglyseridit (MCT) kookos\u00f6ljyst\u00e4, kookosmaitojauhe, psylliumkuori, inuliini, kaurajauho, banaanijauhe, pellavansiemenjauho, BCAA:t (leusiini, isoleusiini, valiini) suhteessa 2:1:1, kurkuma, monivitamiinikompleksi (A-, C-, D-, E-, K-, B1-, B2-, B3-, B5-, B6-, B12-vitamiinit, foolihappo, biotiini), kalium (kaliumsitraatti, kaliumkloridi), kloridi (natriumkloridi, kaliumkloridi), kalsium (kalsiumkarbonaatti), fosfori (kasviper\u00e4isi\u00e4 fosfaatteja), magnesium (magnesiumoksidi), jodi (kaliumjodidi), rauta (rautafumaraatti), seleeni (natriumseleniitti), sinkki (sinkkioksidi), kupari (kupariglukonaatti), mangaani (mangaanisulfaatti), kromi (kromikloridi), molybdeeni (molybdaattinatrium), koentsyymi Q10, probioottisekoitus, luonnollinen suolainen karamelliaromi, ksantaanikumi.<\/p>","protected":false},"excerpt":{"rendered":"<p data-start=\"177\" data-end=\"274\"><strong data-start=\"181\" data-end=\"274\">OH!GOOD Caramel ateriankorvikkeena - kun haluat jotain maukasta ja tasapainoista.\u00a0<\/strong>Yhdist\u00e4 maku ja toiminnallisuus - <strong data-start=\"310\" data-end=\"358\">OH!GOOD karamelliruokaa korvaava sekoitus<\/strong> on enemm\u00e4n kuin pelkk\u00e4 v\u00e4lipala. Se on t\u00e4ydellinen, kasvipohjainen ruokailuratkaisu niille, jotka haluavat ravita kehoaan terveellisell\u00e4 ruoalla nopeasti ja vaivattomasti. Miedosti makea <strong data-start=\"536\" data-end=\"556\">karamellin maku<\/strong>, t\u00e4m\u00e4 juoma on rikastettu <strong data-start=\"583\" data-end=\"661\">kasviproteiineja, vitamiineja, kuituja ja v\u00e4ltt\u00e4m\u00e4tt\u00f6mi\u00e4 kivenn\u00e4isaineita.<\/strong>, antaa kyll\u00e4isyyden tunteen jopa 3-4 tunniksi ja pit\u00e4\u00e4 energiatason vakaana. Valmistettu herne-, riisi- ja hamppuproteiinien sekoituksesta, jota on t\u00e4ydennetty <strong data-start=\"805\" data-end=\"832\">MCT-rasva kookosp\u00e4hkin\u00f6ist\u00e4<\/strong>, <strong data-start=\"834\" data-end=\"851\">kaurajauho<\/strong>, <strong data-start=\"853\" data-end=\"871\">pellavansiemen<\/strong> ja <strong data-start=\"875\" data-end=\"900\">ilman lis\u00e4tty\u00e4 sokeria<\/strong>Se on t\u00e4ydellinen valinta sek\u00e4 kiireisiin p\u00e4iviin ett\u00e4 aktiiviseen el\u00e4m\u00e4ntapaan. <\/p>\n<p><strong data-start=\"987\" data-end=\"1011\">Miksi valita?<br \/><\/strong>\u2714\ufe0f T\u00e4ydellinen kasvipohjainen ateria, joka sis\u00e4lt\u00e4\u00e4 proteiinia, kuituja, vitamiineja ja kivenn\u00e4isaineita.<br data-start=\"1086\" data-end=\"1089\" \/>\u2714\ufe0f Pitk\u00e4\u00e4n kest\u00e4v\u00e4 kyll\u00e4isyys - jopa 3-4 tuntia.<br data-start=\"1132\" data-end=\"1135\" \/>\u2714\ufe0f Mieto karamellin maku - herkullista ilman katumusta.<br data-start=\"1192\" data-end=\"1195\" \/>\u2714\ufe0f Ei valmistelua - vain ravista ja juo.<br data-start=\"1239\" data-end=\"1242\" \/>\u2714\ufe0f Ei lis\u00e4tty\u00e4 sokeria, sopii vegaaneille ja gluteeniton.<br data-start=\"1296\" data-end=\"1299\" \/>\u2714\ufe0f Sopii mihin aikaan p\u00e4iv\u00e4st\u00e4 tahansa - aamiaisesta iltapalaan.<br data-start=\"1371\" data-end=\"1374\" \/>\u2714\ufe0f Auttaa sinua yll\u00e4pit\u00e4m\u00e4\u00e4n terveellist\u00e4 ruokavaliota ja energist\u00e4 el\u00e4m\u00e4ntapaa.<\/p>","protected":false},"featured_media":33515,"comment_status":"open","ping_status":"closed","template":"","meta":{"_acf_changed":false},"product_brand":[447],"product_cat":[60,298],"product_tag":[],"class_list":{"0":"post-33496","1":"product","2":"type-product","3":"status-publish","4":"has-post-thumbnail","6":"product_brand-ohgood","7":"product_cat-mitybai","8":"product_cat-sveikas-maistas","10":"first","11":"instock","12":"shipping-taxable","13":"purchasable","14":"product-type-simple"},"acf":[],"tiered_pricing_type":"fixed","tiered_pricing_fixed_rules":[],"tiered_pricing_product_settings":{"layout":"default","base_unit_name":{"singular":null,"plural":null},"default_variation":null},"tiered_pricing_minimum_quantity":null,"tiered_pricing_roles_data":[],"tiered_pricing_percentage_rules":[],"_links":{"self":[{"href":"https:\/\/purama.lt\/fi\/wp-json\/wp\/v2\/product\/33496","targetHints":{"allow":["GET"]}}],"collection":[{"href":"https:\/\/purama.lt\/fi\/wp-json\/wp\/v2\/product"}],"about":[{"href":"https:\/\/purama.lt\/fi\/wp-json\/wp\/v2\/types\/product"}],"replies":[{"embeddable":true,"href":"https:\/\/purama.lt\/fi\/wp-json\/wp\/v2\/comments?post=33496"}],"wp:featuredmedia":[{"embeddable":true,"href":"https:\/\/purama.lt\/fi\/wp-json\/wp\/v2\/media\/33515"}],"wp:attachment":[{"href":"https:\/\/purama.lt\/fi\/wp-json\/wp\/v2\/media?parent=33496"}],"wp:term":[{"taxonomy":"product_brand","embeddable":true,"href":"https:\/\/purama.lt\/fi\/wp-json\/wp\/v2\/product_brand?post=33496"},{"taxonomy":"product_cat","embeddable":true,"href":"https:\/\/purama.lt\/fi\/wp-json\/wp\/v2\/product_cat?post=33496"},{"taxonomy":"product_tag","embeddable":true,"href":"https:\/\/purama.lt\/fi\/wp-json\/wp\/v2\/product_tag?post=33496"}],"curies":[{"name":"wp","href":"https:\/\/api.w.org\/{rel}","templated":true}]}}