{"id":33495,"date":"2025-03-31T11:52:46","date_gmt":"2025-03-31T11:52:46","guid":{"rendered":"https:\/\/purama.lt\/produktas\/ohgood-vanilinis-maisto-pakaitalu-misinys\/"},"modified":"2026-04-21T12:41:57","modified_gmt":"2026-04-21T10:41:57","slug":"ohgood-vanilja-ruokakorvike-sekoitus","status":"publish","type":"product","link":"https:\/\/purama.lt\/fi\/produktas\/ohgood-vanilinis-maisto-pakaitalu-misinys\/","title":{"rendered":"OH!GOOD Vanilja ruokakorvike sekoitus"},"content":{"rendered":"<p><strong>Mihin se on hyv\u00e4 ja milloin sit\u00e4 kannattaa ottaa?<\/strong><\/p>\n\n\n\n<p><strong>OH!GOOD vanilja ruokakorvike sekoitus<\/strong> - T\u00e4m\u00e4:<\/p>\n\n\n\n<ul class=\"wp-block-list\">\n<li>Loistava aamiaisen tai lounaan korvike<\/li>\n\n\n\n<li>Vaihtoehto v\u00e4lipaloille tai pikaruoalle tien p\u00e4\u00e4ll\u00e4<\/li>\n\n\n\n<li>Sopii urheiluun - ennen tai j\u00e4lkeen harjoituksen<\/li>\n\n\n\n<li>Tasapainoinen ratkaisu laihduttamiseen tai painon yll\u00e4pitoon<\/li>\n\n\n\n<li>Sujuva, nopea ja terveellinen valinta, kun tarvitset energiaa ja ravintoa.<\/li>\n<\/ul>\n\n\n\n<p><strong>Koostumus:<\/strong> Herneproteiini-isolaatti, riisiproteiinikonsentraatti, hamppuproteiinikonsentraatti, dekstroosi, maltodekstriini, fruktoosi, keskipitk\u00e4ketjuiset triglyseridit (MCT) kookos\u00f6ljyst\u00e4, kookosmaitojauhe, psylliumkuori, inuliini, kaurajauho, banaanijauhe, pellavansiemenjauho, BCAA:t (leusiini, isoleusiini, valiini) suhteessa 2:1:1, kurkuma, monivitamiinikompleksi (A-, C-, D-, E-, K-, B1-, B2-, B3-, B5-, B6-, B12-vitamiinit, foolihappo, biotiini), kalium (kaliumsitraatti, kaliumkloridi), kloridi (natriumkloridi, kaliumkloridi), kalsium (kalsiumkarbonaatti), fosfori (kasviper\u00e4isi\u00e4 fosfaatteja), magnesium (magnesiumoksidi), jodi (kaliumjodidi), rauta (rautafumaraatti), seleeni (natriumseleniitti), sinkki (sinkkioksidi), kupari (kupariglukonaatti), mangaani (mangaanisulfaatti), kromi (kromikloridi), molybdeeni (molybdaattinatrium), koentsyymi Q10, luonnollinen vanilja-aromi, ksantaanikumi.<\/p>","protected":false},"excerpt":{"rendered":"<p data-start=\"247\" data-end=\"359\"><strong data-start=\"251\" data-end=\"359\">OH!GOOD Vanilja ateriankorvike - tasapainoinen, miedon makuinen ateria miss\u00e4 ja milloin tahansa.\u00a0<\/strong>Kun sinulla ei ole aikaa kokata, mutta haluat silti valita, mik\u00e4 on hyv\u00e4ksi kehollesi, valitse <strong data-start=\"460\" data-end=\"504\">OH!GOOD vanilja ruokakorvike sekoitus<\/strong>. Se on t\u00e4ydellinen, tasapainoinen juoma, joka antaa keholle seuraavat ravintoaineet <strong data-start=\"571\" data-end=\"620\">kaikki olennaiset makro- ja mikroravintoaineet<\/strong>, tarjoaa pitk\u00e4kestoisen <strong data-start=\"641\" data-end=\"674\">kyll\u00e4inen olo jopa 3-4 tunnin ajan<\/strong>, pit\u00e4\u00e4 sinut virke\u00e4n\u00e4 ja hyv\u00e4ll\u00e4 tuulella koko p\u00e4iv\u00e4n. Seos on valmistettu <strong data-start=\"763\" data-end=\"809\">Kasviproteiini (herne, riisi, hamppu)<\/strong>, rikastettu <strong data-start=\"824\" data-end=\"851\">MCT-rasva kookosp\u00e4hkin\u00f6ist\u00e4<\/strong>, <strong data-start=\"853\" data-end=\"886\">kaura- ja pellavansiemenjauho<\/strong>, sek\u00e4 t\u00e4rkein <strong data-start=\"913\" data-end=\"939\">vitamiinit, kivenn\u00e4isaineet<\/strong> ja <strong data-start=\"943\" data-end=\"958\">kuitu<\/strong>. Makeutettu luonnollisella <strong data-start=\"980\" data-end=\"991\">stevia<\/strong>, t\u00e4ss\u00e4 tuotteessa ei ole lis\u00e4tty\u00e4 sokeria ja se on t\u00e4ysin terveellinen. <strong data-start=\"1049\" data-end=\"1070\">sopii vegaaneille<\/strong>. Osoitteessa <strong data-start=\"1076\" data-end=\"1104\">luonnollinen vaniljan maku<\/strong>, Pehme\u00e4n koostumuksen ja erinomaisen ravitsemuksellisen koostumuksen ansiosta se on t\u00e4ydellinen valinta aamulla, treenin j\u00e4lkeen tai kiireisen ty\u00f6p\u00e4iv\u00e4n aikana. <\/p>\n<p><strong data-start=\"1251\" data-end=\"1275\">Miksi valita?<br \/><\/strong>\u2714\ufe0f T\u00e4ydellinen yhden aterian korvike - proteiinia, kuitua, rasvaa, vitamiineja ja kivenn\u00e4isaineita.<br data-start=\"1369\" data-end=\"1372\" \/>\u2714\ufe0f Pitk\u00e4\u00e4n kest\u00e4v\u00e4 kyll\u00e4isyys - jopa 3-4 tuntia.<br data-start=\"1428\" data-end=\"1431\" \/>\u2714\ufe0f Valmistettu 100 % kasviper\u00e4isist\u00e4 ainesosista.<br data-start=\"1475\" data-end=\"1478\" \/>\u2714\ufe0f Ei lis\u00e4tty\u00e4 sokeria, gluteeniton, makeutettu stevialla.<br data-start=\"1533\" data-end=\"1536\" \/>\u2714\ufe0f Sopii kaikkiin ruokavalioihin - painonhallintaan, lihasten rakentamiseen, aktiiviseen el\u00e4m\u00e4\u00e4n.<br data-start=\"1627\" data-end=\"1630\" \/>\u2714\ufe0f Mieto vaniljan maku - nautinto juoda joka p\u00e4iv\u00e4.<br data-start=\"1679\" data-end=\"1682\" \/>\u2714\ufe0f Ei valmistelua - ravista ja nauti.<\/p>","protected":false},"featured_media":33516,"comment_status":"open","ping_status":"closed","template":"","meta":{"_acf_changed":false},"product_brand":[447],"product_cat":[60,500,298],"product_tag":[],"class_list":{"0":"post-33495","1":"product","2":"type-product","3":"status-publish","4":"has-post-thumbnail","6":"product_brand-ohgood","7":"product_cat-mitybai","8":"product_cat-outlet","9":"product_cat-sveikas-maistas","11":"first","12":"instock","13":"sale","14":"shipping-taxable","15":"purchasable","16":"product-type-simple"},"acf":[],"tiered_pricing_type":"fixed","tiered_pricing_fixed_rules":[],"tiered_pricing_product_settings":{"layout":"default","base_unit_name":{"singular":null,"plural":null},"default_variation":null},"tiered_pricing_minimum_quantity":null,"tiered_pricing_roles_data":[],"tiered_pricing_percentage_rules":[],"_links":{"self":[{"href":"https:\/\/purama.lt\/fi\/wp-json\/wp\/v2\/product\/33495","targetHints":{"allow":["GET"]}}],"collection":[{"href":"https:\/\/purama.lt\/fi\/wp-json\/wp\/v2\/product"}],"about":[{"href":"https:\/\/purama.lt\/fi\/wp-json\/wp\/v2\/types\/product"}],"replies":[{"embeddable":true,"href":"https:\/\/purama.lt\/fi\/wp-json\/wp\/v2\/comments?post=33495"}],"wp:featuredmedia":[{"embeddable":true,"href":"https:\/\/purama.lt\/fi\/wp-json\/wp\/v2\/media\/33516"}],"wp:attachment":[{"href":"https:\/\/purama.lt\/fi\/wp-json\/wp\/v2\/media?parent=33495"}],"wp:term":[{"taxonomy":"product_brand","embeddable":true,"href":"https:\/\/purama.lt\/fi\/wp-json\/wp\/v2\/product_brand?post=33495"},{"taxonomy":"product_cat","embeddable":true,"href":"https:\/\/purama.lt\/fi\/wp-json\/wp\/v2\/product_cat?post=33495"},{"taxonomy":"product_tag","embeddable":true,"href":"https:\/\/purama.lt\/fi\/wp-json\/wp\/v2\/product_tag?post=33495"}],"curies":[{"name":"wp","href":"https:\/\/api.w.org\/{rel}","templated":true}]}}