{"id":33494,"date":"2025-03-31T11:52:46","date_gmt":"2025-03-31T11:52:46","guid":{"rendered":"https:\/\/purama.lt\/produktas\/ohgood-bananinis-maisto-pakaitalu-misinys\/"},"modified":"2026-01-08T11:33:22","modified_gmt":"2026-01-08T09:33:22","slug":"ohgood-banaani-ateriankorvike-kulho","status":"publish","type":"product","link":"https:\/\/purama.lt\/fi\/produktas\/ohgood-bananinis-maisto-pakaitalu-misinys\/","title":{"rendered":"OH!GOOD Banaani ruoankorvikkeena sekoitus"},"content":{"rendered":"<p><strong>Mihin se on hyv\u00e4 ja milloin sit\u00e4 kannattaa ottaa?<\/strong><\/p>\n\n\n\n<p><strong>OH!GOOD banaani ruokakorvike sekoitus<\/strong> kaikille, joilla on merkityst\u00e4:<\/p>\n\n\n\n<ul class=\"wp-block-list\">\n<li><strong>Sy\u00f6 tehokkaasti lyhyess\u00e4 ajassa<\/strong><\/li>\n\n\n\n<li><strong>Pid\u00e4 yll\u00e4 terveellist\u00e4 ja tasapainoista ruokavaliota<\/strong><\/li>\n\n\n\n<li><strong>Nauti ravitsevaa mutta helposti sulavaa ateriaa miss\u00e4 ja milloin tahansa.<\/strong><\/li>\n\n\n\n<li><strong>V\u00e4henn\u00e4 napostelua ja v\u00e4lt\u00e4 ylensy\u00f6nti\u00e4.<\/strong><\/li>\n\n\n\n<li><strong>Urheilijoille - t\u00e4ydellinen valinta ennen tai j\u00e4lkeen treenin.<\/strong><br><\/li>\n<\/ul>\n\n\n\n<p><strong>OH!HYV\u00c4<\/strong> muuttuvat asenteet pikaruokaa kohtaan - nopea ei tarkoita ep\u00e4terveellist\u00e4. T\u00e4m\u00e4 on <strong>vastuullinen valinta<\/strong> modernille miehelle, joka haluaa olla virkistynyt, vahva ja t\u00e4ytel\u00e4inen - ilman kompromisseja.<\/p>\n\n\n\n<p><strong>Koostumus:<\/strong> Herne-, riisi- ja hamppuproteiinikonsentraatit, dekstroosi, maltodekstriini, fruktoosi, kookos\u00f6ljyn MCT:t, kookosmaitojauhe, psylliumkuori, inuliini, kaurajauho, banaanijauhe, pellavansiemenrouhe, BCAA (2:1:1), kurkuma, A-, C-, D-, E-, K-, B1-, B2-, B3-, B5-, B6-, B12-vitamiinit, foolihappo, biotiini, kivenn\u00e4isaineet: kalsium, magnesium, kalium, natrium, fosfori, rauta, sinkki, seleeni, jodi, mangaani, kromi, kupari, molybdeeni, koentsyymi Q10, banaanin aromi, ksantaanikumi.<br><br><\/p>","protected":false},"excerpt":{"rendered":"<p data-start=\"212\" data-end=\"326\"><strong data-start=\"216\" data-end=\"326\">OH!GOOD Banana Meal Replacement Blend on tasapainoinen tapa sy\u00f6d\u00e4, kun el\u00e4m\u00e4n tahti ei anna sinun pys\u00e4hty\u00e4.\u00a0<\/strong>Unohda suunnittelemattomat v\u00e4lipalat, pikaruoka tai energian puute p\u00e4iv\u00e4n aikana. <strong data-start=\"409\" data-end=\"455\">OH!GOOD banaani ruokakorvike sekoitus<\/strong> - t\u00e4ydellinen, tasapainoinen ja <strong data-start=\"491\" data-end=\"509\">maukas juoma<\/strong>, joka antaa elimist\u00f6lle kaikki olennaiset ravintoaineet yhdest\u00e4 t\u00e4ydellisest\u00e4 ateriasta. Jokainen annos antaa kyll\u00e4isyyden tunteen <strong data-start=\"649\" data-end=\"672\">jopa 3-4 tuntia<\/strong>, takaa vakaan energiatason ja auttaa ehk\u00e4isem\u00e4\u00e4n tarpeetonta ylensy\u00f6nti\u00e4. Valmistettu <strong data-start=\"768\" data-end=\"789\">kasviproteiini<\/strong>, <strong data-start=\"791\" data-end=\"827\">v\u00e4ltt\u00e4m\u00e4tt\u00f6mi\u00e4 vitamiineja ja kivenn\u00e4isaineita<\/strong>, <strong data-start=\"829\" data-end=\"841\">kuitu<\/strong> ja <strong data-start=\"845\" data-end=\"874\">ilman lis\u00e4tty\u00e4 sokeria<\/strong>, t\u00e4m\u00e4 ateriankorvike on loistava vaihtoehto kaikille, jotka haluavat sy\u00f6d\u00e4 terveellisesti mutta joilla ei ole aikaa kokata tai sy\u00f6d\u00e4 perinteisi\u00e4 aterioita. <\/p>\n<p><strong data-start=\"1264\" data-end=\"1288\"> Miksi valita?<br \/><\/strong>\u2714\ufe0f Sy\u00f6 hyvin - proteiinia, vitamiineja, kivenn\u00e4isaineita ja kuituja yhdess\u00e4 annoksessa.<br data-start=\"1375\" data-end=\"1378\" \/>\u2714\ufe0f Pitk\u00e4aikainen kyll\u00e4isyys - jopa 3-4 tuntia ilman n\u00e4lk\u00e4\u00e4.<br data-start=\"1443\" data-end=\"1446\" \/>\u2714\ufe0f Ei valmistelua - vain ravista ja juo.<br data-start=\"1492\" data-end=\"1495\" \/>\u2714\ufe0f T\u00e4ydellinen ratkaisu kiireisille ihmisille, matkailijoille tai urheilun harrastajille.<br data-start=\"1564\" data-end=\"1567\" \/>\u2714\ufe0f Ei lis\u00e4tty\u00e4 sokeria, gluteeniton, sopii vegaaneille.<br data-start=\"1619\" data-end=\"1622\" \/>\u2714\ufe0f Auttaa yll\u00e4pit\u00e4m\u00e4\u00e4n painoa, energiaa ja fyysist\u00e4 palautumista.<br data-start=\"1678\" data-end=\"1681\" \/>\u2714\ufe0f Herkullinen banaanin maku ilman keinotekoisia aromeja.<\/p>","protected":false},"featured_media":33513,"comment_status":"open","ping_status":"closed","template":"","meta":{"_acf_changed":false},"product_brand":[447],"product_cat":[60,298],"product_tag":[],"class_list":{"0":"post-33494","1":"product","2":"type-product","3":"status-publish","4":"has-post-thumbnail","6":"product_brand-ohgood","7":"product_cat-mitybai","8":"product_cat-sveikas-maistas","10":"first","11":"instock","12":"shipping-taxable","13":"purchasable","14":"product-type-simple"},"acf":[],"tiered_pricing_type":"fixed","tiered_pricing_fixed_rules":[],"tiered_pricing_product_settings":{"layout":"default","base_unit_name":{"singular":null,"plural":null},"default_variation":null},"tiered_pricing_minimum_quantity":null,"tiered_pricing_roles_data":[],"tiered_pricing_percentage_rules":[],"_links":{"self":[{"href":"https:\/\/purama.lt\/fi\/wp-json\/wp\/v2\/product\/33494","targetHints":{"allow":["GET"]}}],"collection":[{"href":"https:\/\/purama.lt\/fi\/wp-json\/wp\/v2\/product"}],"about":[{"href":"https:\/\/purama.lt\/fi\/wp-json\/wp\/v2\/types\/product"}],"replies":[{"embeddable":true,"href":"https:\/\/purama.lt\/fi\/wp-json\/wp\/v2\/comments?post=33494"}],"wp:featuredmedia":[{"embeddable":true,"href":"https:\/\/purama.lt\/fi\/wp-json\/wp\/v2\/media\/33513"}],"wp:attachment":[{"href":"https:\/\/purama.lt\/fi\/wp-json\/wp\/v2\/media?parent=33494"}],"wp:term":[{"taxonomy":"product_brand","embeddable":true,"href":"https:\/\/purama.lt\/fi\/wp-json\/wp\/v2\/product_brand?post=33494"},{"taxonomy":"product_cat","embeddable":true,"href":"https:\/\/purama.lt\/fi\/wp-json\/wp\/v2\/product_cat?post=33494"},{"taxonomy":"product_tag","embeddable":true,"href":"https:\/\/purama.lt\/fi\/wp-json\/wp\/v2\/product_tag?post=33494"}],"curies":[{"name":"wp","href":"https:\/\/api.w.org\/{rel}","templated":true}]}}