{"id":33491,"date":"2025-03-31T11:52:45","date_gmt":"2025-03-31T11:52:45","guid":{"rendered":"https:\/\/purama.lt\/produktas\/ohgood-lazdyno-riesutu-ir-sokolado-baltymu-batonelis\/"},"modified":"2026-04-02T11:50:39","modified_gmt":"2026-04-02T09:50:39","slug":"ohgood-hasselpahkina-ja-suklaa-proteiinipatukka","status":"publish","type":"product","link":"https:\/\/purama.lt\/fi\/produktas\/ohgood-lazdyno-riesutu-ir-sokolado-baltymu-batonelis\/","title":{"rendered":"OH!GOOD Hasselp\u00e4hkin\u00e4 ja suklaa proteiinipatukka"},"content":{"rendered":"<p><strong>Ainesosat:<\/strong> Proteiiniseos (riisi- ja herneproteiini), liukoinen kuitu (tapioka- ja agave-inuliinista), suklaa (kaakao, kaakaovoi, erytritoli), hasselp\u00e4hkin\u00e4voi, hasselp\u00e4hkin\u00e4sirut, auringonkukkalastut, auringonkukka\u00f6ljy, taatelit, granaattiomenasiirappi, kaakaojauhe, merisuola.<br>Vitamiinit ja kivenn\u00e4isaineet: kalsium, magnesium, C-, E-, B-, D- ja K-vitamiinit, koentsyymi Q10, sinkki, seleeni, rauta, kupari, mangaani, jodi, molybdeeni ja kromi.<br><strong>Gluteeniton, ei lis\u00e4tty\u00e4 sokeria.<\/strong><\/p>\n\n\n\n<p><strong>Ravintoarvo (60 g):<\/strong> 222 kcal - Rasvaa 11 g (josta tyydyttynytt\u00e4 2,9 g) - Hiilihydraattia 5,6 g (sokeria 2,8 g) - Kuitua 17 g - Proteiinia 16 g - Suola 0,24 g.<\/p>\n\n\n\n<p><strong>Vitamiinit ja kivenn\u00e4isaineet (60 g):<\/strong><br>A-vitamiini 113 \u03bcg - C 20 mg - D3 1,3 \u03bcg - K 21 \u03bcg - E 3,4 mg - B1 0,34 mg - B2 0,34 mg - B3 (niasiini) 4,1 mg - Pantoteenihappo 1,5 mg - B6 0,34 mg - Foolihappo 51 \u03bcg - B12 0.7 \u00b5g - Biotiini 13 \u00b5g - Kalsium 92 mg - Sinkki 2,2 mg - Kupari 103 \u00b5g - Rauta 3 mg - Molybdeeni 14 \u00b5g - Jodi 26 \u00b5g - Kromi 11 \u00b5g - Seleeni 19 \u00b5g - Koentsyymi Q10 0,4 mg.<\/p>","protected":false},"excerpt":{"rendered":"<p class=\"\" data-start=\"0\" data-end=\"99\"><strong>OH!GOOD proteiinipatukka hasselp\u00e4hkin\u00f6ill\u00e4 ja suklaalla<\/strong> - poikkeuksellinen maku ja arvokas koostumus. <strong>Oh!Good proteiinipatukka<\/strong> - on vegaaninen proteiinipatukka, joka on suunniteltu maku ja laatu mieless\u00e4. Rapeiden hasselp\u00e4hkin\u00f6iden, pehme\u00e4n suklaan ja tasapainoisen ravintoaineyhdistelm\u00e4n ansiosta jokainen suupala on kuin herkullinen j\u00e4lkiruoka, joka ravitsee kehoasi. T\u00e4ydellinen v\u00e4lipalaksi aterioiden v\u00e4liss\u00e4 tai kevyeksi j\u00e4lkiruoaksi milloin tahansa p\u00e4iv\u00e4ll\u00e4. <strong>Patukka sis\u00e4lt\u00e4\u00e4 runsaasti kasvipohjaista proteiinia, kuitua, t\u00e4rkeit\u00e4 vitamiineja ja kivenn\u00e4isaineita.<\/strong>. Alhaisesta sokeripitoisuudestaan huolimatta sen maku on runsas ja tasapainoinen. T\u00e4m\u00e4 v\u00e4lipala on maukas tapa t\u00e4ydent\u00e4\u00e4 energiaa, huolehtia ruokavaliosta ja tyydytt\u00e4\u00e4 makeanhimoa tavoitteista tinkim\u00e4tt\u00e4. Maku puhuu puolestaan.<\/p>\n<p class=\"\" data-start=\"0\" data-end=\"45\"><strong>Miksi valita OH!GOOD-proteiinipatukka?<\/strong><\/p>\n<p class=\"\" data-start=\"47\" data-end=\"162\">\u2714\ufe0f Vain 220 kcal - v\u00e4h\u00e4n kaloreita.<br data-start=\"79\" data-end=\"82\" \/>\u2714\ufe0f 16 g proteiinia ja 20 vitamiinia<br data-start=\"112\" data-end=\"115\" \/>\u2714\ufe0f Ei keinotekoisia makeutusaineita<br data-start=\"140\" data-end=\"143\" \/>\u2714\ufe0f 100 % vegaani<\/p>\n<p data-start=\"0\" data-end=\"99\">\u00a0<\/p>","protected":false},"featured_media":33498,"comment_status":"open","ping_status":"closed","template":"","meta":{"_acf_changed":false},"product_brand":[447],"product_cat":[60,297],"product_tag":[],"class_list":{"0":"post-33491","1":"product","2":"type-product","3":"status-publish","4":"has-post-thumbnail","6":"product_brand-ohgood","7":"product_cat-mitybai","8":"product_cat-baltyminiai-batoneliai","10":"first","11":"instock","12":"shipping-taxable","13":"purchasable","14":"product-type-simple"},"acf":[],"tiered_pricing_type":"fixed","tiered_pricing_fixed_rules":[],"tiered_pricing_product_settings":{"layout":"default","base_unit_name":{"singular":null,"plural":null},"default_variation":null},"tiered_pricing_minimum_quantity":null,"tiered_pricing_roles_data":[],"tiered_pricing_percentage_rules":[],"_links":{"self":[{"href":"https:\/\/purama.lt\/fi\/wp-json\/wp\/v2\/product\/33491","targetHints":{"allow":["GET"]}}],"collection":[{"href":"https:\/\/purama.lt\/fi\/wp-json\/wp\/v2\/product"}],"about":[{"href":"https:\/\/purama.lt\/fi\/wp-json\/wp\/v2\/types\/product"}],"replies":[{"embeddable":true,"href":"https:\/\/purama.lt\/fi\/wp-json\/wp\/v2\/comments?post=33491"}],"wp:featuredmedia":[{"embeddable":true,"href":"https:\/\/purama.lt\/fi\/wp-json\/wp\/v2\/media\/33498"}],"wp:attachment":[{"href":"https:\/\/purama.lt\/fi\/wp-json\/wp\/v2\/media?parent=33491"}],"wp:term":[{"taxonomy":"product_brand","embeddable":true,"href":"https:\/\/purama.lt\/fi\/wp-json\/wp\/v2\/product_brand?post=33491"},{"taxonomy":"product_cat","embeddable":true,"href":"https:\/\/purama.lt\/fi\/wp-json\/wp\/v2\/product_cat?post=33491"},{"taxonomy":"product_tag","embeddable":true,"href":"https:\/\/purama.lt\/fi\/wp-json\/wp\/v2\/product_tag?post=33491"}],"curies":[{"name":"wp","href":"https:\/\/api.w.org\/{rel}","templated":true}]}}