{"id":33397,"date":"2025-03-28T07:18:22","date_gmt":"2025-03-28T07:18:22","guid":{"rendered":"https:\/\/purama.lt\/produktas\/zinzino-balanceoil-tutti-frutti-omega-maisto-papildas\/"},"modified":"2026-03-27T16:21:15","modified_gmt":"2026-03-27T14:21:15","slug":"zinzino-balanceoil-tutti-frutti-omega-ravintolisa","status":"publish","type":"product","link":"https:\/\/purama.lt\/fi\/produktas\/zinzino-balanceoil-tutti-frutti-omega-maisto-papildas\/","title":{"rendered":"Zinzino BalanceOil Tutti Frutti Omega ravintolis\u00e4"},"content":{"rendered":"<p><strong>Kulutus:<\/strong> <\/p>\n\n\n\n<p>2-10-vuotiaat lapset (enint\u00e4\u00e4n 40 kg) - 0,20 ml\/1 kg ruumiinpainoa (esim. 25 kg - 5 ml), 11-vuotiaat ja vanhemmat lapset - 0,15 ml\/1 kg ruumiinpainoa (esim. 80 kg - 12 ml\/vrk).<\/p>\n\n\n\n<p><strong>Zinzino BalanceOil Tutti Frutti - tasapainoinen Omega-3 ravintolis\u00e4 lapsille ja perheille.<\/strong><br>BalanceOil Tutti Frutti on maukas ja lapsiyst\u00e4v\u00e4llinen Omega-3-lis\u00e4 ilman kalamaista j\u00e4lkimakua, joka on valmistettu ensiluokkaisesta kala\u00f6ljyst\u00e4 ja ekstra-neitsyt Picual-oliivi\u00f6ljyst\u00e4. Se sis\u00e4lt\u00e4\u00e4 runsaasti polyfenoleja, kasviravinteita, omega-3-, -7- ja -9-rasvahappoja, jotka tukevat lapsen kehityst\u00e4, aivotoimintaa, n\u00e4k\u00f6kyky\u00e4 ja immuunij\u00e4rjestelm\u00e4\u00e4.<\/p>\n\n\n\n<p><strong>Koostumus:<\/strong> Kala\u00f6ljy (anjovis, sardiini, makrilli), ekstra-neitsytoliivi\u00f6ljy, luonnolliset aromit (Tutti Frutti), tokoferolit (antioksidantit), D3-vitamiini (kolekalsiferoli).<\/p>\n\n\n\n<p><strong>Ravintoarvo (5 ml):<\/strong> Kala\u00f6ljy: 2761 mg (josta Omega-3: 1033 mg: EPA: 535 mg, DHA: 285 mg), oliivi\u00f6ljy: 1705 mg (\u00f6ljyhappo: 1279 mg, polyfenolit: 1,5 mg), D3-vitamiini: 8,3 \u00b5g (167 % RMV*). *RMV - ravintoarvon viitearvo.<\/p>\n\n\n\n<p><\/p>\n\n\n\n<p><\/p>","protected":false},"excerpt":{"rendered":"<p class=\"\" data-start=\"218\" data-end=\"310\"><strong>Zinzino BalanceOil Tutti Frutti<\/strong> - tasapainoinen <strong>Omega-3<\/strong> lapsille ja koko perheelle tarkoitettu lis\u00e4osa. Se on erityisesti lapsille r\u00e4\u00e4t\u00e4l\u00f6ity maukas ravintolis\u00e4, jossa ei ole kalamaista j\u00e4lkimakua. Raikas, hedelm\u00e4inen koostumus edist\u00e4\u00e4 helppoa nauttimista ja tukee elimist\u00f6n t\u00e4rkeit\u00e4 toimintoja, kuten vastustuskyky\u00e4, n\u00e4k\u00f6kyky\u00e4, aivotoimintaa ja luuston kehityst\u00e4. T\u00e4m\u00e4 koostumus, jossa on laadukasta kala\u00f6ljy\u00e4 (sardellia, sardiinia, makrillia) ja ekstra-neitsytoliivi\u00f6ljy\u00e4, on rikastettu luonnollisella D3-vitamiinilla ja tokoferoleilla, jotka antavat ylim\u00e4\u00e4r\u00e4ist\u00e4 antioksidanttisuojaa. Ik\u00e4\u00e4n ja painoon perustuvat annostussuositukset takaavat yksil\u00f6llisen sopeutumisen kullekin perheenj\u00e4senelle.<\/p>\n<p><strong>Miksi valita BalanceOil Tutti Frutti?<\/strong> \u2714\ufe0f Hedelm\u00e4n maku ilman kalan hajua - k\u00e4tev\u00e4 my\u00f6s lapsille<br data-start=\"993\" data-end=\"996\" \/>\u2714\ufe0f Auttaa tukemaan tervett\u00e4 kasvua ja kehityst\u00e4 (Omega-3 ja D3-vitamiini).<br data-start=\"1068\" data-end=\"1071\" \/>\u2714\ufe0f Edist\u00e4\u00e4 aivojen, immuunij\u00e4rjestelm\u00e4n ja n\u00e4k\u00f6kyvyn normaalia toimintaa.<br data-start=\"1136\" data-end=\"1139\" \/>\u2714\ufe0f Auttaa varmistamaan EPR:n, DHA:n ja Omega-6:3:n oikean tasapainon elimist\u00f6ss\u00e4.<br data-start=\"1208\" data-end=\"1211\" \/>\u2714\ufe0f Sopii koko perheelle - lapsista aikuisiin.<strong> TUOTE TOIMITETAAN 5-10 TY\u00d6P\u00c4IV\u00c4N KULUESSA.<\/strong><\/p>","protected":false},"featured_media":33410,"comment_status":"open","ping_status":"closed","template":"","meta":{"_acf_changed":false},"product_brand":[464],"product_cat":[123,253,252,122,255],"product_tag":[],"class_list":{"0":"post-33397","1":"product","2":"type-product","3":"status-publish","4":"has-post-thumbnail","6":"product_brand-zinzino","7":"product_cat-papildai-ilgaamziskumui","8":"product_cat-imuniteto-palaikymas","9":"product_cat-imunitetui","10":"product_cat-lasteliu-jaunystei","11":"product_cat-oksidacinio-streso-mazinimas","13":"first","14":"instock","15":"shipping-taxable","16":"purchasable","17":"product-type-simple"},"acf":[],"tiered_pricing_type":"fixed","tiered_pricing_fixed_rules":[],"tiered_pricing_product_settings":{"layout":"default","base_unit_name":{"singular":null,"plural":null},"default_variation":null},"tiered_pricing_minimum_quantity":null,"tiered_pricing_roles_data":[],"tiered_pricing_percentage_rules":[],"_links":{"self":[{"href":"https:\/\/purama.lt\/fi\/wp-json\/wp\/v2\/product\/33397","targetHints":{"allow":["GET"]}}],"collection":[{"href":"https:\/\/purama.lt\/fi\/wp-json\/wp\/v2\/product"}],"about":[{"href":"https:\/\/purama.lt\/fi\/wp-json\/wp\/v2\/types\/product"}],"replies":[{"embeddable":true,"href":"https:\/\/purama.lt\/fi\/wp-json\/wp\/v2\/comments?post=33397"}],"wp:featuredmedia":[{"embeddable":true,"href":"https:\/\/purama.lt\/fi\/wp-json\/wp\/v2\/media\/33410"}],"wp:attachment":[{"href":"https:\/\/purama.lt\/fi\/wp-json\/wp\/v2\/media?parent=33397"}],"wp:term":[{"taxonomy":"product_brand","embeddable":true,"href":"https:\/\/purama.lt\/fi\/wp-json\/wp\/v2\/product_brand?post=33397"},{"taxonomy":"product_cat","embeddable":true,"href":"https:\/\/purama.lt\/fi\/wp-json\/wp\/v2\/product_cat?post=33397"},{"taxonomy":"product_tag","embeddable":true,"href":"https:\/\/purama.lt\/fi\/wp-json\/wp\/v2\/product_tag?post=33397"}],"curies":[{"name":"wp","href":"https:\/\/api.w.org\/{rel}","templated":true}]}}