{"id":33394,"date":"2025-03-28T07:18:21","date_gmt":"2025-03-28T07:18:21","guid":{"rendered":"https:\/\/purama.lt\/produktas\/zinzino-xtend-maisto-papildas-imunitetui\/"},"modified":"2025-11-12T15:18:18","modified_gmt":"2025-11-12T13:18:18","slug":"zinzin-xtend-ravintolisa-immuniteettia-varten","status":"publish","type":"product","link":"https:\/\/purama.lt\/fi\/produktas\/zinzino-xtend-maisto-papildas-imunitetui\/","title":{"rendered":"Zinzin Xtend Ravintolis\u00e4 immuniteettia varten"},"content":{"rendered":"<p><strong>Kulutus:<\/strong><\/p>\n\n\n\n<p>Lapset ja yli 12-vuotiaat aikuiset - 2-4 tablettia p\u00e4iv\u00e4ss\u00e4 ruoan kanssa. \u00c4l\u00e4 ylit\u00e4 suositeltua annosta. Ravintolis\u00e4 ei korvaa monipuolista ja tasapainoista ruokavaliota.<\/p>\n\n\n\n<p><strong>Zinzino Xtend - kattava mikroravinteiden tuki elimist\u00f6llesi.<\/strong><br>Xtend antaa energiaa, tukee luiden, nivelten ja lihasten toimintaa ja vahvistaa immuunij\u00e4rjestelm\u00e4\u00e4. Kaava sis\u00e4lt\u00e4\u00e4 B-vitamiineja, D-, C-, K-vitamiinia, magnesiumia, sinkki\u00e4, mangaania ja jodia - aineita, jotka auttavat yll\u00e4pit\u00e4m\u00e4\u00e4n normaalia energia-aineenvaihduntaa ja luuston rakennetta.<\/p>\n\n\n\n<p>Xtend on my\u00f6s rikastettu patentoidusta leivontahiivasta per\u00e4isin olevilla 1,3\/1,6-betaglukaaneilla, joiden on kliinisesti osoitettu vahvistavan immuunij\u00e4rjestelm\u00e4\u00e4.<\/p>\n\n\n\n<p>Vitamiinien ja kivenn\u00e4isaineiden lis\u00e4ksi Xtend sis\u00e4lt\u00e4\u00e4 luonnollisia karotenoideja, ksantofyllej\u00e4 ja polyfenoleja hedelmist\u00e4, vihanneksista ja mausteista. Saadakseen saman m\u00e4\u00e4r\u00e4n ravintoaineita ravinnosta, pit\u00e4isi sy\u00f6d\u00e4 yli 3000 kcal korkearavinteisia tuotteita p\u00e4iv\u00e4ss\u00e4.<\/p>\n\n\n\n<p>Xtend t\u00e4ydent\u00e4\u00e4 BalanceOilia t\u00e4ydellisesti, sill\u00e4 se auttaa antamaan elimist\u00f6lle sen tarvitsemat hivenaineet.<\/p>\n\n\n\n<p><strong>Ainesosat : <\/strong>Mikrokiteinen selluloosa, oliivinlehtiuute, magnesiumoksidi, merilev\u00e4jauhe, hiivan beetaglukaanit, kurkuman juuriuute, C-vitamiini (L-askorbiinihappo), sinkki, rauta, mangaani, kupari ja kromibisglysinaatit, parsakaali, vihre\u00e4n teen, tomaatin ja seesteenin uutteet (luteiinia ja zeaksantiinia sis\u00e4lt\u00e4v\u00e4), D3-, B12-, B6-, B1-, B2-, E-, K1-, A-, biotiini-, niasiini-, foolihappo-, pantoteenihappo-, ubikinoni- (CoQ10), seleeni-, jodi-, molybdeeni-, Dunaliella salina -kasvista per\u00e4isin oleva beetakaroteeni.<\/p>","protected":false},"excerpt":{"rendered":"<p><strong>Zinzino Xtend<\/strong> - Kehittynyt ravintolis\u00e4 immuunij\u00e4rjestelm\u00e4n ja solujen suojaamiseen. Se on eksklusiivinen tuote, joka on suunniteltu tukemaan elimist\u00f6\u00e4 t\u00e4ydellisesti yhdist\u00e4m\u00e4ll\u00e4 23 keskeist\u00e4 vitamiinia ja kivenn\u00e4isaineita sek\u00e4 luonnollisia kasviyhdisteit\u00e4. Kaavan sis\u00e4lt\u00e4m\u00e4t kehittyneet 1-3, 1-6 beetaglukaanit, jotka on uutettu leivontahiivasta, auttavat suojaamaan soluja, tukevat kudosten uudistumista ja vahvistavat immuunij\u00e4rjestelm\u00e4\u00e4. <\/p>\n<p><strong data-start=\"725\" data-end=\"755\">Miksi valita Xtend?<br \/><\/strong> \u2714\ufe0f Enemm\u00e4n energiaa ja v\u00e4hemm\u00e4n v\u00e4symyst\u00e4<br data-start=\"798\" data-end=\"801\" \/>\u2714\ufe0f Tukee immuunij\u00e4rjestelm\u00e4n normaalia toimintaa<br data-start=\"845\" data-end=\"848\" \/>\u2714\ufe0f Edist\u00e4\u00e4 luiden, nivelten ja kudosten vahvistumista.<br data-start=\"895\" data-end=\"898\" \/>\u2714\ufe0f Laaja valikoima vitamiineja, kivenn\u00e4isaineita ja kasviyhdisteit\u00e4 yhdess\u00e4 koostumuksessa.<\/p>\n<p><strong>TUOTE TOIMITETAAN 5-10 TY\u00d6P\u00c4IV\u00c4N KULUESSA.<\/strong><\/p>","protected":false},"featured_media":33407,"comment_status":"open","ping_status":"closed","template":"","meta":{"_acf_changed":false},"product_brand":[464],"product_cat":[123,253,252,122,255],"product_tag":[],"class_list":{"0":"post-33394","1":"product","2":"type-product","3":"status-publish","4":"has-post-thumbnail","6":"product_brand-zinzino","7":"product_cat-papildai-ilgaamziskumui","8":"product_cat-imuniteto-palaikymas","9":"product_cat-imunitetui","10":"product_cat-lasteliu-jaunystei","11":"product_cat-oksidacinio-streso-mazinimas","13":"first","14":"instock","15":"shipping-taxable","16":"purchasable","17":"product-type-simple"},"acf":[],"tiered_pricing_type":"fixed","tiered_pricing_fixed_rules":[],"tiered_pricing_product_settings":{"layout":"default","base_unit_name":{"singular":null,"plural":null},"default_variation":null},"tiered_pricing_minimum_quantity":null,"tiered_pricing_roles_data":[],"tiered_pricing_percentage_rules":[],"_links":{"self":[{"href":"https:\/\/purama.lt\/fi\/wp-json\/wp\/v2\/product\/33394","targetHints":{"allow":["GET"]}}],"collection":[{"href":"https:\/\/purama.lt\/fi\/wp-json\/wp\/v2\/product"}],"about":[{"href":"https:\/\/purama.lt\/fi\/wp-json\/wp\/v2\/types\/product"}],"replies":[{"embeddable":true,"href":"https:\/\/purama.lt\/fi\/wp-json\/wp\/v2\/comments?post=33394"}],"wp:featuredmedia":[{"embeddable":true,"href":"https:\/\/purama.lt\/fi\/wp-json\/wp\/v2\/media\/33407"}],"wp:attachment":[{"href":"https:\/\/purama.lt\/fi\/wp-json\/wp\/v2\/media?parent=33394"}],"wp:term":[{"taxonomy":"product_brand","embeddable":true,"href":"https:\/\/purama.lt\/fi\/wp-json\/wp\/v2\/product_brand?post=33394"},{"taxonomy":"product_cat","embeddable":true,"href":"https:\/\/purama.lt\/fi\/wp-json\/wp\/v2\/product_cat?post=33394"},{"taxonomy":"product_tag","embeddable":true,"href":"https:\/\/purama.lt\/fi\/wp-json\/wp\/v2\/product_tag?post=33394"}],"curies":[{"name":"wp","href":"https:\/\/api.w.org\/{rel}","templated":true}]}}