{"id":33393,"date":"2025-03-28T07:18:21","date_gmt":"2025-03-28T07:18:21","guid":{"rendered":"https:\/\/purama.lt\/produktas\/zinzino-energinis-batonelis-energy-bar-nut-seed\/"},"modified":"2026-03-02T16:07:58","modified_gmt":"2026-03-02T14:07:58","slug":"zinzino-energiapatukka-energiapatukka-pahkina-siemenia","status":"publish","type":"product","link":"https:\/\/purama.lt\/fi\/produktas\/zinzino-energinis-batonelis-energy-bar-nut-seed\/","title":{"rendered":"Zinzino Energiapatukka P\u00e4hkin\u00e4 &amp; Siemenet"},"content":{"rendered":"<p><strong>Mantelit<\/strong> - Eritt\u00e4in ravinteikas p\u00e4hkin\u00e4, joka sis\u00e4lt\u00e4\u00e4 runsaasti E-vitamiinia, magnesiumia, mangaania ja antioksidantteja. Se on my\u00f6s luonnollisen rasvan, kuitujen ja sokerin l\u00e4hde, joka yll\u00e4pit\u00e4\u00e4 energiaa ja kyll\u00e4isyytt\u00e4.<br><strong>P\u00e4iv\u00e4m\u00e4\u00e4r\u00e4t<\/strong> - Luonnollinen energianl\u00e4hde, jossa on runsaasti rautaa, kaliumia, A-vitamiinia ja liukoista kuitua. Elvytt\u00e4\u00e4 nopeasti ja tukee ruoansulatusta.<br><strong>Kurpitsansiemenet<\/strong> - Sis\u00e4lt\u00e4\u00e4 runsaasti sinkki\u00e4, rautaa, magnesiumia ja omega-rasvoja. Antioksidanttisia ominaisuuksia ja auttaa vahvistamaan vastustuskyky\u00e4.<br><strong>Seesamin siemenet<\/strong> - Ravitsevaa, sis\u00e4lt\u00e4\u00e4 runsaasti proteiinia, kuituja, terveellisi\u00e4 rasvoja, kalsiumia, rautaa ja B-vitamiineja.<br><strong>bolivialaiset kyyhkysenherneet (kvinoa)<\/strong> - Kasvipohjainen proteiininl\u00e4hde, joka sis\u00e4lt\u00e4\u00e4 kaikki v\u00e4ltt\u00e4m\u00e4tt\u00f6m\u00e4t aminohapot. Runsaasti kuitua, kivenn\u00e4isaineita ja E-vitamiinia.<br><strong>Chia-siemenet<\/strong> - Runsas omega-3-rasvahappoja, kuitua, proteiinia ja vitamiineja sis\u00e4lt\u00e4v\u00e4 superfood. Tukee ruoansulatusta ja tarjoaa pysyv\u00e4n kyll\u00e4isyyden.<br><strong>Inuliini<\/strong> - Sikurin juuresta saatava liukoinen kuitu tukee tervett\u00e4 mikrobistoa eik\u00e4 vaikuta verensokeritasoihin.<br><br><strong>Ainesosat:<\/strong> Mantelit (26,2 %)<em>, taatelit, isomalto-oligosakkaridit**, seesaminsiemenet (6,3 %).<\/em>, kyyhkynenherneen siemenet*, kosteudens\u00e4ilytt\u00e4j\u00e4 (glyseroli), kurpitsansiemenet (5,6 %).<em>, inuliini, chia-siemenet (4,2 %)<\/em>, oliivi\u00f6ljy.<\/p>\n\n\n\n<p><strong>Ravintoarvo:<\/strong>(100 g \/ 40 g): Energia - 1718 kJ \/ 414 kcal | 687 kJ \/ 166 kcal, Rasva - 22,8 g | 9,1 g, josta tyydyttynytt\u00e4 - 2,6 g | 1,1 g, Hiilihydraatti - 33,0 g | 13,2 g, josta sokereita - 19,8 g | 7,9 g, Ravintokuitu - 22,8 g | 9,1 g, Proteiini - 10,4 g | 4,2 g, Suola - 0,04 g | 0,02 g.<\/p>","protected":false},"excerpt":{"rendered":"<p class=\"\" data-start=\"89\" data-end=\"431\"><strong>Zinzino energiapatukka<\/strong> - on terveellinen, ravitseva ja maukas v\u00e4lipala ilman kompromisseja, joka on valmistettu huolellisesti valituista kasviper\u00e4isist\u00e4 ainesosista. Mantelit, makeat taatelit ja energisoivat siemenet - chia, bolivialainen kyyhkynen, kurpitsa ja seesami - antavat keholle arvokkaita ravintoaineita ja luonnollista makeutta.<\/p>\n<p class=\"\" data-start=\"433\" data-end=\"669\">Jokaisen patukan p\u00e4\u00e4ll\u00e4 on <strong>inuliinikuitua, joka tukee sujuvaa ruoansulatusta ja pitk\u00e4kestoista kyll\u00e4isyyden tunnetta.<\/strong>. T\u00e4ydellinen ennen tai j\u00e4lkeen treenin, matkalla tai milloin tahansa, kun tarvitset nopeaa ja luonnollista energiaa.<\/p>\n<p class=\"\" data-start=\"671\" data-end=\"888\">Ei lis\u00e4tty\u00e4 sokeria, GMO-vapaa, sopii vegaaneille ja on WADA:n hyv\u00e4ksynn\u00e4n ansiosta turvallinen jopa ammattiurheilijoille. Zinzino-patukka on k\u00e4yt\u00e4nn\u00f6llinen, tasapainoinen ja luotettava valinta aktiiviseen el\u00e4m\u00e4ntapaan.<\/p>\n<p data-start=\"671\" data-end=\"888\"><strong data-start=\"904\" data-end=\"928\">Miksi valita?<\/strong><br data-start=\"928\" data-end=\"931\" \/>\u2714\ufe0f Luonnollinen ja pitk\u00e4kestoinen energianl\u00e4hde.<br data-start=\"982\" data-end=\"985\" \/>\u2714\ufe0f Jopa 10 g ravintokuitua hyv\u00e4n ruoansulatuksen ja suoliston terveyden edist\u00e4miseksi.<br data-start=\"1056\" data-end=\"1059\" \/>\u2714\ufe0f Ei lis\u00e4tty\u00e4 sokeria - vain luonnossa esiintyv\u00e4\u00e4 makeutta.<br data-start=\"1119\" data-end=\"1122\" \/>\u2714\ufe0f Vain kasviper\u00e4isi\u00e4 ainesosia - sopii vegaaneille.<br data-start=\"1169\" data-end=\"1172\" \/>\u2714\ufe0f GMO- ja torjunta-ainevapaa - vain luotettavat l\u00e4hteet.<br data-start=\"1219\" data-end=\"1222\" \/>\u2714\ufe0f WADA-hyv\u00e4ksynt\u00e4 - Turvallinen ammattilaisurheilussa.<\/p>\n<p><strong>TUOTE TOIMITETAAN 5-10 TY\u00d6P\u00c4IV\u00c4N KULUESSA.<\/strong><\/p>","protected":false},"featured_media":33403,"comment_status":"open","ping_status":"closed","template":"","meta":{"_acf_changed":false},"product_brand":[464],"product_cat":[60,297],"product_tag":[],"class_list":{"0":"post-33393","1":"product","2":"type-product","3":"status-publish","4":"has-post-thumbnail","6":"product_brand-zinzino","7":"product_cat-mitybai","8":"product_cat-baltyminiai-batoneliai","10":"first","11":"instock","12":"shipping-taxable","13":"purchasable","14":"product-type-simple"},"acf":[],"tiered_pricing_type":"fixed","tiered_pricing_fixed_rules":[],"tiered_pricing_product_settings":{"layout":"default","base_unit_name":{"singular":null,"plural":null},"default_variation":null},"tiered_pricing_minimum_quantity":null,"tiered_pricing_roles_data":[],"tiered_pricing_percentage_rules":[],"_links":{"self":[{"href":"https:\/\/purama.lt\/fi\/wp-json\/wp\/v2\/product\/33393","targetHints":{"allow":["GET"]}}],"collection":[{"href":"https:\/\/purama.lt\/fi\/wp-json\/wp\/v2\/product"}],"about":[{"href":"https:\/\/purama.lt\/fi\/wp-json\/wp\/v2\/types\/product"}],"replies":[{"embeddable":true,"href":"https:\/\/purama.lt\/fi\/wp-json\/wp\/v2\/comments?post=33393"}],"wp:featuredmedia":[{"embeddable":true,"href":"https:\/\/purama.lt\/fi\/wp-json\/wp\/v2\/media\/33403"}],"wp:attachment":[{"href":"https:\/\/purama.lt\/fi\/wp-json\/wp\/v2\/media?parent=33393"}],"wp:term":[{"taxonomy":"product_brand","embeddable":true,"href":"https:\/\/purama.lt\/fi\/wp-json\/wp\/v2\/product_brand?post=33393"},{"taxonomy":"product_cat","embeddable":true,"href":"https:\/\/purama.lt\/fi\/wp-json\/wp\/v2\/product_cat?post=33393"},{"taxonomy":"product_tag","embeddable":true,"href":"https:\/\/purama.lt\/fi\/wp-json\/wp\/v2\/product_tag?post=33393"}],"curies":[{"name":"wp","href":"https:\/\/api.w.org\/{rel}","templated":true}]}}