{"id":33387,"date":"2025-03-28T07:18:19","date_gmt":"2025-03-28T07:18:19","guid":{"rendered":"https:\/\/purama.lt\/produktas\/zinzino-balanceoil-aquax-omega-maisto-papildas\/"},"modified":"2026-03-02T15:31:42","modified_gmt":"2026-03-02T13:31:42","slug":"zinzin-balanceoil-aquax-omega-ravintolisa","status":"publish","type":"product","link":"https:\/\/purama.lt\/fi\/produktas\/zinzino-balanceoil-aquax-omega-maisto-papildas\/","title":{"rendered":"Zinzin BalanceOil+ AquaX Omega ravintolis\u00e4"},"content":{"rendered":"<p><strong>Kulutus:<\/strong> <\/p>\n\n\n\n<p>Suositeltu vuorokausiannos on 0,15 ml yht\u00e4 kehon painokiloa kohti (esim. 50 kg - 7,5 ml, 80 kg - 12 ml). \u00c4l\u00e4 ylit\u00e4 ilmoitettua annosta. Lis\u00e4ravinne ei korvaa monipuolista ja tasapainoista ruokavaliota ja terveellisi\u00e4 el\u00e4m\u00e4ntapoja.<\/p>\n\n\n\n<p><strong>BalanceOil+ AquaX<\/strong> - on vallankumouksellinen kala\u00f6ljyvalmiste, jonka koostumus on vesiliukoinen. K\u00e4ytt\u00e4m\u00e4ll\u00e4 luonnollista <em>Aquacelle<\/em> emulgointiaineen ansiosta t\u00e4m\u00e4 lis\u00e4ravinne voidaan helposti sekoittaa veteen tai kylmiin juomiin - kala\u00f6ljyn maku ja rasvaisuus on k\u00e4yt\u00e4nn\u00f6ss\u00e4 poistettu ja <strong>Omega-3<\/strong> imeytyminen paranee useimmissa tapauksissa.<\/p>\n\n\n\n<p>AquaX yhdist\u00e4\u00e4 ensiluokkaisen kala\u00f6ljyn ja polyfenolirikkaan ekstra-neitsytoliivi\u00f6ljyn vahvistamaan <strong>Omega-3<\/strong> vakautta ja yll\u00e4pit\u00e4\u00e4 tervett\u00e4 rasvahappotasapainoa elimist\u00f6ss\u00e4. S\u00e4\u00e4nn\u00f6llinen saanti auttaa saavuttamaan Omega-6:3-suhteen alle 3:1, joka on hyvinvoinnin kannalta optimaalinen taso.<\/p>\n\n\n\n<p>Se sis\u00e4lt\u00e4\u00e4 my\u00f6s luonnollista lanoliinista per\u00e4isin olevaa D3-vitamiinia, joka tukee immuunij\u00e4rjestelm\u00e4\u00e4, luustoa, lihaksia ja hampaita. Lis\u00e4tyt tokoferolit toimivat turvallisina antioksidantteina eiv\u00e4tk\u00e4 aiheuta allergioita, koska ne on puhdistettu soijaproteiinista.<\/p>\n\n\n\n<p><strong>BalanceOil+ AquaX<\/strong> - kun haluat kaikki <strong>Omega-3<\/strong> hy\u00f6dyt ilman ep\u00e4miellytt\u00e4v\u00e4\u00e4 makua.<\/p>\n\n\n\n<p><strong>Koostumus:<\/strong> Kala\u00f6ljy (anjovis, sardiini, makrilli), kylm\u00e4puristettu oliivi\u00f6ljy, emulgointiaineet (rasvahappojen mono- ja diglyseridit, lesitiini), fraktioitu kookos\u00f6ljy, kaura\u00f6ljy, sitrus\u00f6ljy, luontaiset aromit (sitruuna), tokoferolitiivisteuute (antioksidantit), D3-vitamiini (kolekalsiferoli).<\/p>\n\n\n\n<p><strong>Ravintoarvo (12 ml):<\/strong> Kala\u00f6ljy - 6627 mg (josta Omega-3 - 2478 mg: EPA - 1283 mg, DHA - 683 mg), oliivi\u00f6ljy - 4092 mg (\u00f6ljyhappo - 3069 mg, polyfenolit - 3,5 mg), D3-vitamiini - 20 \u03bcg (400 % RMV*). *RMV - ravintoarvon viitearvo.<\/p>","protected":false},"excerpt":{"rendered":"<p class=\"\" data-start=\"240\" data-end=\"346\"><strong data-start=\"240\" data-end=\"346\">Zinzino BalanceOil+ AquaX<\/strong> - Edistyksellinen vesiliukoinen Omega-3-kaava, joka parantaa imeytymist\u00e4 ja makua ja on uuden sukupolven ravintolis\u00e4, joka erottuu vesiliukoisella muodollaan. Ainutlaatuisen emulgaattorilla rikastetun koostumuksen ansiosta ravintolis\u00e4 voidaan helposti sekoittaa mihin tahansa kylm\u00e4\u00e4n juomaan, mik\u00e4 tekee siit\u00e4 eritt\u00e4in k\u00e4tev\u00e4n ottaa ja miellytt\u00e4v\u00e4n makuisen. Monille ihmisille t\u00e4m\u00e4 formulaatio auttaa saavuttamaan tehokkaamman Omega-3:n imeytymisen verrattuna perinteiseen kala\u00f6ljyyn.<\/p>\n<p><strong>Miksi valita BalanceOil+ AquaX?<br \/><\/strong> \u2714\ufe0f Vesiliukoinen koostumus - sekoittuu helposti nesteisiin, t\u00e4ydellinen ratkaisu herkempiin makuihin.<br data-start=\"1255\" data-end=\"1258\" \/>\u2714\ufe0f Omega-3:n parempi imeytyminen - tehokkaampi tuki keholle.<br data-start=\"1330\" data-end=\"1333\" \/>\u2714\ufe0f Korkea DHA-pitoisuus - tukee aivojen, n\u00e4\u00f6n ja syd\u00e4men normaalia toimintaa.<br data-start=\"1410\" data-end=\"1413\" \/>\u2714\ufe0f 20 \u00b5g luonnollista D3-vitamiinia - v\u00e4ltt\u00e4m\u00e4t\u00f6n immuunij\u00e4rjestelm\u00e4lle, lihaksille, luustolle ja lapsen kasvulle.<br data-start=\"1513\" data-end=\"1516\" \/>\u2714\ufe0f Yll\u00e4pit\u00e4\u00e4 normaalia verenpainetta, kolesteroli- ja triglyseridipitoisuutta.<br data-start=\"1587\" data-end=\"1590\" \/>\u2714\ufe0f Sitrushedelmien maku ilman kalamaista j\u00e4lkimakua - miellytt\u00e4v\u00e4 tunne p\u00e4ivitt\u00e4iseen k\u00e4ytt\u00f6\u00f6n.<\/p>\n<p><strong>TUOTE TOIMITETAAN 5-10 TY\u00d6P\u00c4IV\u00c4N KULUESSA.<\/strong><\/p>","protected":false},"featured_media":33405,"comment_status":"open","ping_status":"closed","template":"","meta":{"_acf_changed":false},"product_brand":[464],"product_cat":[123,253,252,122,255],"product_tag":[],"class_list":{"0":"post-33387","1":"product","2":"type-product","3":"status-publish","4":"has-post-thumbnail","6":"product_brand-zinzino","7":"product_cat-papildai-ilgaamziskumui","8":"product_cat-imuniteto-palaikymas","9":"product_cat-imunitetui","10":"product_cat-lasteliu-jaunystei","11":"product_cat-oksidacinio-streso-mazinimas","13":"first","14":"instock","15":"shipping-taxable","16":"purchasable","17":"product-type-simple"},"acf":[],"tiered_pricing_type":"fixed","tiered_pricing_fixed_rules":[],"tiered_pricing_product_settings":{"layout":"default","base_unit_name":{"singular":null,"plural":null},"default_variation":null},"tiered_pricing_minimum_quantity":null,"tiered_pricing_roles_data":[],"tiered_pricing_percentage_rules":[],"_links":{"self":[{"href":"https:\/\/purama.lt\/fi\/wp-json\/wp\/v2\/product\/33387","targetHints":{"allow":["GET"]}}],"collection":[{"href":"https:\/\/purama.lt\/fi\/wp-json\/wp\/v2\/product"}],"about":[{"href":"https:\/\/purama.lt\/fi\/wp-json\/wp\/v2\/types\/product"}],"replies":[{"embeddable":true,"href":"https:\/\/purama.lt\/fi\/wp-json\/wp\/v2\/comments?post=33387"}],"wp:featuredmedia":[{"embeddable":true,"href":"https:\/\/purama.lt\/fi\/wp-json\/wp\/v2\/media\/33405"}],"wp:attachment":[{"href":"https:\/\/purama.lt\/fi\/wp-json\/wp\/v2\/media?parent=33387"}],"wp:term":[{"taxonomy":"product_brand","embeddable":true,"href":"https:\/\/purama.lt\/fi\/wp-json\/wp\/v2\/product_brand?post=33387"},{"taxonomy":"product_cat","embeddable":true,"href":"https:\/\/purama.lt\/fi\/wp-json\/wp\/v2\/product_cat?post=33387"},{"taxonomy":"product_tag","embeddable":true,"href":"https:\/\/purama.lt\/fi\/wp-json\/wp\/v2\/product_tag?post=33387"}],"curies":[{"name":"wp","href":"https:\/\/api.w.org\/{rel}","templated":true}]}}