{"id":33386,"date":"2025-03-28T07:18:19","date_gmt":"2025-03-28T07:18:19","guid":{"rendered":"https:\/\/purama.lt\/produktas\/zinzino-multify-multivitaminu-kompleksas\/"},"modified":"2026-04-21T08:02:30","modified_gmt":"2026-04-21T06:02:30","slug":"zinzino-multify-monivitamiinikompleksi","status":"publish","type":"product","link":"https:\/\/purama.lt\/fi\/produktas\/zinzino-multify-multivitaminu-kompleksas\/","title":{"rendered":"Zinzino Multify Multivitamin Complex"},"content":{"rendered":"<p><strong>Kulutus:<\/strong><br>4-11-vuotiaille lapsille: 1-2 tablettia p\u00e4iv\u00e4ss\u00e4.<br>12-18-vuotiaat nuoret: 1-3 tablettia p\u00e4iv\u00e4ss\u00e4.<br>18 vuotta t\u00e4ytt\u00e4neet: 1-4 tablettia p\u00e4iv\u00e4ss\u00e4<br>\u00c4l\u00e4 ylit\u00e4 p\u00e4ivitt\u00e4ist\u00e4 enimm\u00e4ism\u00e4\u00e4r\u00e4\u00e4. Ravintolis\u00e4t eiv\u00e4t korvaa monipuolista ja tasapainoista ruokavaliota.<\/p>\n\n\n\n<p><strong>Zinzino Multify - \u00e4lyk\u00e4s monivitamiinikompleksi lapsille ja koko perheelle.<\/strong><\/p>\n\n\n\n<p>Multify on suunniteltu auttamaan lapsia kasvamaan, vahvistumaan ja tervehtym\u00e4\u00e4n joka p\u00e4iv\u00e4. N\u00e4iss\u00e4 herkullisissa Tutti Frutti -makuisissa sokerittomissa pureskeltavissa vitamiineissa on 16 t\u00e4rke\u00e4\u00e4 ravintoaineita, kuten vitamiineja, kivenn\u00e4isaineita, beetaglukaaneja ja koliinia.<\/p>\n\n\n\n<p>Multify vahvistaa immuniteettia beetaglukaanien, vitamiinien ja sinkin avulla, tukee tervett\u00e4 kasvua ja luuston kehityst\u00e4 D-vitamiinin ja jodin avulla, kun taas koliini ja B-vitamiinit auttavat parantamaan muistia, keskittymiskyky\u00e4 ja yleist\u00e4 kognitiivista toimintaa.<\/p>\n\n\n\n<p>Se on \u00e4lyk\u00e4st\u00e4 arjen apua lasten kehitykseen ja hyvinvointiin, joka on r\u00e4\u00e4t\u00e4l\u00f6ity koko perheelle - jotta kasvaminen ei olisi vain helppoa vaan my\u00f6s herkullista.<\/p>\n\n\n\n<p><strong>Ainesosat:<\/strong> T\u00e4yteaineet (sorbitoli, mannitoli), makeutusaineet (ksylitoli, sukraloosi, stevioliglykosidit), beetaglukaanit Wellmune\u00ae (hiivasta), koliinibitartraatti, E-, C-, K2-, D3-, A-, B1-, B2-, B3-, B5-, B6-, B9- (kvatterofolikki), B12-, sinkki-, jodi-, aromiaineet, kosteuttavat aineet ja viskositeettis\u00e4\u00e4timet.<\/p>\n\n\n\n<p><strong>Ravintoarvo ja koostumus (2 tablettia):<\/strong> A-vitamiini - 400 \u03bcg RE (50 %) | Tiamiini - 0,55 mg (50 %) | Riboflaviini - 0,70 mg (50 %) | Niasiini - 8 mg (50 %) | Pantoteenihappo - 3 mg (50 %) | B6-vitamiini - 0,70 mg (50 %) | Foolihappo - 100 \u03bcg (50 %) | B12-vitamiini - 1.25 \u03bcg (50 %) | C-vitamiini - 40 mg (50 %) | D-vitamiini - 5 \u03bcg (100 %) | E-vitamiini - 6 mg \u03b1-TE (50 %) | K-vitamiini - 37,5 \u03bcg (50 %) | Sinkki - 2 mg (20 %) | Jodi - 75 \u03bcg (50 %) | Beetaglukaaniuute - 100 mg | Koliini - 40 mg.<\/p>","protected":false},"excerpt":{"rendered":"<p><strong>Zinzino Multify<\/strong> - on hauska ja toimiva monivitamiinikompleksi lapsille ja koko perheelle, <strong>auttaa t\u00e4ytt\u00e4m\u00e4\u00e4n p\u00e4ivitt\u00e4iset ravitsemukselliset tarpeet<\/strong>. Sokerittomat, pureskeltavat tabletit, joissa on herkullinen Tutti Frutti -maku, on suunniteltu lapsille innokkaiksi ja miellytt\u00e4viksi. Jokainen tabletti sis\u00e4lt\u00e4\u00e4 patentoitua sekoitusta, joka sis\u00e4lt\u00e4\u00e4 16 keskeist\u00e4 ravintoaineita: 12 vitamiinia, 2 kivenn\u00e4isaineita, beetaglukaaneja ja koliinia - tasapainoinen koostumus, joka tukee immuunij\u00e4rjestelm\u00e4\u00e4, kasvua ja yleist\u00e4 terveytt\u00e4. Multify antaa vanhemmille mahdollisuuden sovittaa yhteen lasten toiveet ja terveelliset tavat ja antaa vanhemmille mielenrauhan p\u00e4ivitt\u00e4isen ruokavalion laadusta. <\/p>\n<p><strong>Miksi valita Multify?<br data-start=\"453\" data-end=\"456\" \/><\/strong>\u2714\ufe0f Tukee normaalia immuunij\u00e4rjestelm\u00e4n toimintaa kasvun kaikissa vaiheissa.<br data-start=\"525\" data-end=\"528\" \/>\u2714\ufe0f Sis\u00e4lt\u00e4\u00e4 jodia, joka on v\u00e4ltt\u00e4m\u00e4t\u00f6nt\u00e4 lasten normaalin kasvun kannalta.<br data-start=\"575\" data-end=\"578\" \/>\u2714\ufe0f Rikastettu D-vitamiinilla - v\u00e4ltt\u00e4m\u00e4t\u00f6n luuston kehitykselle.<br data-start=\"634\" data-end=\"637\" \/>\u2714\ufe0f Sis\u00e4lt\u00e4\u00e4 12 vitamiinia, 2 kivenn\u00e4isaineita, beetaglukaaneja ja koliinia.<br data-start=\"703\" data-end=\"706\" \/>\u2714\ufe0f Sokeriton, lapsiyst\u00e4v\u00e4llinen maku<br data-start=\"747\" data-end=\"750\" \/>\u2714\ufe0f Vanhempien suunnittelema, tieteen tukema, lasten validoima.<strong> TUOTE TOIMITETAAN 5-10 TY\u00d6P\u00c4IV\u00c4N KULUESSA.<\/strong><\/p>","protected":false},"featured_media":33406,"comment_status":"open","ping_status":"closed","template":"","meta":{"_acf_changed":false},"product_brand":[464],"product_cat":[123,251,253,252,279,280,122,255],"product_tag":[],"class_list":{"0":"post-33386","1":"product","2":"type-product","3":"status-publish","4":"has-post-thumbnail","6":"product_brand-zinzino","7":"product_cat-papildai-ilgaamziskumui","8":"product_cat-antioksidantai","9":"product_cat-imuniteto-palaikymas","10":"product_cat-imunitetui","11":"product_cat-kaulams-ir-sanariams","12":"product_cat-kaulu-stiprinimas","13":"product_cat-lasteliu-jaunystei","14":"product_cat-oksidacinio-streso-mazinimas","16":"first","17":"instock","18":"shipping-taxable","19":"purchasable","20":"product-type-simple"},"acf":[],"tiered_pricing_type":"fixed","tiered_pricing_fixed_rules":[],"tiered_pricing_product_settings":{"layout":"default","base_unit_name":{"singular":null,"plural":null},"default_variation":null},"tiered_pricing_minimum_quantity":null,"tiered_pricing_roles_data":[],"tiered_pricing_percentage_rules":[],"_links":{"self":[{"href":"https:\/\/purama.lt\/fi\/wp-json\/wp\/v2\/product\/33386","targetHints":{"allow":["GET"]}}],"collection":[{"href":"https:\/\/purama.lt\/fi\/wp-json\/wp\/v2\/product"}],"about":[{"href":"https:\/\/purama.lt\/fi\/wp-json\/wp\/v2\/types\/product"}],"replies":[{"embeddable":true,"href":"https:\/\/purama.lt\/fi\/wp-json\/wp\/v2\/comments?post=33386"}],"wp:featuredmedia":[{"embeddable":true,"href":"https:\/\/purama.lt\/fi\/wp-json\/wp\/v2\/media\/33406"}],"wp:attachment":[{"href":"https:\/\/purama.lt\/fi\/wp-json\/wp\/v2\/media?parent=33386"}],"wp:term":[{"taxonomy":"product_brand","embeddable":true,"href":"https:\/\/purama.lt\/fi\/wp-json\/wp\/v2\/product_brand?post=33386"},{"taxonomy":"product_cat","embeddable":true,"href":"https:\/\/purama.lt\/fi\/wp-json\/wp\/v2\/product_cat?post=33386"},{"taxonomy":"product_tag","embeddable":true,"href":"https:\/\/purama.lt\/fi\/wp-json\/wp\/v2\/product_tag?post=33386"}],"curies":[{"name":"wp","href":"https:\/\/api.w.org\/{rel}","templated":true}]}}