{"id":33252,"date":"2025-03-20T14:46:49","date_gmt":"2025-03-20T14:46:49","guid":{"rendered":"https:\/\/purama.lt\/produktas\/dr-jart-raminamoji-veido-kauke\/"},"modified":"2026-04-10T13:03:27","modified_gmt":"2026-04-10T11:03:27","slug":"dr-jart-rauhoittava-kasvonaamio","status":"publish","type":"product","link":"https:\/\/purama.lt\/fi\/produktas\/dr-jart-raminamoji-veido-kauke\/","title":{"rendered":"DR.JART+ Rauhoittava kasvonaamio"},"content":{"rendered":"<p><strong>K\u00e4ytt\u00f6:<\/strong><\/p>\n\n\n\n<p>Poista naamio pakkauksesta, levit\u00e4 se varovasti puhtaalle, puhdistetulle iholle ja paina alas, jotta se tarttuu hyvin. Anna vaikuttaa 15-20 minuuttia, poista se sitten ja hiero j\u00e4ljell\u00e4 oleva seerumi ihoon, jotta se imeytyy t\u00e4ysin.<\/p>\n\n\n\n<p><strong>Ainesosat:<\/strong> Centella Asiatica -uute, hyaluronihappo, aloe vera -uute, keramidit, vihre\u00e4 tee -uute, niasiiniamidi.<\/p>\n\n\n\n<p>Sopii kaikille ihotyypeille, erityisesti herk\u00e4lle ja \u00e4rtyneelle iholle. Ei sis\u00e4ll\u00e4 keinotekoisia hajusteita, parabeeneja eik\u00e4 sulfaatteja.<\/p>","protected":false},"excerpt":{"rendered":"<p data-start=\"65\" data-end=\"562\"><strong data-start=\"65\" data-end=\"100\">DR.JART+ Rauhoittava kasvonaamio<\/strong> - on intensiivisesti kosteuttava ja rauhoittava naamio, joka on suunniteltu erityisesti herk\u00e4lle, kuivalle ja \u00e4rtyneelle iholle. Huolellisesti valittujen aktiivisten ainesosien ansiosta se palauttaa nopeasti ihon kosteustasapainon, v\u00e4hent\u00e4\u00e4 punoitusta ja vahvistaa ihon luonnollista suojakerrosta. Naamio antaa iholle syv\u00e4n mukavuuden tunteen ja rauhoittaa sit\u00e4 ymp\u00e4rist\u00f6altistuksen, stressin tai aggressiivisten kauneushoitojen j\u00e4lkeen. S\u00e4\u00e4nn\u00f6llinen k\u00e4ytt\u00f6 auttaa pit\u00e4m\u00e4\u00e4n ihon kosteutettuna, sile\u00e4n\u00e4 ja terveellisen hehkuvan n\u00e4k\u00f6isen\u00e4.<\/p>\n<p data-start=\"564\" data-end=\"583\"><strong data-start=\"569\" data-end=\"581\">Ominaisuudet:<\/strong><\/p>\n<p data-start=\"584\" data-end=\"861\">\u2714 Rauhoittaa v\u00e4litt\u00f6m\u00e4sti \u00e4rtynytt\u00e4 ja herkk\u00e4\u00e4 ihoa.<br data-start=\"630\" data-end=\"633\" \/>\u2714 Intensiivinen kosteutus ja suoja kuivuutta vastaan<br data-start=\"679\" data-end=\"682\" \/>\u2714 Vahvistaa ihon suojaavaa estett\u00e4 ja auttaa palauttamaan sen luonnollisen tasapainon.<br data-start=\"748\" data-end=\"751\" \/>\u2714 V\u00e4hent\u00e4\u00e4 punoitusta, kireytt\u00e4 ja ep\u00e4mukavuutta.<br data-start=\"800\" data-end=\"803\" \/>\u2714 Antaa iholle sile\u00e4n, s\u00e4teilev\u00e4n ja terveen ulkon\u00e4\u00f6n.<\/p>","protected":false},"featured_media":33242,"comment_status":"open","ping_status":"closed","template":"","meta":{"_acf_changed":false},"product_brand":[422],"product_cat":[92,500,142,59],"product_tag":[],"class_list":{"0":"post-33252","1":"product","2":"type-product","3":"status-publish","4":"has-post-thumbnail","6":"product_brand-dr-jart","7":"product_cat-groziui","8":"product_cat-outlet","9":"product_cat-veido-kaukes","10":"product_cat-veidui","12":"first","13":"instock","14":"sale","15":"shipping-taxable","16":"purchasable","17":"product-type-simple"},"acf":[],"tiered_pricing_type":"fixed","tiered_pricing_fixed_rules":[],"tiered_pricing_product_settings":{"layout":"default","base_unit_name":{"singular":null,"plural":null},"default_variation":null},"tiered_pricing_minimum_quantity":null,"tiered_pricing_roles_data":[],"tiered_pricing_percentage_rules":[],"_links":{"self":[{"href":"https:\/\/purama.lt\/fi\/wp-json\/wp\/v2\/product\/33252","targetHints":{"allow":["GET"]}}],"collection":[{"href":"https:\/\/purama.lt\/fi\/wp-json\/wp\/v2\/product"}],"about":[{"href":"https:\/\/purama.lt\/fi\/wp-json\/wp\/v2\/types\/product"}],"replies":[{"embeddable":true,"href":"https:\/\/purama.lt\/fi\/wp-json\/wp\/v2\/comments?post=33252"}],"wp:featuredmedia":[{"embeddable":true,"href":"https:\/\/purama.lt\/fi\/wp-json\/wp\/v2\/media\/33242"}],"wp:attachment":[{"href":"https:\/\/purama.lt\/fi\/wp-json\/wp\/v2\/media?parent=33252"}],"wp:term":[{"taxonomy":"product_brand","embeddable":true,"href":"https:\/\/purama.lt\/fi\/wp-json\/wp\/v2\/product_brand?post=33252"},{"taxonomy":"product_cat","embeddable":true,"href":"https:\/\/purama.lt\/fi\/wp-json\/wp\/v2\/product_cat?post=33252"},{"taxonomy":"product_tag","embeddable":true,"href":"https:\/\/purama.lt\/fi\/wp-json\/wp\/v2\/product_tag?post=33252"}],"curies":[{"name":"wp","href":"https:\/\/api.w.org\/{rel}","templated":true}]}}