{"id":33251,"date":"2025-03-20T14:46:49","date_gmt":"2025-03-20T14:46:49","guid":{"rendered":"https:\/\/purama.lt\/produktas\/beauty-of-joseon-spf50-pa-piestukine-matine-apsauga-nuo-saules\/"},"modified":"2026-04-10T13:03:27","modified_gmt":"2026-04-10T11:03:27","slug":"kauneus-joseon-spf50-matta-aurinkosuojavoide","status":"publish","type":"product","link":"https:\/\/purama.lt\/fi\/produktas\/beauty-of-joseon-spf50-pa-piestukine-matine-apsauga-nuo-saules\/","title":{"rendered":"BEAUTY OF JOSEON SPF50+\/PA++++ Kyn\u00e4 Mattainen aurinkosuojaus"},"content":{"rendered":"<p><strong>K\u00e4ytt\u00f6:<\/strong> Pyyhk\u00e4ise kyn\u00e4\u00e4 varovasti puhtaalle, puhdistetulle tai meikill\u00e4 peitetylle iholle, jotta tuote levittyy tasaisesti. Levit\u00e4 uudelleen 2-3 tunnin v\u00e4lein tai veden kanssa kosketuksiin jouduttuasi, jotta suojaus s\u00e4ilyy.<\/p>\n\n\n\n<p><strong>Ainesosat:<\/strong> Riisiuute, vihre\u00e4 teeuute, niasiiniamidi, keramidit, hyaluronihappo, centella asiatica -uute.<\/p>\n\n\n\n<p>Sopii kaikille ihotyypeille, erityisesti rasvaiselle ja sekaiholle. Dermatologisesti testattu.<\/p>\n\n\n\n<p><\/p>","protected":false},"excerpt":{"rendered":"<p data-start=\"101\" data-end=\"625\"><strong data-start=\"101\" data-end=\"135\">JOSEONIN KAUNEUS SPF50+\/PA++++<\/strong> kyn\u00e4n aurinkosuojavoide on helppok\u00e4ytt\u00f6inen, k\u00e4yt\u00e4nn\u00f6llinen ja tehokas ratkaisu jokap\u00e4iv\u00e4iseen ihonsuojaukseen. T\u00e4m\u00e4 aurinkosuojavoide tarjoaa eritt\u00e4in korkean suojan seuraavia tekij\u00f6it\u00e4 vastaan <strong>UV-s\u00e4teily<\/strong>j\u00e4tt\u00e4m\u00e4tt\u00e4 iholle tahmeaa tai valkoista j\u00e4lke\u00e4. Tasapainoisen koostumuksensa ansiosta se suojaa auringon aiheuttamilta vaurioilta, mutta my\u00f6s hillitsee talin vapautumista ja j\u00e4tt\u00e4\u00e4 ihon raikkaaksi ja mattapintaiseksi koko p\u00e4iv\u00e4ksi. Ihanteellinen valinta sek\u00e4 arkeen ett\u00e4 matkoille!<\/p>\n<p data-start=\"627\" data-end=\"646\"><strong data-start=\"632\" data-end=\"644\">Ominaisuudet:<br \/><\/strong>\u2714 SPF50+\/PA++++ tarjoaa maksimaalisen suojan UV-s\u00e4teilt\u00e4.<br data-start=\"708\" data-end=\"711\" \/>\u2714 Helppo lyijykyn\u00e4n muoto - k\u00e4tev\u00e4 p\u00e4ivitt\u00e4\u00e4 suojaus milloin tahansa<br data-start=\"778\" data-end=\"781\" \/>\u2714 Mattapintainen vaikutus - hillitsee talintuotantoa painamatta ihoa alasp\u00e4in<br data-start=\"853\" data-end=\"856\" \/>\u2714 Huokoseton ja sopii rasvaiselle ja sekaiholle.<br data-start=\"904\" data-end=\"907\" \/>\u2714 Kosteuttava koostumus auttaa yll\u00e4pit\u00e4m\u00e4\u00e4n ihon mukavuutta kuivattamatta sit\u00e4.<\/p>","protected":false},"featured_media":33235,"comment_status":"open","ping_status":"closed","template":"","meta":{"_acf_changed":false},"product_brand":[410],"product_cat":[92,299,59],"product_tag":[],"class_list":{"0":"post-33251","1":"product","2":"type-product","3":"status-publish","4":"has-post-thumbnail","6":"product_brand-beauty-of-joseon","7":"product_cat-groziui","8":"product_cat-kremai-nuo-saules-veidui","9":"product_cat-veidui","11":"first","12":"outofstock","13":"shipping-taxable","14":"purchasable","15":"product-type-simple"},"acf":[],"tiered_pricing_type":"fixed","tiered_pricing_fixed_rules":[],"tiered_pricing_product_settings":{"layout":"default","base_unit_name":{"singular":null,"plural":null},"default_variation":null},"tiered_pricing_minimum_quantity":null,"tiered_pricing_roles_data":[],"tiered_pricing_percentage_rules":[],"_links":{"self":[{"href":"https:\/\/purama.lt\/fi\/wp-json\/wp\/v2\/product\/33251","targetHints":{"allow":["GET"]}}],"collection":[{"href":"https:\/\/purama.lt\/fi\/wp-json\/wp\/v2\/product"}],"about":[{"href":"https:\/\/purama.lt\/fi\/wp-json\/wp\/v2\/types\/product"}],"replies":[{"embeddable":true,"href":"https:\/\/purama.lt\/fi\/wp-json\/wp\/v2\/comments?post=33251"}],"wp:featuredmedia":[{"embeddable":true,"href":"https:\/\/purama.lt\/fi\/wp-json\/wp\/v2\/media\/33235"}],"wp:attachment":[{"href":"https:\/\/purama.lt\/fi\/wp-json\/wp\/v2\/media?parent=33251"}],"wp:term":[{"taxonomy":"product_brand","embeddable":true,"href":"https:\/\/purama.lt\/fi\/wp-json\/wp\/v2\/product_brand?post=33251"},{"taxonomy":"product_cat","embeddable":true,"href":"https:\/\/purama.lt\/fi\/wp-json\/wp\/v2\/product_cat?post=33251"},{"taxonomy":"product_tag","embeddable":true,"href":"https:\/\/purama.lt\/fi\/wp-json\/wp\/v2\/product_tag?post=33251"}],"curies":[{"name":"wp","href":"https:\/\/api.w.org\/{rel}","templated":true}]}}