{"id":33250,"date":"2025-03-20T14:46:49","date_gmt":"2025-03-20T14:46:49","guid":{"rendered":"https:\/\/purama.lt\/produktas\/beauty-of-joseon-paakiu-serumas-nuo-rauksliu\/"},"modified":"2026-04-10T13:03:26","modified_gmt":"2026-04-10T11:03:26","slug":"kauneus-joseon-anti-pigmentti-seerumi","status":"publish","type":"product","link":"https:\/\/purama.lt\/fi\/produktas\/beauty-of-joseon-paakiu-serumas-nuo-rauksliu\/","title":{"rendered":"BEAUTY OF JOSEON ryppyj\u00e4 ehk\u00e4isev\u00e4 silm\u00e4nymp\u00e4rysseerumi"},"content":{"rendered":"<p><strong>K\u00e4ytt\u00f6:<\/strong><\/p>\n\n\n\n<p>Levit\u00e4 pieni m\u00e4\u00e4r\u00e4 seerumia puhtaalle, kuivalle iholle ja hiero sit\u00e4 varovasti sormenp\u00e4ill\u00e4si, kunnes se on imeytynyt kokonaan. K\u00e4yt\u00e4 iltaisin ja k\u00e4yt\u00e4 SPF-suojaa p\u00e4iv\u00e4n aikana.<\/p>\n\n\n\n<p><strong>Ainesosat: <\/strong>Ginseng-uute, retinoli, keramidit, niasiiniamidi, peptidit, hyaluronihappo, adenosiini.<\/p>\n\n\n\n<p>Sopii kaikille ihotyypeille, my\u00f6s herk\u00e4lle iholle. Dermatologisesti testattu.<\/p>\n\n\n\n<p><\/p>","protected":false},"excerpt":{"rendered":"<p data-start=\"78\" data-end=\"544\"><strong data-start=\"78\" data-end=\"126\">BEAUTY OF JOSEON ryppyj\u00e4 ehk\u00e4isev\u00e4 silm\u00e4nymp\u00e4rysseerumi<\/strong> - on kevyt mutta eritt\u00e4in tehokas seerumi, joka on suunniteltu herk\u00e4lle ja herk\u00e4lle silm\u00e4nalusiholle. T\u00e4m\u00e4 innovatiivinen seerumi, joka on rikastettu <strong data-start=\"273\" data-end=\"298\">ginseng ja retinoli<\/strong>auttaa v\u00e4hent\u00e4m\u00e4\u00e4n juonteita, parantaa ihon kimmoisuutta ja s\u00e4teily\u00e4. Sen koostumus kosteuttaa ja vahvistaa silm\u00e4nymp\u00e4rysihoa intensiivisesti ja auttaa torjumaan ensimm\u00e4isi\u00e4 ik\u00e4\u00e4ntymisen merkkej\u00e4. Ihanteellinen sek\u00e4 aamu- ett\u00e4 iltarutiineihin.<\/p>\n<h4 data-start=\"546\" data-end=\"565\"><strong data-start=\"551\" data-end=\"563\">Ominaisuudet:<\/strong><\/h4>\n<p data-start=\"566\" data-end=\"852\">\u2714 Stimuloi kollageenin tuotantoa ja parantaa ihon kimmoisuutta.<br data-start=\"618\" data-end=\"621\" \/>\u2714 V\u00e4hent\u00e4\u00e4 hienoja juonteita ja ryppyj\u00e4 ja auttaa tasoittamaan ihoa.<br data-start=\"671\" data-end=\"674\" \/>\u2714 Kevyt, nopeasti imeytyv\u00e4 koostumus, ei j\u00e4t\u00e4 rasvaista tunnetta.<br data-start=\"739\" data-end=\"742\" \/>\u2714 Kirkastaa silm\u00e4nymp\u00e4rysihoa ja v\u00e4hent\u00e4\u00e4 v\u00e4symyksen merkkej\u00e4.<br data-start=\"793\" data-end=\"796\" \/>\u2714 Sopii herk\u00e4lle iholle - hell\u00e4varainen mutta tehokas koostumus<\/p>","protected":false},"featured_media":33239,"comment_status":"open","ping_status":"closed","template":"","meta":{"_acf_changed":false},"product_brand":[410],"product_cat":[92,56,59],"product_tag":[],"class_list":{"0":"post-33250","1":"product","2":"type-product","3":"status-publish","4":"has-post-thumbnail","6":"product_brand-beauty-of-joseon","7":"product_cat-groziui","8":"product_cat-veido-serumai","9":"product_cat-veidui","11":"first","12":"outofstock","13":"shipping-taxable","14":"purchasable","15":"product-type-simple"},"acf":[],"tiered_pricing_type":"fixed","tiered_pricing_fixed_rules":[],"tiered_pricing_product_settings":{"layout":"default","base_unit_name":{"singular":null,"plural":null},"default_variation":null},"tiered_pricing_minimum_quantity":null,"tiered_pricing_roles_data":[],"tiered_pricing_percentage_rules":[],"_links":{"self":[{"href":"https:\/\/purama.lt\/fi\/wp-json\/wp\/v2\/product\/33250","targetHints":{"allow":["GET"]}}],"collection":[{"href":"https:\/\/purama.lt\/fi\/wp-json\/wp\/v2\/product"}],"about":[{"href":"https:\/\/purama.lt\/fi\/wp-json\/wp\/v2\/types\/product"}],"replies":[{"embeddable":true,"href":"https:\/\/purama.lt\/fi\/wp-json\/wp\/v2\/comments?post=33250"}],"wp:featuredmedia":[{"embeddable":true,"href":"https:\/\/purama.lt\/fi\/wp-json\/wp\/v2\/media\/33239"}],"wp:attachment":[{"href":"https:\/\/purama.lt\/fi\/wp-json\/wp\/v2\/media?parent=33250"}],"wp:term":[{"taxonomy":"product_brand","embeddable":true,"href":"https:\/\/purama.lt\/fi\/wp-json\/wp\/v2\/product_brand?post=33250"},{"taxonomy":"product_cat","embeddable":true,"href":"https:\/\/purama.lt\/fi\/wp-json\/wp\/v2\/product_cat?post=33250"},{"taxonomy":"product_tag","embeddable":true,"href":"https:\/\/purama.lt\/fi\/wp-json\/wp\/v2\/product_tag?post=33250"}],"curies":[{"name":"wp","href":"https:\/\/api.w.org\/{rel}","templated":true}]}}