{"id":33249,"date":"2025-03-20T14:46:48","date_gmt":"2025-03-20T14:46:48","guid":{"rendered":"https:\/\/purama.lt\/produktas\/beauty-of-joseon-atstatomasis-veido-serumas-su-zenseniu\/"},"modified":"2026-04-10T13:03:26","modified_gmt":"2026-04-10T11:03:26","slug":"kauneus-joseon-restorative-kasvoseerumi-zensenin-kanssa","status":"publish","type":"product","link":"https:\/\/purama.lt\/fi\/produktas\/beauty-of-joseon-atstatomasis-veido-serumas-su-zenseniu\/","title":{"rendered":"BEAUTY OF JOSEON Revive Serum Ginseng + Snail Mucin Face Serum -kasvoseerumi"},"content":{"rendered":"<p><strong>K\u00e4ytt\u00f6<\/strong><\/p>\n\n\n\n<p>Levit\u00e4 muutama tippa seerumia puhtaalle iholle ja hiero kevyesti. Suositellaan k\u00e4ytett\u00e4v\u00e4ksi aamuin ja illoin ennen kosteusvoidetta.<\/p>\n\n\n\n<p><strong>Ainesosat:<\/strong> Ginseng-uute, niasiiniamidi, hyaluronihappo, adenosiini, peptidit, betaiiniuute.<\/p>\n\n\n\n<p>Ihanteellinen kaikille ihotyypeille, erityisesti kuivalle ja kyps\u00e4lle iholle.<\/p>","protected":false},"excerpt":{"rendered":"<p data-start=\"89\" data-end=\"554\"><strong>BEAUTY OF JOSEON Revive Serum Ginseng + Snail Mucin Face Serum -kasvoseerumi<\/strong>\u00a0- Muinaisten korealaisten kauneusrituaalien innoittamana t\u00e4m\u00e4 seerumi auttaa palauttamaan ihon kosteustasapainon, vahvistamaan suojakerrosta ja antamaan terveellisen hehkun. Rikastettu <strong data-start=\"330\" data-end=\"368\">korkealaatuinen ginseng-uute<\/strong>Seerumi ravitsee ihoa intensiivisesti, v\u00e4hent\u00e4\u00e4 juonteita ja parantaa ihon kimmoisuutta. Kevyt mutta syv\u00e4vaikutteinen koostumus imeytyy nopeasti ja antaa pitk\u00e4kestoisen miellytt\u00e4v\u00e4n tunteen.<\/p>\n<p data-start=\"556\" data-end=\"575\"><strong data-start=\"561\" data-end=\"573\">Ominaisuudet:<br \/><\/strong>\u2714 Kosteuttaa syv\u00e4sti ja vahvistaa ihon suojaavaa estett\u00e4.<br data-start=\"627\" data-end=\"630\" \/>\u2714 Stimuloi solujen uudistumista ja v\u00e4hent\u00e4\u00e4 juonteita ja ryppyj\u00e4.<br data-start=\"691\" data-end=\"694\" \/>\u2714 Antaa terveen hehkun ja elvytt\u00e4\u00e4 v\u00e4syneen ihon.<br data-start=\"749\" data-end=\"752\" \/>\u2714 Kevyt, rasvaton koostumus sopii kaikille ihotyypeille.<br data-start=\"802\" data-end=\"805\" \/>\u2714 Ei sis\u00e4ll\u00e4 \u00e4rsytt\u00e4vi\u00e4 aineita - hell\u00e4varainen my\u00f6s herk\u00e4lle iholle.<\/p>","protected":false},"featured_media":33236,"comment_status":"open","ping_status":"closed","template":"","meta":{"_acf_changed":false},"product_brand":[410],"product_cat":[92,56,59],"product_tag":[],"class_list":{"0":"post-33249","1":"product","2":"type-product","3":"status-publish","4":"has-post-thumbnail","6":"product_brand-beauty-of-joseon","7":"product_cat-groziui","8":"product_cat-veido-serumai","9":"product_cat-veidui","11":"first","12":"instock","13":"shipping-taxable","14":"purchasable","15":"product-type-simple"},"acf":[],"tiered_pricing_type":"fixed","tiered_pricing_fixed_rules":[],"tiered_pricing_product_settings":{"layout":"default","base_unit_name":{"singular":null,"plural":null},"default_variation":null},"tiered_pricing_minimum_quantity":null,"tiered_pricing_roles_data":[],"tiered_pricing_percentage_rules":[],"_links":{"self":[{"href":"https:\/\/purama.lt\/fi\/wp-json\/wp\/v2\/product\/33249","targetHints":{"allow":["GET"]}}],"collection":[{"href":"https:\/\/purama.lt\/fi\/wp-json\/wp\/v2\/product"}],"about":[{"href":"https:\/\/purama.lt\/fi\/wp-json\/wp\/v2\/types\/product"}],"replies":[{"embeddable":true,"href":"https:\/\/purama.lt\/fi\/wp-json\/wp\/v2\/comments?post=33249"}],"wp:featuredmedia":[{"embeddable":true,"href":"https:\/\/purama.lt\/fi\/wp-json\/wp\/v2\/media\/33236"}],"wp:attachment":[{"href":"https:\/\/purama.lt\/fi\/wp-json\/wp\/v2\/media?parent=33249"}],"wp:term":[{"taxonomy":"product_brand","embeddable":true,"href":"https:\/\/purama.lt\/fi\/wp-json\/wp\/v2\/product_brand?post=33249"},{"taxonomy":"product_cat","embeddable":true,"href":"https:\/\/purama.lt\/fi\/wp-json\/wp\/v2\/product_cat?post=33249"},{"taxonomy":"product_tag","embeddable":true,"href":"https:\/\/purama.lt\/fi\/wp-json\/wp\/v2\/product_tag?post=33249"}],"curies":[{"name":"wp","href":"https:\/\/api.w.org\/{rel}","templated":true}]}}