{"id":33248,"date":"2025-03-20T14:46:48","date_gmt":"2025-03-20T14:46:48","guid":{"rendered":"https:\/\/purama.lt\/produktas\/beauty-of-joseon-esencinis-vanduo-su-zenseniu\/"},"modified":"2026-04-10T13:03:26","modified_gmt":"2026-04-10T11:03:26","slug":"kauneus-joseon-eteerinen-vesi-kuorella","status":"publish","type":"product","link":"https:\/\/purama.lt\/fi\/produktas\/beauty-of-joseon-esencinis-vanduo-su-zenseniu\/","title":{"rendered":"BEAUTY OF JOSEON Eteerinen vesi ginsengin kanssa"},"content":{"rendered":"<p><strong>K\u00e4ytt\u00f6:<\/strong><\/p>\n\n\n\n<p>Levit\u00e4 pieni m\u00e4\u00e4r\u00e4 uutetta puhtaalle iholle k\u00e4sill\u00e4si tai vanulapulla. Levit\u00e4 varovasti ja anna imeyty\u00e4. Voidaan k\u00e4ytt\u00e4\u00e4 aamuin ja illoin, ennen seerumia tai voidetta.<\/p>\n\n\n\n<p><strong>Ainesosat:<\/strong> Ginseng-juuresta saatu uute, niasiiniamidi, adenosiini, beetaglukaani, hyaluronihappo, allantoiini.<\/p>\n\n\n\n<p>Sopii kaikille ihotyypeille, erityisesti v\u00e4syneelle, herk\u00e4lle tai elinvoimaa vailla olevalle iholle.<\/p>","protected":false},"excerpt":{"rendered":"<p data-start=\"79\" data-end=\"602\"><strong data-start=\"79\" data-end=\"128\">BEAUTY OF JOSEON Eteerinen vesi ginsengin kanssa<\/strong> - on monik\u00e4ytt\u00f6inen kiinteytt\u00e4v\u00e4 ja kosteuttava tuote, joka tasapainottaa, t\u00e4ydent\u00e4\u00e4 kosteutta ja elvytt\u00e4\u00e4 ihoa. Koostumus on rikastettu <strong data-start=\"280\" data-end=\"308\">ginsengin juuriuute<\/strong>, Sill\u00e4 on voimakas antioksidanttivaikutus, se auttaa vahvistamaan ihon suojaverkkoa ja parantaa sen kimmoisuutta. Eteerinen vesi toimii v\u00e4livaiheena kasvoveden ja seerumin v\u00e4lill\u00e4 valmistellen ihoa t\u00e4ydellisesti jatkohoitoa varten, tehostaen muiden tuotteiden tehoa ja parantaen ihon yleist\u00e4 kuntoa.<\/p>\n<p data-start=\"604\" data-end=\"623\"><strong data-start=\"609\" data-end=\"621\">Ominaisuudet:<\/strong><\/p>\n<p data-start=\"624\" data-end=\"893\">\u2714 Kosteuttaa ja s\u00e4vytt\u00e4\u00e4 ihoa ja palauttaa sen tasapainon.<br data-start=\"671\" data-end=\"674\" \/>\u2714 Antaa iholle hehkua ja sileytt\u00e4<br data-start=\"709\" data-end=\"712\" \/>\u2714 Vahvistaa suojaavaa estett\u00e4 ja parantaa kimmoisuutta.<br data-start=\"762\" data-end=\"765\" \/>\u2714 Antioksidantti - suojaa haitallisilta ymp\u00e4rist\u00f6tekij\u00f6ilt\u00e4.<br data-start=\"829\" data-end=\"832\" \/>\u2714 Valmistelee ihon seerumeille tai voiteille ja parantaa niiden imeytymist\u00e4.<\/p>","protected":false},"featured_media":33240,"comment_status":"open","ping_status":"closed","template":"","meta":{"_acf_changed":false},"product_brand":[410],"product_cat":[92,56,59],"product_tag":[],"class_list":{"0":"post-33248","1":"product","2":"type-product","3":"status-publish","4":"has-post-thumbnail","6":"product_brand-beauty-of-joseon","7":"product_cat-groziui","8":"product_cat-veido-serumai","9":"product_cat-veidui","11":"first","12":"outofstock","13":"shipping-taxable","14":"purchasable","15":"product-type-simple"},"acf":[],"tiered_pricing_type":"fixed","tiered_pricing_fixed_rules":[],"tiered_pricing_product_settings":{"layout":"default","base_unit_name":{"singular":null,"plural":null},"default_variation":null},"tiered_pricing_minimum_quantity":null,"tiered_pricing_roles_data":[],"tiered_pricing_percentage_rules":[],"_links":{"self":[{"href":"https:\/\/purama.lt\/fi\/wp-json\/wp\/v2\/product\/33248","targetHints":{"allow":["GET"]}}],"collection":[{"href":"https:\/\/purama.lt\/fi\/wp-json\/wp\/v2\/product"}],"about":[{"href":"https:\/\/purama.lt\/fi\/wp-json\/wp\/v2\/types\/product"}],"replies":[{"embeddable":true,"href":"https:\/\/purama.lt\/fi\/wp-json\/wp\/v2\/comments?post=33248"}],"wp:featuredmedia":[{"embeddable":true,"href":"https:\/\/purama.lt\/fi\/wp-json\/wp\/v2\/media\/33240"}],"wp:attachment":[{"href":"https:\/\/purama.lt\/fi\/wp-json\/wp\/v2\/media?parent=33248"}],"wp:term":[{"taxonomy":"product_brand","embeddable":true,"href":"https:\/\/purama.lt\/fi\/wp-json\/wp\/v2\/product_brand?post=33248"},{"taxonomy":"product_cat","embeddable":true,"href":"https:\/\/purama.lt\/fi\/wp-json\/wp\/v2\/product_cat?post=33248"},{"taxonomy":"product_tag","embeddable":true,"href":"https:\/\/purama.lt\/fi\/wp-json\/wp\/v2\/product_tag?post=33248"}],"curies":[{"name":"wp","href":"https:\/\/api.w.org\/{rel}","templated":true}]}}