{"id":33247,"date":"2025-03-20T14:46:48","date_gmt":"2025-03-20T14:46:48","guid":{"rendered":"https:\/\/purama.lt\/produktas\/beauty-of-joseon-ryziu-sviesinantis-serumas\/"},"modified":"2026-04-10T13:03:26","modified_gmt":"2026-04-10T11:03:26","slug":"kauneus-joseon-vaalentava-seerumi","status":"publish","type":"product","link":"https:\/\/purama.lt\/fi\/produktas\/beauty-of-joseon-ryziu-sviesinantis-serumas\/","title":{"rendered":"BEAUTY OF JOSEON Riisi kirkastava seerumi"},"content":{"rendered":"<p><strong>K\u00e4ytt\u00f6<\/strong><\/p>\n\n\n\n<p>Levit\u00e4 muutama tippa seerumia puhtaalle, s\u00e4vytetylle iholle. Levit\u00e4 varovasti ja anna imeyty\u00e4. K\u00e4yt\u00e4 aamuin ja illoin ennen kosteusvoidetta.<\/p>\n\n\n\n<p><strong>Ainesosat:<\/strong> Riisiuute, niasiiniamidi, arbutiini, hyaluronihappo, allantoiini, glykyrritsiini (lakritsi), betaiini.<\/p>\n\n\n\n<p>Ihanteellinen hehkuvalle, kosteutetulle ja visuaalisesti sile\u00e4mm\u00e4lle iholle.<\/p>","protected":false},"excerpt":{"rendered":"<p data-start=\"77\" data-end=\"616\"><strong data-start=\"77\" data-end=\"124\">BEAUTY OF JOSEON Riisi kirkastava seerumi<\/strong> - on seerumi, jonka hell\u00e4varainen mutta tehokas koostumus on suunniteltu tasoittamaan ihon s\u00e4vy\u00e4, kirkastamaan ja kosteuttamaan. T\u00e4rkein aktiivinen ainesosa on <strong data-start=\"275\" data-end=\"295\">Riisiuute<\/strong>, jota on arvostettu jo antiikin ajoista l\u00e4htien sen kyvyn vuoksi vaalentaa, ravita ja pehment\u00e4\u00e4 ihoa. Seerumi auttaa v\u00e4hent\u00e4m\u00e4\u00e4n pigmenttil\u00e4iski\u00e4, himmeytt\u00e4 ja v\u00e4symyksen merkkej\u00e4 samalla kun se vahvistaa ihon suojakerrosta. Se sopii ihanteellisesti p\u00e4ivitt\u00e4isiin ihonhoitorutiineihin, jotta iho olisi raikas, s\u00e4teilev\u00e4 ja tasainen.<\/p>\n<p data-start=\"618\" data-end=\"637\"><strong data-start=\"623\" data-end=\"635\">Ominaisuudet:<\/strong><\/p>\n<p data-start=\"638\" data-end=\"852\">\u2714 Kirkastaa ja tasoittaa ihon s\u00e4vy\u00e4<br data-start=\"675\" data-end=\"678\" \/>\u2714 V\u00e4hent\u00e4\u00e4 pigmenttil\u00e4iski\u00e4 ja v\u00e4symyksen merkkej\u00e4.<br data-start=\"726\" data-end=\"729\" \/>\u2714 Kosteuttaa ja pehment\u00e4\u00e4 ihoa ilman rasvaisuutta.<br data-start=\"766\" data-end=\"769\" \/>\u2714 Parantaa ihon rakennetta ja kimmoisuutta.<br data-start=\"806\" data-end=\"809\" \/>\u2714 Sopii kaikille ihotyypeille, my\u00f6s herk\u00e4lle iholle.<\/p>","protected":false},"featured_media":33234,"comment_status":"open","ping_status":"closed","template":"","meta":{"_acf_changed":false},"product_brand":[410],"product_cat":[92,56,59],"product_tag":[],"class_list":{"0":"post-33247","1":"product","2":"type-product","3":"status-publish","4":"has-post-thumbnail","6":"product_brand-beauty-of-joseon","7":"product_cat-groziui","8":"product_cat-veido-serumai","9":"product_cat-veidui","11":"first","12":"outofstock","13":"shipping-taxable","14":"purchasable","15":"product-type-simple"},"acf":[],"tiered_pricing_type":"fixed","tiered_pricing_fixed_rules":[],"tiered_pricing_product_settings":{"layout":"default","base_unit_name":{"singular":null,"plural":null},"default_variation":null},"tiered_pricing_minimum_quantity":null,"tiered_pricing_roles_data":[],"tiered_pricing_percentage_rules":[],"_links":{"self":[{"href":"https:\/\/purama.lt\/fi\/wp-json\/wp\/v2\/product\/33247","targetHints":{"allow":["GET"]}}],"collection":[{"href":"https:\/\/purama.lt\/fi\/wp-json\/wp\/v2\/product"}],"about":[{"href":"https:\/\/purama.lt\/fi\/wp-json\/wp\/v2\/types\/product"}],"replies":[{"embeddable":true,"href":"https:\/\/purama.lt\/fi\/wp-json\/wp\/v2\/comments?post=33247"}],"wp:featuredmedia":[{"embeddable":true,"href":"https:\/\/purama.lt\/fi\/wp-json\/wp\/v2\/media\/33234"}],"wp:attachment":[{"href":"https:\/\/purama.lt\/fi\/wp-json\/wp\/v2\/media?parent=33247"}],"wp:term":[{"taxonomy":"product_brand","embeddable":true,"href":"https:\/\/purama.lt\/fi\/wp-json\/wp\/v2\/product_brand?post=33247"},{"taxonomy":"product_cat","embeddable":true,"href":"https:\/\/purama.lt\/fi\/wp-json\/wp\/v2\/product_cat?post=33247"},{"taxonomy":"product_tag","embeddable":true,"href":"https:\/\/purama.lt\/fi\/wp-json\/wp\/v2\/product_tag?post=33247"}],"curies":[{"name":"wp","href":"https:\/\/api.w.org\/{rel}","templated":true}]}}