{"id":33246,"date":"2025-03-20T14:46:48","date_gmt":"2025-03-20T14:46:48","guid":{"rendered":"https:\/\/purama.lt\/produktas\/beauty-of-joseon-serumas-su-propoliu-ir-niacinamidu\/"},"modified":"2026-04-10T13:03:26","modified_gmt":"2026-04-10T11:03:26","slug":"kauneus-joseon-seerumi-propolis-ja-niasiiniamidi-kanssa","status":"publish","type":"product","link":"https:\/\/purama.lt\/fi\/produktas\/beauty-of-joseon-serumas-su-propoliu-ir-niacinamidu\/","title":{"rendered":"BEAUTY OF JOSEON Propolis Glow Serum kasvoseerumi kasvoseerumi"},"content":{"rendered":"<p><strong>K\u00e4ytt\u00f6:<\/strong><\/p>\n\n\n\n<p>Levit\u00e4 2-3 tippaa seerumia puhtaalle ja s\u00e4vytetylle iholle, levit\u00e4 kevyesti ja anna imeyty\u00e4. K\u00e4yt\u00e4 aamuin ja illoin ennen kosteusvoidetta.<\/p>\n\n\n\n<p><strong>Ainesosat:<\/strong> Propolis-uute, niasiiniamidi, betaiini, hyaluronihappo, arbutiini, vihre\u00e4 teeuute, pantenoli.<\/p>\n\n\n\n<p>Sopii kaikille ihotyypeille, erityisesti herk\u00e4lle, rasvaiselle tai ihottumille alttiille iholle.<\/p>","protected":false},"excerpt":{"rendered":"<p data-start=\"85\" data-end=\"550\"><strong>BEAUTY OF JOSEON Propolis Glow Serum kasvoseerumi kasvoseerumi<\/strong> - on seerumi, jonka intensiivisesti ravitseva ja korjaava koostumus auttaa rauhoittamaan \u00e4rtynytt\u00e4 ihoa, palauttamaan sen kosteustasapainon ja parantamaan sen yleist\u00e4 ulkon\u00e4k\u00f6\u00e4. Propolisilla on antibakteerisia ja uudistavia ominaisuuksia, kun taas niasiiniamidi auttaa kirkastamaan ihoa, v\u00e4hent\u00e4m\u00e4\u00e4n pigmentaatiota ja vahvistamaan barrier-toimintaa. T\u00e4m\u00e4 seerumi sopii erinomaisesti v\u00e4syneelle, ep\u00e4tasaiselle tai ongelmalliselle iholle.<\/p>\n<p data-start=\"552\" data-end=\"571\"><strong data-start=\"557\" data-end=\"569\">Ominaisuudet:<br \/><\/strong>\u2714 Rauhoittaa \u00e4rtynytt\u00e4, herkk\u00e4\u00e4 tai akneen taipuvaista ihoa.<br data-start=\"623\" data-end=\"626\" \/>\u2714 Auttaa tasoittamaan ihon s\u00e4vy\u00e4 ja v\u00e4hent\u00e4m\u00e4\u00e4n pigmentaatiota<br data-start=\"687\" data-end=\"690\" \/>\u2714 Ravitsee ja kosteuttaa ihoa ja palauttaa terveen ulkon\u00e4\u00f6n.<br data-start=\"741\" data-end=\"744\" \/>\u2714 Vahvistaa ihon suojaavaa estett\u00e4 ja v\u00e4hent\u00e4\u00e4 tulehdusta.<br data-start=\"796\" data-end=\"799\" \/>\u2714 Kevyt koostumus imeytyy nopeasti j\u00e4tt\u00e4m\u00e4tt\u00e4 rasvaista j\u00e4\u00e4m\u00e4\u00e4.<\/p>","protected":false},"featured_media":33238,"comment_status":"open","ping_status":"closed","template":"","meta":{"_acf_changed":false},"product_brand":[410],"product_cat":[92,500,56,59],"product_tag":[],"class_list":{"0":"post-33246","1":"product","2":"type-product","3":"status-publish","4":"has-post-thumbnail","6":"product_brand-beauty-of-joseon","7":"product_cat-groziui","8":"product_cat-outlet","9":"product_cat-veido-serumai","10":"product_cat-veidui","12":"first","13":"instock","14":"sale","15":"shipping-taxable","16":"purchasable","17":"product-type-simple"},"acf":[],"tiered_pricing_type":"fixed","tiered_pricing_fixed_rules":[],"tiered_pricing_product_settings":{"layout":"default","base_unit_name":{"singular":null,"plural":null},"default_variation":null},"tiered_pricing_minimum_quantity":null,"tiered_pricing_roles_data":[],"tiered_pricing_percentage_rules":[],"_links":{"self":[{"href":"https:\/\/purama.lt\/fi\/wp-json\/wp\/v2\/product\/33246","targetHints":{"allow":["GET"]}}],"collection":[{"href":"https:\/\/purama.lt\/fi\/wp-json\/wp\/v2\/product"}],"about":[{"href":"https:\/\/purama.lt\/fi\/wp-json\/wp\/v2\/types\/product"}],"replies":[{"embeddable":true,"href":"https:\/\/purama.lt\/fi\/wp-json\/wp\/v2\/comments?post=33246"}],"wp:featuredmedia":[{"embeddable":true,"href":"https:\/\/purama.lt\/fi\/wp-json\/wp\/v2\/media\/33238"}],"wp:attachment":[{"href":"https:\/\/purama.lt\/fi\/wp-json\/wp\/v2\/media?parent=33246"}],"wp:term":[{"taxonomy":"product_brand","embeddable":true,"href":"https:\/\/purama.lt\/fi\/wp-json\/wp\/v2\/product_brand?post=33246"},{"taxonomy":"product_cat","embeddable":true,"href":"https:\/\/purama.lt\/fi\/wp-json\/wp\/v2\/product_cat?post=33246"},{"taxonomy":"product_tag","embeddable":true,"href":"https:\/\/purama.lt\/fi\/wp-json\/wp\/v2\/product_tag?post=33246"}],"curies":[{"name":"wp","href":"https:\/\/api.w.org\/{rel}","templated":true}]}}