{"id":33245,"date":"2025-03-20T14:46:47","date_gmt":"2025-03-20T14:46:47","guid":{"rendered":"https:\/\/purama.lt\/produktas\/beauty-of-joseon-spf50-pa-ryziu-apsauginis-kremas-nuo-saules\/"},"modified":"2026-04-10T13:03:26","modified_gmt":"2026-04-10T11:03:26","slug":"kauneus-joseon-spf50-pa-ryziu-aurinkovoidea","status":"publish","type":"product","link":"https:\/\/purama.lt\/fi\/produktas\/beauty-of-joseon-spf50-pa-ryziu-apsauginis-kremas-nuo-saules\/","title":{"rendered":"BEAUTY OF JOSEON Relief Sun Rice &amp; Probiotics SPF 50 -aurinkovoide"},"content":{"rendered":"<p><strong>K\u00e4ytt\u00f6<\/strong><\/p>\n\n\n\n<p>Levit\u00e4 tasainen kerros voidetta puhtaalle iholle aamuhoidon viimeisen\u00e4 vaiheena. Levit\u00e4 15-20 minuuttia ennen auringonottoa. Levit\u00e4 tarvittaessa uudelleen 2-3 tunnin v\u00e4lein p\u00e4iv\u00e4n aikana.<\/p>\n\n\n\n<p><strong>Ainesosat:<\/strong> Riisiuute, niasiiniamidi, hyaluronihappo, fermentoidut viljauutteet, skvalaani, bisabololi, allantoiini.<\/p>\n\n\n\n<p>Sopii p\u00e4ivitt\u00e4iseen k\u00e4ytt\u00f6\u00f6n kaikille ihotyypeille, my\u00f6s herk\u00e4lle iholle. Dermatologisesti testattu.<\/p>","protected":false},"excerpt":{"rendered":"<p data-start=\"99\" data-end=\"641\"><strong>BEAUTY OF JOSEON Relief Sun Rice &amp; Probiotics SPF<\/strong>\u00a0- on p\u00e4ivitt\u00e4inen aurinkosuojavoide, jonka mieto, nopeasti imeytyv\u00e4 koostumus on rikastettu riisiuutteella ja probiooteilla. Voide ei ainoastaan suojaa ihoa tehokkaasti haitallisilta UVA- ja UVB-s\u00e4teilt\u00e4, vaan my\u00f6s kosteuttaa, rauhoittaa ja vahvistaa ihoestett\u00e4. Kevyt, ei-rasvainen koostumus tekee siit\u00e4 ihanteellisen p\u00e4ivitt\u00e4iseen k\u00e4ytt\u00f6\u00f6n - se ei aiheuta valkovuokkoa eik\u00e4 ker\u00e4\u00e4nny huokosiin. Ihanteellinen valinta niille, jotka etsiv\u00e4t luotettavaa suojaa ja ylim\u00e4\u00e4r\u00e4ist\u00e4 ihonhoitoa yhdess\u00e4 tuotteessa.<\/p>\n<p data-start=\"643\" data-end=\"662\"><strong data-start=\"648\" data-end=\"660\">Ominaisuudet:<\/strong><\/p>\n<p data-start=\"663\" data-end=\"944\">\u2714 Korkea SPF50+\/PA++++ UV-suojaus<br data-start=\"716\" data-end=\"719\" \/>\u2714 Riisiuute kosteuttaa, ravitsee ja kirkastaa ihoa.<br data-start=\"771\" data-end=\"774\" \/>\u2714 Probiootit vahvistavat ihon mikrobiomia ja suojamuuria.<br data-start=\"833\" data-end=\"836\" \/>\u2714 Ei rasvainen, nopeasti imeytyv\u00e4, ei valkeaa vaikutusta.<br data-start=\"887\" data-end=\"890\" \/>\u2714 Sopii herk\u00e4lle, rasvaiselle, sekaiholle ja normaalille iholle.<\/p>","protected":false},"featured_media":33237,"comment_status":"open","ping_status":"closed","template":"","meta":{"_acf_changed":false},"product_brand":[410],"product_cat":[92,57,299,59],"product_tag":[],"class_list":{"0":"post-33245","1":"product","2":"type-product","3":"status-publish","4":"has-post-thumbnail","6":"product_brand-beauty-of-joseon","7":"product_cat-groziui","8":"product_cat-akcijos","9":"product_cat-kremai-nuo-saules-veidui","10":"product_cat-veidui","12":"first","13":"instock","14":"sale","15":"shipping-taxable","16":"purchasable","17":"product-type-simple"},"acf":[],"tiered_pricing_type":"fixed","tiered_pricing_fixed_rules":[],"tiered_pricing_product_settings":{"layout":"default","base_unit_name":{"singular":null,"plural":null},"default_variation":null},"tiered_pricing_minimum_quantity":null,"tiered_pricing_roles_data":[],"tiered_pricing_percentage_rules":[],"_links":{"self":[{"href":"https:\/\/purama.lt\/fi\/wp-json\/wp\/v2\/product\/33245","targetHints":{"allow":["GET"]}}],"collection":[{"href":"https:\/\/purama.lt\/fi\/wp-json\/wp\/v2\/product"}],"about":[{"href":"https:\/\/purama.lt\/fi\/wp-json\/wp\/v2\/types\/product"}],"replies":[{"embeddable":true,"href":"https:\/\/purama.lt\/fi\/wp-json\/wp\/v2\/comments?post=33245"}],"wp:featuredmedia":[{"embeddable":true,"href":"https:\/\/purama.lt\/fi\/wp-json\/wp\/v2\/media\/33237"}],"wp:attachment":[{"href":"https:\/\/purama.lt\/fi\/wp-json\/wp\/v2\/media?parent=33245"}],"wp:term":[{"taxonomy":"product_brand","embeddable":true,"href":"https:\/\/purama.lt\/fi\/wp-json\/wp\/v2\/product_brand?post=33245"},{"taxonomy":"product_cat","embeddable":true,"href":"https:\/\/purama.lt\/fi\/wp-json\/wp\/v2\/product_cat?post=33245"},{"taxonomy":"product_tag","embeddable":true,"href":"https:\/\/purama.lt\/fi\/wp-json\/wp\/v2\/product_tag?post=33245"}],"curies":[{"name":"wp","href":"https:\/\/api.w.org\/{rel}","templated":true}]}}