{"id":33244,"date":"2025-03-20T14:46:47","date_gmt":"2025-03-20T14:46:47","guid":{"rendered":"https:\/\/purama.lt\/produktas\/beauty-of-joseon-svelnus-drekinamasis-veido-kremas\/"},"modified":"2026-04-10T13:03:26","modified_gmt":"2026-04-10T11:03:26","slug":"joseonin-kosteuttava-kasvovoide-kauneus","status":"publish","type":"product","link":"https:\/\/purama.lt\/fi\/produktas\/beauty-of-joseon-svelnus-drekinamasis-veido-kremas\/","title":{"rendered":"BEAUTY OF JOSEON Dynasty Cream kasvovoide"},"content":{"rendered":"<p><strong>K\u00e4ytt\u00f6:<\/strong><\/p>\n\n\n\n<p>Levit\u00e4 pieni m\u00e4\u00e4r\u00e4 voidetta puhtaalle iholle seerumin tai kasvoveden j\u00e4lkeen. K\u00e4yt\u00e4 aamuin ja illoin v\u00e4ltt\u00e4en silm\u00e4nymp\u00e4rysihoa.<\/p>\n\n\n\n<p><strong>Ainesosat:<\/strong> Riisileseet, vihre\u00e4 teeuute, juurikasviyrttikompleksi (Hanbang), keramidit, skvalaani, betaiini, niasiiniamidi, pantenoli.<\/p>\n\n\n\n<p>Sopii p\u00e4ivitt\u00e4iseen k\u00e4ytt\u00f6\u00f6n, my\u00f6s herk\u00e4lle tai \u00e4rsytykseen taipuvaiselle iholle.<\/p>","protected":false},"excerpt":{"rendered":"<p data-start=\"84\" data-end=\"541\"><strong>BEAUTY OF JOSEON Dynasty Cream kasvovoide<\/strong>\u00a0- on kevytrakenteinen, mutta tehokas kosteusvoide kaikkien ihotyyppien p\u00e4ivitt\u00e4iseen hoitoon. Perinteisen korealaisen kasviper\u00e4isen filosofian (Hanbang) mukaan kehitetty voide rauhoittaa, ravitsee ja tasapainottaa ihoa. Sen yrttiuutteet yhdistettyn\u00e4 keramidikompleksiin auttavat vahvistamaan ihon suojakerrosta, est\u00e4v\u00e4t kosteuden menetyst\u00e4 ja antavat pitk\u00e4kestoisen mukavuuden tunteen.<\/p>\n<p data-start=\"543\" data-end=\"562\"><strong data-start=\"548\" data-end=\"560\">Ominaisuudet:<br \/><\/strong>\u2714 Pitk\u00e4kestoinen kosteutus ilman rasvaista tunnetta<br data-start=\"605\" data-end=\"608\" \/>\u2714 Rauhoittaa \u00e4rtynytt\u00e4 ja herkk\u00e4\u00e4 ihoa<br data-start=\"642\" data-end=\"645\" \/>\u2714 Vahvistaa ihon suojaavaa estett\u00e4.<br data-start=\"678\" data-end=\"681\" \/>\u2714 Sopii yhdistelm\u00e4iholle, rasvaiselle ja herk\u00e4lle iholle.<br data-start=\"722\" data-end=\"725\" \/>\u2714 Imeytyy nopeasti, t\u00e4ydellinen seerumien j\u00e4lkeen tai ennen meikki\u00e4.<\/p>","protected":false},"featured_media":33241,"comment_status":"open","ping_status":"closed","template":"","meta":{"_acf_changed":false},"product_brand":[410],"product_cat":[92,500,55,59],"product_tag":[],"class_list":{"0":"post-33244","1":"product","2":"type-product","3":"status-publish","4":"has-post-thumbnail","6":"product_brand-beauty-of-joseon","7":"product_cat-groziui","8":"product_cat-outlet","9":"product_cat-veido-kremai","10":"product_cat-veidui","12":"first","13":"instock","14":"sale","15":"shipping-taxable","16":"purchasable","17":"product-type-simple"},"acf":[],"tiered_pricing_type":"fixed","tiered_pricing_fixed_rules":[],"tiered_pricing_product_settings":{"layout":"default","base_unit_name":{"singular":null,"plural":null},"default_variation":null},"tiered_pricing_minimum_quantity":null,"tiered_pricing_roles_data":[],"tiered_pricing_percentage_rules":[],"_links":{"self":[{"href":"https:\/\/purama.lt\/fi\/wp-json\/wp\/v2\/product\/33244","targetHints":{"allow":["GET"]}}],"collection":[{"href":"https:\/\/purama.lt\/fi\/wp-json\/wp\/v2\/product"}],"about":[{"href":"https:\/\/purama.lt\/fi\/wp-json\/wp\/v2\/types\/product"}],"replies":[{"embeddable":true,"href":"https:\/\/purama.lt\/fi\/wp-json\/wp\/v2\/comments?post=33244"}],"wp:featuredmedia":[{"embeddable":true,"href":"https:\/\/purama.lt\/fi\/wp-json\/wp\/v2\/media\/33241"}],"wp:attachment":[{"href":"https:\/\/purama.lt\/fi\/wp-json\/wp\/v2\/media?parent=33244"}],"wp:term":[{"taxonomy":"product_brand","embeddable":true,"href":"https:\/\/purama.lt\/fi\/wp-json\/wp\/v2\/product_brand?post=33244"},{"taxonomy":"product_cat","embeddable":true,"href":"https:\/\/purama.lt\/fi\/wp-json\/wp\/v2\/product_cat?post=33244"},{"taxonomy":"product_tag","embeddable":true,"href":"https:\/\/purama.lt\/fi\/wp-json\/wp\/v2\/product_tag?post=33244"}],"curies":[{"name":"wp","href":"https:\/\/api.w.org\/{rel}","templated":true}]}}