{"id":33062,"date":"2025-03-14T13:19:57","date_gmt":"2025-03-14T13:19:57","guid":{"rendered":"https:\/\/purama.lt\/produktas\/zenyth-colonhelp-ekologiski-milteliai\/"},"modified":"2026-03-18T14:46:06","modified_gmt":"2026-03-18T12:46:06","slug":"zenyth-colonhelp-orgaaninen-jauhe","status":"publish","type":"product","link":"https:\/\/purama.lt\/fi\/produktas\/zenyth-colonhelp-ekologiski-milteliai\/","title":{"rendered":"ZENYTH ColonHelp orgaaninen jauhe"},"content":{"rendered":"<h4 class=\"wp-block-heading\"><strong>Kuinka k\u00e4ytt\u00e4\u00e4<\/strong>?<\/h4>\n\n\n\n<p>Aikuisten suositellaan ottavan <strong>1-3 kauhallista<\/strong> (8-24 g) kuitua p\u00e4iv\u00e4ss\u00e4.<br>Lapsille ja nuorille (12-18 vuotta) suositeltu k\u00e4ytt\u00f6tapa on seuraava. <strong>1 mittalusikallinen<\/strong> (8 g) kuitua p\u00e4iv\u00e4ss\u00e4.<br>P\u00e4ivitt\u00e4inen enimm\u00e4isannos enint\u00e4\u00e4n <strong>4 kauhallista<\/strong> (32 g) kuitua p\u00e4iv\u00e4ss\u00e4.<\/p>\n\n\n\n<p><strong>Valmistelu:<\/strong> Sekoita tuote <strong>200 ml vett\u00e4, mehua tai jogurttia<\/strong> ja ottaa juotavaa. Ota ennen tai j\u00e4lkeen aterian.<\/p>\n\n\n\n<p><strong>T\u00e4rke\u00e4\u00e4!<\/strong><br>J\u00e4lkeen <strong>ColonHelp<\/strong> lis\u00e4ravinteen k\u00e4ytt\u00f6 on tarpeen juoda <strong>1-2 lasillista vett\u00e4 (noin 400 ml)<\/strong>.<br>Suositellun p\u00e4ivitt\u00e4isen saannin tulisi olla v\u00e4hint\u00e4\u00e4n <strong>1,5-2 litraa vett\u00e4<\/strong>jotta varmistetaan asianmukainen altistuminen kuiduille ja v\u00e4ltet\u00e4\u00e4n ruoansulatuskanavan ep\u00e4mukavuus.<\/p>\n\n\n\n<p><strong>Ainesosat:<\/strong> pellavan kylv\u00f6\u00e4 varten (<em>Linum usitatissimum<\/em>), pellavansiemen, valkosilm\u00e4pensas (<em>Plantago ovata<\/em>) siemenkuoria, murskattuja kuminan siemeni\u00e4 (<em>Carum carvi<\/em>), murskattuja korianterin siemeni\u00e4 (<em>Coriandrum sativum<\/em>) siemeni\u00e4, oreganon (Origanum vulgare) lehti\u00e4, hienonnettuja persiljan (Petroselinum crispum) lehti\u00e4. \u00a0<\/p>","protected":false},"excerpt":{"rendered":"<p data-start=\"88\" data-end=\"418\"><strong data-start=\"88\" data-end=\"108\">ZENYTH ColonHelp<\/strong> - t\u00e4m\u00e4 <strong data-start=\"115\" data-end=\"159\">ainutlaatuinen kuitukompleksi<\/strong>, jonka tarkoituksena on varmistaa <strong data-start=\"190\" data-end=\"264\">hyv\u00e4 ruoansulatus, suoliston tasapaino ja yleinen hyvinvointi.<\/strong>. T\u00e4m\u00e4 kaava yhdist\u00e4\u00e4 <strong data-start=\"286\" data-end=\"343\">ihanteellisesti tasapainossa olevia liukoisia ja liukenemattomia kuituja.<\/strong>jotka turpoavat luonnostaan suolistossa ja s\u00e4\u00e4telev\u00e4t sen toimintaa hell\u00e4varaisesti.<\/p>\n<p data-start=\"420\" data-end=\"659\">T\u00e4ydennetty <strong data-start=\"430\" data-end=\"517\">nelj\u00e4 arvokasta maustetta - persilja, juustokumina, oregano ja korianteri.<\/strong>sek\u00e4 <strong data-start=\"528\" data-end=\"537\">savet<\/strong> - T\u00e4m\u00e4 sekoitus ei ainoastaan edist\u00e4 parempaa ruoansulatusta, vaan auttaa my\u00f6s poistamaan myrkkyj\u00e4 ja tukemaan normaalia maksan toimintaa.<\/p>\n<p data-start=\"666\" data-end=\"713\"><strong data-start=\"670\" data-end=\"711\">Miksi valita ZENYTH ColonHelp?<\/strong><\/p>\n<p data-start=\"715\" data-end=\"1423\">\u2714 Luonnollinen ja tasapainoinen kuitukaava - liukenevat ja liukenemattomat kuidut toimivat synergisesti tarjoten hell\u00e4varaisen mutta tehokkaan suolen puhdistuksen.<br data-start=\"861\" data-end=\"864\" \/>\u2714 Edist\u00e4\u00e4 normaalia ruoansulatuskanavan toimintaa - luonnolliset ainesosat tukevat ruoansulatuskanavan toimintaa.<br data-start=\"963\" data-end=\"966\" \/>\u2714 Auttaa yll\u00e4pit\u00e4m\u00e4\u00e4n tervett\u00e4 suoliston mikroflooraa - parantaa ravintoaineiden imeytymist\u00e4 ja kehon luonnollista detoksifikaatiota.<br data-start=\"1087\" data-end=\"1090\" \/>\u2714 Edist\u00e4\u00e4 normaalia kolesterolitasoa - valkoisen suonen siementen kuoret voivat auttaa s\u00e4\u00e4telem\u00e4\u00e4n veren kolesterolitasoa.<br data-start=\"1224\" data-end=\"1227\" \/>\u2714 Tukee maksan toimintaa - oreganolla on luonnollisia ominaisuuksia, jotka voivat auttaa vahvistamaan maksan toimintaa.<br data-start=\"1332\" data-end=\"1335\" \/>\u2714 Rikastettu luonnollisilla mausteilla ja savella - lis\u00e4hy\u00f6tyj\u00e4 ruoansulatuskanavalle.<\/p>","protected":false},"featured_media":33068,"comment_status":"open","ping_status":"closed","template":"","meta":{"_acf_changed":false},"product_brand":[463],"product_cat":[123,266,267,500,264,265],"product_tag":[],"class_list":{"0":"post-33062","1":"product","2":"type-product","3":"status-publish","4":"has-post-thumbnail","6":"product_brand-zenyth","7":"product_cat-papildai-ilgaamziskumui","8":"product_cat-fermentai-ir-virskinimas","9":"product_cat-kepenu-detoksas","10":"product_cat-outlet","11":"product_cat-virskinimui-ir-detoksui","12":"product_cat-zarnynas-ir-mikrobioma","14":"first","15":"instock","16":"sale","17":"shipping-taxable","18":"purchasable","19":"product-type-simple"},"acf":[],"tiered_pricing_type":"fixed","tiered_pricing_fixed_rules":[],"tiered_pricing_product_settings":{"layout":"default","base_unit_name":{"singular":null,"plural":null},"default_variation":null},"tiered_pricing_minimum_quantity":null,"tiered_pricing_roles_data":[],"tiered_pricing_percentage_rules":[],"_links":{"self":[{"href":"https:\/\/purama.lt\/fi\/wp-json\/wp\/v2\/product\/33062","targetHints":{"allow":["GET"]}}],"collection":[{"href":"https:\/\/purama.lt\/fi\/wp-json\/wp\/v2\/product"}],"about":[{"href":"https:\/\/purama.lt\/fi\/wp-json\/wp\/v2\/types\/product"}],"replies":[{"embeddable":true,"href":"https:\/\/purama.lt\/fi\/wp-json\/wp\/v2\/comments?post=33062"}],"wp:featuredmedia":[{"embeddable":true,"href":"https:\/\/purama.lt\/fi\/wp-json\/wp\/v2\/media\/33068"}],"wp:attachment":[{"href":"https:\/\/purama.lt\/fi\/wp-json\/wp\/v2\/media?parent=33062"}],"wp:term":[{"taxonomy":"product_brand","embeddable":true,"href":"https:\/\/purama.lt\/fi\/wp-json\/wp\/v2\/product_brand?post=33062"},{"taxonomy":"product_cat","embeddable":true,"href":"https:\/\/purama.lt\/fi\/wp-json\/wp\/v2\/product_cat?post=33062"},{"taxonomy":"product_tag","embeddable":true,"href":"https:\/\/purama.lt\/fi\/wp-json\/wp\/v2\/product_tag?post=33062"}],"curies":[{"name":"wp","href":"https:\/\/api.w.org\/{rel}","templated":true}]}}