{"id":32575,"date":"2025-02-21T09:28:38","date_gmt":"2025-02-21T09:28:38","guid":{"rendered":"https:\/\/purama.lt\/produktas\/pulsetto-vagus-nervo-stimuliatoriaus-gelis\/"},"modified":"2025-06-16T06:48:06","modified_gmt":"2025-06-16T06:48:06","slug":"pulsetto-vagushermostimulaattorigeeli","status":"publish","type":"product","link":"https:\/\/purama.lt\/fi\/produktas\/pulsetto-vagus-nervo-stimuliatoriaus-gelis\/","title":{"rendered":"Pulsetto vagushermostimulaattorigeeli"},"content":{"rendered":"<p>K\u00e4ytt\u00f6: Levit\u00e4 pieni m\u00e4\u00e4r\u00e4 geeli\u00e4 elektrodeihin ennen k\u00e4ytt\u00f6\u00e4 ja nauti entist\u00e4 tehokkaammasta stimulaatiosta.<\/p>\n\n\n\n<p><strong>Pulsetto-geeli<\/strong> - olennainen lis\u00e4varuste maksimaalisen mukavuuden ja parhaiden tulosten saavuttamiseksi!<\/p>","protected":false},"excerpt":{"rendered":"<p data-start=\"0\" data-end=\"307\"><strong data-start=\"0\" data-end=\"46\">Pulsetto vagushermostimulaattorigeeli<\/strong> - on erityisesti suunniteltu johtava geeli, joka varmistaa Pulsetton optimaalisen suorituskyvyn ja tehokkaan vagushermostimulaation. Geeli parantaa s\u00e4hk\u00f6isten impulssien johtavuutta ja lis\u00e4\u00e4 stimulaation mukavuutta, mik\u00e4 takaa parhaat tulokset jokaisella k\u00e4ytt\u00f6kerralla.<\/p>\n<p data-start=\"309\" data-end=\"576\">T\u00e4m\u00e4 geeli on helppo levitt\u00e4\u00e4, se kuivuu nopeasti eik\u00e4 j\u00e4t\u00e4 tahmeaa tunnetta. Se on muotoiltu \u00e4rsytt\u00e4m\u00e4tt\u00f6m\u00e4ksi ja sopii p\u00e4ivitt\u00e4iseen k\u00e4ytt\u00f6\u00f6n. <strong data-start=\"463\" data-end=\"481\">Pulsetto-geeli<\/strong> on olennainen lis\u00e4varuste vagushermostimulaattorin maksimaalisen tehokkuuden ja k\u00e4ytt\u00f6mukavuuden takaamiseksi.<\/p>\n<h4 data-start=\"578\" data-end=\"596\"><strong data-start=\"582\" data-end=\"594\">Ominaisuudet:<\/strong><\/h4>\n<ul data-start=\"597\" data-end=\"815\">\n<li data-start=\"597\" data-end=\"658\"><strong data-start=\"599\" data-end=\"627\">Parantaa pulssin johtavuutta<\/strong> ja stimulaation tehokkuus.<\/li>\n<li data-start=\"659\" data-end=\"701\"><strong data-start=\"661\" data-end=\"699\">Varmistaa k\u00e4ytt\u00f6mukavuuden k\u00e4yt\u00f6n aikana.<\/strong><\/li>\n<li data-start=\"702\" data-end=\"770\"><strong data-start=\"704\" data-end=\"740\">Helppo levitt\u00e4\u00e4, nopeasti kuivuva<\/strong>, eik\u00e4 j\u00e4t\u00e4 tahmeaa tunnetta.<\/li>\n<li data-start=\"771\" data-end=\"815\"><strong data-start=\"773\" data-end=\"790\">Hypoallergeeninen<\/strong> - sopii herk\u00e4lle iholle.<\/li>\n<\/ul>","protected":false},"featured_media":0,"comment_status":"open","ping_status":"closed","template":"","meta":{"_acf_changed":false},"product_brand":[],"product_cat":[282,285,283],"product_tag":[],"class_list":{"0":"post-32575","1":"product","2":"type-product","3":"status-publish","5":"product_cat-longevity-prietaisai","6":"product_cat-nervu-stimuliacija","7":"product_cat-sveikatingumo-prietaisai","9":"first","10":"outofstock","11":"shipping-taxable","12":"purchasable","13":"product-type-simple"},"acf":[],"tiered_pricing_type":"fixed","tiered_pricing_fixed_rules":[],"tiered_pricing_product_settings":{"layout":"default","base_unit_name":{"singular":null,"plural":null},"default_variation":null},"tiered_pricing_minimum_quantity":null,"tiered_pricing_roles_data":[],"tiered_pricing_percentage_rules":[],"_links":{"self":[{"href":"https:\/\/purama.lt\/fi\/wp-json\/wp\/v2\/product\/32575","targetHints":{"allow":["GET"]}}],"collection":[{"href":"https:\/\/purama.lt\/fi\/wp-json\/wp\/v2\/product"}],"about":[{"href":"https:\/\/purama.lt\/fi\/wp-json\/wp\/v2\/types\/product"}],"replies":[{"embeddable":true,"href":"https:\/\/purama.lt\/fi\/wp-json\/wp\/v2\/comments?post=32575"}],"wp:attachment":[{"href":"https:\/\/purama.lt\/fi\/wp-json\/wp\/v2\/media?parent=32575"}],"wp:term":[{"taxonomy":"product_brand","embeddable":true,"href":"https:\/\/purama.lt\/fi\/wp-json\/wp\/v2\/product_brand?post=32575"},{"taxonomy":"product_cat","embeddable":true,"href":"https:\/\/purama.lt\/fi\/wp-json\/wp\/v2\/product_cat?post=32575"},{"taxonomy":"product_tag","embeddable":true,"href":"https:\/\/purama.lt\/fi\/wp-json\/wp\/v2\/product_tag?post=32575"}],"curies":[{"name":"wp","href":"https:\/\/api.w.org\/{rel}","templated":true}]}}